{"id":987,"date":"2024-10-07T13:41:35","date_gmt":"2024-10-07T13:41:35","guid":{"rendered":"https:\/\/flamtec.es\/?post_type=product&#038;p=987"},"modified":"2024-10-18T17:37:10","modified_gmt":"2024-10-18T17:37:10","slug":"micro-valvula-3vias-eolo-mini-immergas-1-019081","status":"publish","type":"product","link":"https:\/\/flamtec.es\/fr\/produit\/micro-valvula-3vias-eolo-mini-immergas-1-019081\/","title":{"rendered":"MICRO VALVE 3 voies MICRO VALVE EOLO MINI IMMERGAS 1.019081"},"content":{"rendered":"<p><strong>Suner Code :<\/strong> IMM1019081<\/p>","protected":false},"excerpt":{"rendered":"<p>C\u00f3digo Suner: IMM1019081<\/p>","protected":false},"featured_media":988,"comment_status":"open","ping_status":"closed","template":"","meta":{"_acf_changed":false,"site-sidebar-layout":"default","site-content-layout":"","ast-site-content-layout":"default","site-content-style":"default","site-sidebar-style":"default","ast-global-header-display":"","ast-banner-title-visibility":"","ast-main-header-display":"","ast-hfb-above-header-display":"","ast-hfb-below-header-display":"","ast-hfb-mobile-header-display":"","site-post-title":"","ast-breadcrumbs-content":"","ast-featured-img":"","footer-sml-layout":"","ast-disable-related-posts":"","theme-transparent-header-meta":"default","adv-header-id-meta":"","stick-header-meta":"","header-above-stick-meta":"","header-main-stick-meta":"","header-below-stick-meta":"","astra-migrate-meta-layouts":"set","ast-page-background-enabled":"default","ast-page-background-meta":{"desktop":{"background-color":"var(--ast-global-color-4)","background-image":"","background-repeat":"repeat","background-position":"center center","background-size":"auto","background-attachment":"scroll","background-type":"","background-media":"","overlay-type":"","overlay-color":"","overlay-opacity":"","overlay-gradient":""},"tablet":{"background-color":"","background-image":"","background-repeat":"repeat","background-position":"center center","background-size":"auto","background-attachment":"scroll","background-type":"","background-media":"","overlay-type":"","overlay-color":"","overlay-opacity":"","overlay-gradient":""},"mobile":{"background-color":"","background-image":"","background-repeat":"repeat","background-position":"center center","background-size":"auto","background-attachment":"scroll","background-type":"","background-media":"","overlay-type":"","overlay-color":"","overlay-opacity":"","overlay-gradient":""}},"ast-content-background-meta":{"desktop":{"background-color":"var(--ast-global-color-5)","background-image":"","background-repeat":"repeat","background-position":"center center","background-size":"auto","background-attachment":"scroll","background-type":"","background-media":"","overlay-type":"","overlay-color":"","overlay-opacity":"","overlay-gradient":""},"tablet":{"background-color":"var(--ast-global-color-5)","background-image":"","background-repeat":"repeat","background-position":"center center","background-size":"auto","background-attachment":"scroll","background-type":"","background-media":"","overlay-type":"","overlay-color":"","overlay-opacity":"","overlay-gradient":""},"mobile":{"background-color":"var(--ast-global-color-5)","background-image":"","background-repeat":"repeat","background-position":"center center","background-size":"auto","background-attachment":"scroll","background-type":"","background-media":"","overlay-type":"","overlay-color":"","overlay-opacity":"","overlay-gradient":""}}},"product_brand":[],"product_cat":[62],"product_tag":[],"class_list":{"0":"post-987","1":"product","2":"type-product","3":"status-publish","4":"has-post-thumbnail","6":"product_cat-microrruptor","7":"desktop-align-left","8":"tablet-align-left","9":"mobile-align-left","11":"first","12":"instock","13":"taxable","14":"shipping-taxable","15":"purchasable","16":"product-type-simple"},"acf":[],"yoast_head":"<!-- This site is optimized with the Yoast SEO Premium plugin v27.2 (Yoast SEO v27.2) - https:\/\/yoast.com\/product\/yoast-seo-premium-wordpress\/ -->\n<title>MICRO VALVULA 3vias EOLO MINI IMMERGAS 1.019081 - Flamtec<\/title>\n<meta name=\"robots\" content=\"index, follow, max-snippet:-1, max-image-preview:large, max-video-preview:-1\" \/>\n<link rel=\"canonical\" href=\"https:\/\/flamtec.es\/fr\/product\/micro-valvula-3vias-eolo-mini-immergas-1-019081\/\" \/>\n<meta property=\"og:locale\" content=\"fr_FR\" \/>\n<meta property=\"og:type\" content=\"article\" \/>\n<meta property=\"og:title\" content=\"MICRO VALVULA 3vias EOLO MINI IMMERGAS 1.019081\" \/>\n<meta property=\"og:description\" content=\"C\u00f3digo Suner: IMM1019081\" \/>\n<meta property=\"og:url\" content=\"https:\/\/flamtec.es\/fr\/product\/micro-valvula-3vias-eolo-mini-immergas-1-019081\/\" \/>\n<meta property=\"og:site_name\" content=\"Flamtec\" \/>\n<meta property=\"article:modified_time\" content=\"2024-10-18T17:37:10+00:00\" \/>\n<meta property=\"og:image\" content=\"https:\/\/flamtec.es\/wp-content\/uploads\/2024\/10\/micro-valvula-3vias-eolo-mini-immergas-1019081-.jpg\" \/>\n\t<meta property=\"og:image:width\" content=\"1240\" \/>\n\t<meta property=\"og:image:height\" content=\"1302\" \/>\n\t<meta property=\"og:image:type\" content=\"image\/jpeg\" \/>\n<meta name=\"twitter:card\" content=\"summary_large_image\" \/>\n<meta name=\"twitter:label1\" content=\"Prix\" \/>\n\t<meta name=\"twitter:data1\" content=\"500,00&nbsp;&euro;\" \/>\n\t<meta name=\"twitter:label2\" content=\"Disponibilit\u00e9\" \/>\n\t<meta name=\"twitter:data2\" content=\"En stock\" \/>\n<script type=\"application\/ld+json\" class=\"yoast-schema-graph\">{\"@context\":\"https:\/\/schema.org\",\"@graph\":[{\"@type\":\"WebPage\",\"@id\":\"https:\/\/flamtec.es\/en\/product\/micro-valvula-3vias-eolo-mini-immergas-1-019081\/\",\"url\":\"https:\/\/flamtec.es\/en\/product\/micro-valvula-3vias-eolo-mini-immergas-1-019081\/\",\"name\":\"MICRO VALVULA 3vias EOLO MINI IMMERGAS 1.019081 - Flamtec\",\"isPartOf\":{\"@id\":\"https:\/\/flamtec.es\/en\/#website\"},\"primaryImageOfPage\":{\"@id\":\"https:\/\/flamtec.es\/en\/product\/micro-valvula-3vias-eolo-mini-immergas-1-019081\/#primaryimage\"},\"image\":{\"@id\":\"https:\/\/flamtec.es\/en\/product\/micro-valvula-3vias-eolo-mini-immergas-1-019081\/#primaryimage\"},\"thumbnailUrl\":\"https:\/\/flamtec.es\/wp-content\/uploads\/2024\/10\/micro-valvula-3vias-eolo-mini-immergas-1019081-.jpg\",\"datePublished\":\"2024-10-07T13:41:35+00:00\",\"dateModified\":\"2024-10-18T17:37:10+00:00\",\"breadcrumb\":{\"@id\":\"https:\/\/flamtec.es\/en\/product\/micro-valvula-3vias-eolo-mini-immergas-1-019081\/#breadcrumb\"},\"inLanguage\":\"fr-FR\",\"potentialAction\":[{\"@type\":\"ReadAction\",\"target\":[\"https:\/\/flamtec.es\/en\/product\/micro-valvula-3vias-eolo-mini-immergas-1-019081\/\"]}]},{\"@type\":\"ImageObject\",\"inLanguage\":\"fr-FR\",\"@id\":\"https:\/\/flamtec.es\/en\/product\/micro-valvula-3vias-eolo-mini-immergas-1-019081\/#primaryimage\",\"url\":\"https:\/\/flamtec.es\/wp-content\/uploads\/2024\/10\/micro-valvula-3vias-eolo-mini-immergas-1019081-.jpg\",\"contentUrl\":\"https:\/\/flamtec.es\/wp-content\/uploads\/2024\/10\/micro-valvula-3vias-eolo-mini-immergas-1019081-.jpg\",\"width\":1240,\"height\":1302},{\"@type\":\"BreadcrumbList\",\"@id\":\"https:\/\/flamtec.es\/en\/product\/micro-valvula-3vias-eolo-mini-immergas-1-019081\/#breadcrumb\",\"itemListElement\":[{\"@type\":\"ListItem\",\"position\":1,\"name\":\"Portada\",\"item\":\"https:\/\/flamtec.es\/\"},{\"@type\":\"ListItem\",\"position\":2,\"name\":\"Productos\",\"item\":\"https:\/\/flamtec.es\/en\/productos\/\"},{\"@type\":\"ListItem\",\"position\":3,\"name\":\"MICRO VALVULA 3vias EOLO MINI IMMERGAS 1.019081\"}]},{\"@type\":\"WebSite\",\"@id\":\"https:\/\/flamtec.es\/en\/#website\",\"url\":\"https:\/\/flamtec.es\/en\/\",\"name\":\"Flamtec Combusti\u00f3n Ib\u00e9rica\",\"description\":\"Tecnolog\u00eda de la Combusti\u00f3n\",\"publisher\":{\"@id\":\"https:\/\/flamtec.es\/en\/#organization\"},\"alternateName\":\"Flamtec\",\"potentialAction\":[{\"@type\":\"SearchAction\",\"target\":{\"@type\":\"EntryPoint\",\"urlTemplate\":\"https:\/\/flamtec.es\/en\/?s={search_term_string}\"},\"query-input\":{\"@type\":\"PropertyValueSpecification\",\"valueRequired\":true,\"valueName\":\"search_term_string\"}}],\"inLanguage\":\"fr-FR\"},{\"@type\":\"Organization\",\"@id\":\"https:\/\/flamtec.es\/en\/#organization\",\"name\":\"Flamtec Combusti\u00f3n Ib\u00e9rica\",\"alternateName\":\"Flamtec\",\"url\":\"https:\/\/flamtec.es\/en\/\",\"logo\":{\"@type\":\"ImageObject\",\"inLanguage\":\"fr-FR\",\"@id\":\"https:\/\/flamtec.es\/en\/#\/schema\/logo\/image\/\",\"url\":\"https:\/\/flamtec.es\/wp-content\/uploads\/2022\/12\/Logo-rgb.svg\",\"contentUrl\":\"https:\/\/flamtec.es\/wp-content\/uploads\/2022\/12\/Logo-rgb.svg\",\"width\":288,\"height\":202,\"caption\":\"Flamtec Combusti\u00f3n Ib\u00e9rica\"},\"image\":{\"@id\":\"https:\/\/flamtec.es\/en\/#\/schema\/logo\/image\/\"}}]}<\/script>\n<meta property=\"product:price:amount\" content=\"500.00\" \/>\n<meta property=\"product:price:currency\" content=\"EUR\" \/>\n<meta property=\"og:availability\" content=\"instock\" \/>\n<meta property=\"product:availability\" content=\"instock\" \/>\n<meta property=\"product:retailer_item_id\" content=\"IMM1019081\" \/>\n<meta property=\"product:condition\" content=\"new\" \/>\n<!-- \/ Yoast SEO Premium plugin. -->","yoast_head_json":{"title":"MICRO VALVULA 3vias EOLO MINI IMMERGAS 1.019081 - Flamtec","robots":{"index":"index","follow":"follow","max-snippet":"max-snippet:-1","max-image-preview":"max-image-preview:large","max-video-preview":"max-video-preview:-1"},"canonical":"https:\/\/flamtec.es\/fr\/product\/micro-valvula-3vias-eolo-mini-immergas-1-019081\/","og_locale":"fr_FR","og_type":"article","og_title":"MICRO VALVULA 3vias EOLO MINI IMMERGAS 1.019081","og_description":"C\u00f3digo Suner: IMM1019081","og_url":"https:\/\/flamtec.es\/fr\/product\/micro-valvula-3vias-eolo-mini-immergas-1-019081\/","og_site_name":"Flamtec","article_modified_time":"2024-10-18T17:37:10+00:00","og_image":[{"width":1240,"height":1302,"url":"https:\/\/flamtec.es\/wp-content\/uploads\/2024\/10\/micro-valvula-3vias-eolo-mini-immergas-1019081-.jpg","type":"image\/jpeg"}],"twitter_card":"summary_large_image","twitter_misc":{"Prix":"500,00&nbsp;&euro;","Disponibilit\u00e9":"En stock"},"schema":{"@context":"https:\/\/schema.org","@graph":[{"@type":"WebPage","@id":"https:\/\/flamtec.es\/en\/product\/micro-valvula-3vias-eolo-mini-immergas-1-019081\/","url":"https:\/\/flamtec.es\/en\/product\/micro-valvula-3vias-eolo-mini-immergas-1-019081\/","name":"MICRO VALVULA 3vias EOLO MINI IMMERGAS 1.019081 - Flamtec","isPartOf":{"@id":"https:\/\/flamtec.es\/en\/#website"},"primaryImageOfPage":{"@id":"https:\/\/flamtec.es\/en\/product\/micro-valvula-3vias-eolo-mini-immergas-1-019081\/#primaryimage"},"image":{"@id":"https:\/\/flamtec.es\/en\/product\/micro-valvula-3vias-eolo-mini-immergas-1-019081\/#primaryimage"},"thumbnailUrl":"https:\/\/flamtec.es\/wp-content\/uploads\/2024\/10\/micro-valvula-3vias-eolo-mini-immergas-1019081-.jpg","datePublished":"2024-10-07T13:41:35+00:00","dateModified":"2024-10-18T17:37:10+00:00","breadcrumb":{"@id":"https:\/\/flamtec.es\/en\/product\/micro-valvula-3vias-eolo-mini-immergas-1-019081\/#breadcrumb"},"inLanguage":"fr-FR","potentialAction":[{"@type":"ReadAction","target":["https:\/\/flamtec.es\/en\/product\/micro-valvula-3vias-eolo-mini-immergas-1-019081\/"]}]},{"@type":"ImageObject","inLanguage":"fr-FR","@id":"https:\/\/flamtec.es\/en\/product\/micro-valvula-3vias-eolo-mini-immergas-1-019081\/#primaryimage","url":"https:\/\/flamtec.es\/wp-content\/uploads\/2024\/10\/micro-valvula-3vias-eolo-mini-immergas-1019081-.jpg","contentUrl":"https:\/\/flamtec.es\/wp-content\/uploads\/2024\/10\/micro-valvula-3vias-eolo-mini-immergas-1019081-.jpg","width":1240,"height":1302},{"@type":"BreadcrumbList","@id":"https:\/\/flamtec.es\/en\/product\/micro-valvula-3vias-eolo-mini-immergas-1-019081\/#breadcrumb","itemListElement":[{"@type":"ListItem","position":1,"name":"Portada","item":"https:\/\/flamtec.es\/"},{"@type":"ListItem","position":2,"name":"Productos","item":"https:\/\/flamtec.es\/en\/productos\/"},{"@type":"ListItem","position":3,"name":"MICRO VALVULA 3vias EOLO MINI IMMERGAS 1.019081"}]},{"@type":"WebSite","@id":"https:\/\/flamtec.es\/en\/#website","url":"https:\/\/flamtec.es\/en\/","name":"Flamtec Combusti\u00f3n Ib\u00e9rica","description":"Tecnolog\u00eda de la Combusti\u00f3n","publisher":{"@id":"https:\/\/flamtec.es\/en\/#organization"},"alternateName":"Flamtec","potentialAction":[{"@type":"SearchAction","target":{"@type":"EntryPoint","urlTemplate":"https:\/\/flamtec.es\/en\/?s={search_term_string}"},"query-input":{"@type":"PropertyValueSpecification","valueRequired":true,"valueName":"search_term_string"}}],"inLanguage":"fr-FR"},{"@type":"Organization","@id":"https:\/\/flamtec.es\/en\/#organization","name":"Flamtec Combusti\u00f3n Ib\u00e9rica","alternateName":"Flamtec","url":"https:\/\/flamtec.es\/en\/","logo":{"@type":"ImageObject","inLanguage":"fr-FR","@id":"https:\/\/flamtec.es\/en\/#\/schema\/logo\/image\/","url":"https:\/\/flamtec.es\/wp-content\/uploads\/2022\/12\/Logo-rgb.svg","contentUrl":"https:\/\/flamtec.es\/wp-content\/uploads\/2022\/12\/Logo-rgb.svg","width":288,"height":202,"caption":"Flamtec Combusti\u00f3n Ib\u00e9rica"},"image":{"@id":"https:\/\/flamtec.es\/en\/#\/schema\/logo\/image\/"}}]},"product_price_amount":"500.00","product_price_currency":"EUR","og_availability":"instock","product_availability":"instock","product_retailer_item_id":"IMM1019081","product_condition":"new"},"_links":{"self":[{"href":"https:\/\/flamtec.es\/fr\/wp-json\/wp\/v2\/product\/987","targetHints":{"allow":["GET"]}}],"collection":[{"href":"https:\/\/flamtec.es\/fr\/wp-json\/wp\/v2\/product"}],"about":[{"href":"https:\/\/flamtec.es\/fr\/wp-json\/wp\/v2\/types\/product"}],"replies":[{"embeddable":true,"href":"https:\/\/flamtec.es\/fr\/wp-json\/wp\/v2\/comments?post=987"}],"wp:featuredmedia":[{"embeddable":true,"href":"https:\/\/flamtec.es\/fr\/wp-json\/wp\/v2\/media\/988"}],"wp:attachment":[{"href":"https:\/\/flamtec.es\/fr\/wp-json\/wp\/v2\/media?parent=987"}],"wp:term":[{"taxonomy":"product_brand","embeddable":true,"href":"https:\/\/flamtec.es\/fr\/wp-json\/wp\/v2\/product_brand?post=987"},{"taxonomy":"product_cat","embeddable":true,"href":"https:\/\/flamtec.es\/fr\/wp-json\/wp\/v2\/product_cat?post=987"},{"taxonomy":"product_tag","embeddable":true,"href":"https:\/\/flamtec.es\/fr\/wp-json\/wp\/v2\/product_tag?post=987"}],"curies":[{"name":"wp","href":"https:\/\/api.w.org\/{rel}","templated":true}]}}