{"id":868,"date":"2023-10-23T14:42:42","date_gmt":"2023-10-23T14:42:42","guid":{"rendered":"https:\/\/flamtec.es\/?post_type=product&#038;p=868"},"modified":"2023-10-31T19:46:43","modified_gmt":"2023-10-31T19:46:43","slug":"sistemas-bms","status":"publish","type":"product","link":"https:\/\/flamtec.es\/fr\/produit\/sistemas-bms\/","title":{"rendered":"Syst\u00e8mes de GTB"},"content":{"rendered":"<h4 class=\"s3\"><strong><span class=\"s2\">BMS <\/span><span class=\"s2\">ETC6000 <\/span><\/strong><\/h4>\n<p><span class=\"s4\">S<\/span><span class=\"s4\">Le syst\u00e8me de gestion des br\u00fbleurs ETC6000 est con\u00e7u pour g\u00e9rer les br\u00fbleurs modulants bicombustibles (gaz et fioul) en tant que profils monocombustibles ou profils mixtes.<\/span> <span class=\"s4\">Il existe des options pour le contr\u00f4le de la vitesse du ventilateur via un entra\u00eenement \u00e0 fr\u00e9quence variable (VFD) et le r\u00e9glage de l'oxyg\u00e8ne, qui am\u00e9liorent encore l'efficacit\u00e9 du br\u00fbleur. <\/span><\/p>\n<p><span class=\"s4\">D\u00e9tails du produit L'int\u00e9gration fonctionnelle du contr\u00f4le du br\u00fbleur, de la d\u00e9tection des fuites de gaz, du test des vannes de gaz, de la surveillance de la flamme, de la modulation PID et du contr\u00f4le du rapport air-carburant dans une seule unit\u00e9 simplifie le c\u00e2blage et les interconnexions et am\u00e9liore la fiabilit\u00e9. <\/span><\/p>\n<p><span class=\"s4\">La petite taille de la s\u00e9rie ETC6000 lui permet d'\u00eatre mont\u00e9e directement \u00e0 l'int\u00e9rieur du bo\u00eetier du br\u00fbleur.<\/span> <span class=\"s4\">L'ETC6000 a am\u00e9lior\u00e9 la combustion et la r\u00e9duction de la vitesse, ce qui permet d'\u00e9conomiser jusqu'\u00e0 5% en co\u00fbts de combustible et de r\u00e9duire consid\u00e9rablement les \u00e9missions nocives de CO2 et d'autres gaz de combustion. <\/span><\/p>\n<p><span class=\"s4\">Le mode '<\/span><span class=\"s4\">Plante<\/span><span class=\"s4\"> Master\" utilise Ethernet pour connecter jusqu'\u00e0 10 r\u00e9gulateurs de la s\u00e9rie ETC6000 \u00e0 l'interface utilisateur, ce qui rend plus facile que jamais l'exploration et l'analyse de nombreux r\u00e9sultats de chaudi\u00e8res.<\/span><\/p>\n<h4 class=\"s3\"><strong><span class=\"s2\">BMS<\/span><span class=\"s2\"> LMV<\/span><\/strong><\/h4>\n<p><span class=\"s5\">Le syst\u00e8me de gestion du br\u00fbleur LMV int\u00e8gre dans son unit\u00e9 de base le contr\u00f4le du br\u00fbleur, le contr\u00f4le \u00e9lectronique du rapport air-carburant et la vanne d'essai de gaz.<\/span><\/p>\n<p><span class=\"s5\">En option, le syst\u00e8me peut \u00eatre \u00e9quip\u00e9 d'un r\u00e9gulateur de charge, d'une commande VSD<\/span><\/p>\n<p><span class=\"s5\">. Le syst\u00e8me de gestion des br\u00fbleurs LMV simplifie non seulement la conception des br\u00fbleurs, mais rend \u00e9galement le processus de production, l'assemblage et le service plus efficaces.<\/span> <span class=\"s5\">La liaison complexe avec la commande m\u00e9canique du rapport air-carburant n'est plus n\u00e9cessaire et la flexibilit\u00e9 en termes de montage est consid\u00e9rablement accrue. <\/span><\/p>\n<p><strong><span class=\"s6\">Avantages :<\/span><\/strong><\/p>\n<ul>\n<li><span class=\"s5\">Test du robinet de gaz<br \/>\n<\/span><\/li>\n<li><span class=\"s5\">Communication optionnelle avec le contr\u00f4leur de charge <\/span><span class=\"s5\">modbus<br \/>\n<\/span><\/li>\n<li><span class=\"s5\">Application de la <\/span><span class=\"s5\">NOx<\/span><span class=\"s5\"> tr\u00e8s bas <\/span><\/li>\n<li><span class=\"s5\">Excellent rapport qualit\u00e9-prix <\/span><\/li>\n<li><span class=\"s5\">Optimisation de la combustion par le contr\u00f4le du r\u00e9glage de l'O2 <\/span><\/li>\n<li><span class=\"s5\">20 langues disponibles <\/span><\/li>\n<li><span class=\"s5\">Configuration optimis\u00e9e pour l'utilisateur Installation et maintenance ais\u00e9es Temps de s\u00e9curit\u00e9 r\u00e9glables conform\u00e9ment \u00e0 la norme EN746 <\/span><\/li>\n<li><span class=\"s5\">Extr\u00eamement polyvalent pour une large gamme d'applications industrielles. <\/span><\/li>\n<li><span class=\"s5\">Syst\u00e8me LMV5 adapt\u00e9 jusqu'\u00e0 SIL3<\/span><\/li>\n<\/ul>\n<h4><strong><span class=\"s2\">BM<\/span><span class=\"s2\">S CMS<\/span><\/strong><\/h4>\n<p><span class=\"s7\">Syst\u00e8me de gestion de la combustion : l'\u00e9volution de la gestion de la combustion <\/span><\/p>\n<p><span class=\"s4\">Qu'il s'agisse d'une combustion industrielle standard ou d'une application complexe, le syst\u00e8me r\u00e9volutionnaire de gestion des br\u00fbleurs CMS \u00e9tablit de nouvelles normes en mati\u00e8re d'automatisation du contr\u00f4le. <\/span><\/p>\n<p><strong><span class=\"s7\">Modulaire :<\/span><\/strong><span class=\"s4\"> Le CMS est simple et facile \u00e0 configurer pour r\u00e9pondre \u00e0 une gamme large et vari\u00e9e d'exigences d'application, des petits br\u00fbleurs industriels aux grands syst\u00e8mes complexes ;<\/span> <span class=\"s4\">tout est contr\u00f4lable. <\/span><\/p>\n<p><strong><span class=\"s7\">La s\u00e9curit\u00e9 :<\/span><\/strong><span class=\"s4\"> Les modules sont reli\u00e9s par un BUS SYST\u00c8ME LSB de s\u00e9curit\u00e9. Communications : Le CMS utilise MODBUS TCP comme interface standard.<\/span><span class=\"s4\">D'autres communications par bus de terrain telles que PROFINET, PROFIBUS et MODBUS RTU sont \u00e9galement prises en charge. <\/span><\/p>\n<p><strong><span class=\"s7\">Simple :<\/span><\/strong><span class=\"s4\"> CMS est l'acronyme de \"<\/span><span class=\"s4\">Combustion<\/span> <span class=\"s4\">Fabriqu\u00e9<\/span><span class=\"s4\"> Simple\" ;<\/span> <span class=\"s4\">en soulignant l'interface utilisateur intuitive bas\u00e9e sur le graphisme. <\/span><\/p>\n<p><strong><span class=\"s7\">Personnalisable :<\/span><\/strong><span class=\"s4\"> Les interfaces graphiques standard sont le simple UI400 et l'\u00e9cran tactile couleur GUI607 de 7 pouces.<\/span> <span class=\"s4\">Cependant, le CMS est tr\u00e8s flexible avec les IHM et est \u00e9galement disponible pour fournir des \u00e9crans tactiles couleur de 10\" (GUI610) et 15\" (GUI15).<\/span> <span class=\"s4\">En outre, il est possible de connecter des IHM suppl\u00e9mentaires pour permettre le contr\u00f4le \u00e0 diff\u00e9rents endroits du site. <\/span><\/p>\n<p><strong><span class=\"s7\">Polyvalent<\/span><span class=\"s4\">: <\/span><\/strong><span class=\"s4\">Douceur<\/span><span class=\"s4\">PLC int\u00e9gr\u00e9 (CODESYS) pour des affectations de contr\u00f4le \u00e0 s\u00e9curit\u00e9 int\u00e9gr\u00e9e. <\/span><\/p>\n<p><span class=\"s4\"><strong>Flexibilit\u00e9 :<\/strong> Les entr\u00e9es et les sorties du syst\u00e8me de br\u00fbleurs peuvent \u00eatre librement affect\u00e9es aux modules CMS.<\/span><span class=\"s8\">.<\/span><\/p>\n<p>&nbsp;<\/p>","protected":false},"excerpt":{"rendered":"<p>BMS ETC6000 Burner Management System ETC6000 est con\u00e7u pour g\u00e9rer les br\u00fbleurs modulants bicombustibles (gaz et mazout) en tant que profils monocombustibles ou profils mixtes. Il existe des options pour le contr\u00f4le de la vitesse du ventilateur via un entra\u00eenement \u00e0 fr\u00e9quence variable (VFD) et le r\u00e9glage de l'oxyg\u00e8ne, qui am\u00e9liorent encore l'efficacit\u00e9 du br\u00fbleur. D\u00e9tails [...]<\/p>","protected":false},"featured_media":911,"comment_status":"open","ping_status":"closed","template":"","meta":{"_acf_changed":false,"site-sidebar-layout":"default","site-content-layout":"default","ast-site-content-layout":"default","site-content-style":"default","site-sidebar-style":"default","ast-global-header-display":"","ast-banner-title-visibility":"","ast-main-header-display":"","ast-hfb-above-header-display":"","ast-hfb-below-header-display":"","ast-hfb-mobile-header-display":"","site-post-title":"","ast-breadcrumbs-content":"","ast-featured-img":"","footer-sml-layout":"","ast-disable-related-posts":"","theme-transparent-header-meta":"default","adv-header-id-meta":"","stick-header-meta":"","header-above-stick-meta":"","header-main-stick-meta":"","header-below-stick-meta":"","astra-migrate-meta-layouts":"default","ast-page-background-enabled":"default","ast-page-background-meta":{"desktop":{"background-color":"var(--ast-global-color-4)","background-image":"","background-repeat":"repeat","background-position":"center center","background-size":"auto","background-attachment":"scroll","background-type":"","background-media":"","overlay-type":"","overlay-color":"","overlay-opacity":"","overlay-gradient":""},"tablet":{"background-color":"","background-image":"","background-repeat":"repeat","background-position":"center center","background-size":"auto","background-attachment":"scroll","background-type":"","background-media":"","overlay-type":"","overlay-color":"","overlay-opacity":"","overlay-gradient":""},"mobile":{"background-color":"","background-image":"","background-repeat":"repeat","background-position":"center center","background-size":"auto","background-attachment":"scroll","background-type":"","background-media":"","overlay-type":"","overlay-color":"","overlay-opacity":"","overlay-gradient":""}},"ast-content-background-meta":{"desktop":{"background-color":"var(--ast-global-color-5)","background-image":"","background-repeat":"repeat","background-position":"center center","background-size":"auto","background-attachment":"scroll","background-type":"","background-media":"","overlay-type":"","overlay-color":"","overlay-opacity":"","overlay-gradient":""},"tablet":{"background-color":"var(--ast-global-color-5)","background-image":"","background-repeat":"repeat","background-position":"center center","background-size":"auto","background-attachment":"scroll","background-type":"","background-media":"","overlay-type":"","overlay-color":"","overlay-opacity":"","overlay-gradient":""},"mobile":{"background-color":"var(--ast-global-color-5)","background-image":"","background-repeat":"repeat","background-position":"center center","background-size":"auto","background-attachment":"scroll","background-type":"","background-media":"","overlay-type":"","overlay-color":"","overlay-opacity":"","overlay-gradient":""}}},"product_brand":[],"product_cat":[59],"product_tag":[],"class_list":{"0":"post-868","1":"product","2":"type-product","3":"status-publish","4":"has-post-thumbnail","6":"product_cat-complementos","7":"desktop-align-left","8":"tablet-align-left","9":"mobile-align-left","11":"first","12":"instock","13":"taxable","14":"shipping-taxable","15":"product-type-simple"},"acf":[],"yoast_head":"<!-- This site is optimized with the Yoast SEO Premium plugin v27.4 (Yoast SEO v27.4) - https:\/\/yoast.com\/product\/yoast-seo-premium-wordpress\/ -->\n<title>Sistemas BMS - Flamtec<\/title>\n<meta name=\"robots\" content=\"index, follow, max-snippet:-1, max-image-preview:large, max-video-preview:-1\" \/>\n<link rel=\"canonical\" href=\"https:\/\/flamtec.es\/fr\/produit\/sistemas-bms\/\" \/>\n<meta property=\"og:locale\" content=\"fr_FR\" \/>\n<meta property=\"og:type\" content=\"article\" \/>\n<meta property=\"og:title\" content=\"Sistemas BMS\" \/>\n<meta property=\"og:description\" content=\"BMS ETC6000 Sistema de gesti\u00f3n de quemadores ETC6000 est\u00e1 dise\u00f1ado para gestionar quemadores modulantes de combustible dual (gas y petr\u00f3leo) como perfiles de combustible \u00fanico o perfiles mixtos. Hay opciones de control de velocidad del ventilador mediante un variador de frecuencia (VFD) y ajuste de ox\u00edgeno, que mejoran a\u00fan m\u00e1s la eficiencia del quemador. Detalles [&hellip;]\" \/>\n<meta property=\"og:url\" content=\"https:\/\/flamtec.es\/fr\/produit\/sistemas-bms\/\" \/>\n<meta property=\"og:site_name\" content=\"Flamtec\" \/>\n<meta property=\"article:modified_time\" content=\"2023-10-31T19:46:43+00:00\" \/>\n<meta property=\"og:image\" content=\"https:\/\/flamtec.es\/wp-content\/uploads\/2023\/10\/BMS-1.jpg\" \/>\n\t<meta property=\"og:image:width\" content=\"2555\" \/>\n\t<meta property=\"og:image:height\" content=\"2124\" \/>\n\t<meta property=\"og:image:type\" content=\"image\/jpeg\" \/>\n<meta name=\"twitter:card\" content=\"summary_large_image\" \/>\n<meta name=\"twitter:label1\" content=\"Prix\" \/>\n\t<meta name=\"twitter:data1\" content=\"\" \/>\n\t<meta name=\"twitter:label2\" content=\"Disponibilit\u00e9\" \/>\n\t<meta name=\"twitter:data2\" content=\"En stock\" \/>\n<script type=\"application\/ld+json\" class=\"yoast-schema-graph\">{\"@context\":\"https:\\\/\\\/schema.org\",\"@graph\":[{\"@type\":\"WebPage\",\"@id\":\"https:\\\/\\\/flamtec.es\\\/producto\\\/sistemas-bms\\\/\",\"url\":\"https:\\\/\\\/flamtec.es\\\/producto\\\/sistemas-bms\\\/\",\"name\":\"Sistemas BMS - Flamtec\",\"isPartOf\":{\"@id\":\"https:\\\/\\\/flamtec.es\\\/en\\\/#website\"},\"primaryImageOfPage\":{\"@id\":\"https:\\\/\\\/flamtec.es\\\/producto\\\/sistemas-bms\\\/#primaryimage\"},\"image\":{\"@id\":\"https:\\\/\\\/flamtec.es\\\/producto\\\/sistemas-bms\\\/#primaryimage\"},\"thumbnailUrl\":\"https:\\\/\\\/flamtec.es\\\/wp-content\\\/uploads\\\/2023\\\/10\\\/BMS-1.jpg\",\"datePublished\":\"2023-10-23T14:42:42+00:00\",\"dateModified\":\"2023-10-31T19:46:43+00:00\",\"breadcrumb\":{\"@id\":\"https:\\\/\\\/flamtec.es\\\/producto\\\/sistemas-bms\\\/#breadcrumb\"},\"inLanguage\":\"fr-FR\",\"potentialAction\":[{\"@type\":\"ReadAction\",\"target\":[\"https:\\\/\\\/flamtec.es\\\/producto\\\/sistemas-bms\\\/\"]}]},{\"@type\":\"ImageObject\",\"inLanguage\":\"fr-FR\",\"@id\":\"https:\\\/\\\/flamtec.es\\\/producto\\\/sistemas-bms\\\/#primaryimage\",\"url\":\"https:\\\/\\\/flamtec.es\\\/wp-content\\\/uploads\\\/2023\\\/10\\\/BMS-1.jpg\",\"contentUrl\":\"https:\\\/\\\/flamtec.es\\\/wp-content\\\/uploads\\\/2023\\\/10\\\/BMS-1.jpg\",\"width\":2555,\"height\":2124},{\"@type\":\"BreadcrumbList\",\"@id\":\"https:\\\/\\\/flamtec.es\\\/producto\\\/sistemas-bms\\\/#breadcrumb\",\"itemListElement\":[{\"@type\":\"ListItem\",\"position\":1,\"name\":\"Portada\",\"item\":\"https:\\\/\\\/flamtec.es\\\/\"},{\"@type\":\"ListItem\",\"position\":2,\"name\":\"Productos\",\"item\":\"https:\\\/\\\/flamtec.es\\\/en\\\/productos\\\/\"},{\"@type\":\"ListItem\",\"position\":3,\"name\":\"Sistemas BMS\"}]},{\"@type\":\"WebSite\",\"@id\":\"https:\\\/\\\/flamtec.es\\\/en\\\/#website\",\"url\":\"https:\\\/\\\/flamtec.es\\\/en\\\/\",\"name\":\"Flamtec Combusti\u00f3n Ib\u00e9rica\",\"description\":\"Tecnolog\u00eda de la Combusti\u00f3n\",\"publisher\":{\"@id\":\"https:\\\/\\\/flamtec.es\\\/en\\\/#organization\"},\"alternateName\":\"Flamtec\",\"potentialAction\":[{\"@type\":\"SearchAction\",\"target\":{\"@type\":\"EntryPoint\",\"urlTemplate\":\"https:\\\/\\\/flamtec.es\\\/en\\\/?s={search_term_string}\"},\"query-input\":{\"@type\":\"PropertyValueSpecification\",\"valueRequired\":true,\"valueName\":\"search_term_string\"}}],\"inLanguage\":\"fr-FR\"},{\"@type\":\"Organization\",\"@id\":\"https:\\\/\\\/flamtec.es\\\/en\\\/#organization\",\"name\":\"Flamtec Combusti\u00f3n Ib\u00e9rica\",\"alternateName\":\"Flamtec\",\"url\":\"https:\\\/\\\/flamtec.es\\\/en\\\/\",\"logo\":{\"@type\":\"ImageObject\",\"inLanguage\":\"fr-FR\",\"@id\":\"https:\\\/\\\/flamtec.es\\\/en\\\/#\\\/schema\\\/logo\\\/image\\\/\",\"url\":\"https:\\\/\\\/flamtec.es\\\/wp-content\\\/uploads\\\/2022\\\/12\\\/Logo-rgb.svg\",\"contentUrl\":\"https:\\\/\\\/flamtec.es\\\/wp-content\\\/uploads\\\/2022\\\/12\\\/Logo-rgb.svg\",\"width\":288,\"height\":202,\"caption\":\"Flamtec Combusti\u00f3n Ib\u00e9rica\"},\"image\":{\"@id\":\"https:\\\/\\\/flamtec.es\\\/en\\\/#\\\/schema\\\/logo\\\/image\\\/\"}}]}<\/script>\n<meta property=\"product:price:currency\" content=\"EUR\" \/>\n<meta property=\"og:availability\" content=\"instock\" \/>\n<meta property=\"product:availability\" content=\"instock\" \/>\n<meta property=\"product:condition\" content=\"new\" \/>\n<!-- \/ Yoast SEO Premium plugin. -->","yoast_head_json":{"title":"Sistemas BMS - Flamtec","robots":{"index":"index","follow":"follow","max-snippet":"max-snippet:-1","max-image-preview":"max-image-preview:large","max-video-preview":"max-video-preview:-1"},"canonical":"https:\/\/flamtec.es\/fr\/produit\/sistemas-bms\/","og_locale":"fr_FR","og_type":"article","og_title":"Sistemas BMS","og_description":"BMS ETC6000 Sistema de gesti\u00f3n de quemadores ETC6000 est\u00e1 dise\u00f1ado para gestionar quemadores modulantes de combustible dual (gas y petr\u00f3leo) como perfiles de combustible \u00fanico o perfiles mixtos. Hay opciones de control de velocidad del ventilador mediante un variador de frecuencia (VFD) y ajuste de ox\u00edgeno, que mejoran a\u00fan m\u00e1s la eficiencia del quemador. Detalles [&hellip;]","og_url":"https:\/\/flamtec.es\/fr\/produit\/sistemas-bms\/","og_site_name":"Flamtec","article_modified_time":"2023-10-31T19:46:43+00:00","og_image":[{"width":2555,"height":2124,"url":"https:\/\/flamtec.es\/wp-content\/uploads\/2023\/10\/BMS-1.jpg","type":"image\/jpeg"}],"twitter_card":"summary_large_image","twitter_misc":{"Prix":"","Disponibilit\u00e9":"En stock"},"schema":{"@context":"https:\/\/schema.org","@graph":[{"@type":"WebPage","@id":"https:\/\/flamtec.es\/producto\/sistemas-bms\/","url":"https:\/\/flamtec.es\/producto\/sistemas-bms\/","name":"Sistemas BMS - Flamtec","isPartOf":{"@id":"https:\/\/flamtec.es\/en\/#website"},"primaryImageOfPage":{"@id":"https:\/\/flamtec.es\/producto\/sistemas-bms\/#primaryimage"},"image":{"@id":"https:\/\/flamtec.es\/producto\/sistemas-bms\/#primaryimage"},"thumbnailUrl":"https:\/\/flamtec.es\/wp-content\/uploads\/2023\/10\/BMS-1.jpg","datePublished":"2023-10-23T14:42:42+00:00","dateModified":"2023-10-31T19:46:43+00:00","breadcrumb":{"@id":"https:\/\/flamtec.es\/producto\/sistemas-bms\/#breadcrumb"},"inLanguage":"fr-FR","potentialAction":[{"@type":"ReadAction","target":["https:\/\/flamtec.es\/producto\/sistemas-bms\/"]}]},{"@type":"ImageObject","inLanguage":"fr-FR","@id":"https:\/\/flamtec.es\/producto\/sistemas-bms\/#primaryimage","url":"https:\/\/flamtec.es\/wp-content\/uploads\/2023\/10\/BMS-1.jpg","contentUrl":"https:\/\/flamtec.es\/wp-content\/uploads\/2023\/10\/BMS-1.jpg","width":2555,"height":2124},{"@type":"BreadcrumbList","@id":"https:\/\/flamtec.es\/producto\/sistemas-bms\/#breadcrumb","itemListElement":[{"@type":"ListItem","position":1,"name":"Portada","item":"https:\/\/flamtec.es\/"},{"@type":"ListItem","position":2,"name":"Productos","item":"https:\/\/flamtec.es\/en\/productos\/"},{"@type":"ListItem","position":3,"name":"Sistemas BMS"}]},{"@type":"WebSite","@id":"https:\/\/flamtec.es\/en\/#website","url":"https:\/\/flamtec.es\/en\/","name":"Flamtec Combusti\u00f3n Ib\u00e9rica","description":"Tecnolog\u00eda de la Combusti\u00f3n","publisher":{"@id":"https:\/\/flamtec.es\/en\/#organization"},"alternateName":"Flamtec","potentialAction":[{"@type":"SearchAction","target":{"@type":"EntryPoint","urlTemplate":"https:\/\/flamtec.es\/en\/?s={search_term_string}"},"query-input":{"@type":"PropertyValueSpecification","valueRequired":true,"valueName":"search_term_string"}}],"inLanguage":"fr-FR"},{"@type":"Organization","@id":"https:\/\/flamtec.es\/en\/#organization","name":"Flamtec Combusti\u00f3n Ib\u00e9rica","alternateName":"Flamtec","url":"https:\/\/flamtec.es\/en\/","logo":{"@type":"ImageObject","inLanguage":"fr-FR","@id":"https:\/\/flamtec.es\/en\/#\/schema\/logo\/image\/","url":"https:\/\/flamtec.es\/wp-content\/uploads\/2022\/12\/Logo-rgb.svg","contentUrl":"https:\/\/flamtec.es\/wp-content\/uploads\/2022\/12\/Logo-rgb.svg","width":288,"height":202,"caption":"Flamtec Combusti\u00f3n Ib\u00e9rica"},"image":{"@id":"https:\/\/flamtec.es\/en\/#\/schema\/logo\/image\/"}}]},"product_price_currency":"EUR","og_availability":"instock","product_availability":"instock","product_condition":"new"},"_links":{"self":[{"href":"https:\/\/flamtec.es\/fr\/wp-json\/wp\/v2\/product\/868","targetHints":{"allow":["GET"]}}],"collection":[{"href":"https:\/\/flamtec.es\/fr\/wp-json\/wp\/v2\/product"}],"about":[{"href":"https:\/\/flamtec.es\/fr\/wp-json\/wp\/v2\/types\/product"}],"replies":[{"embeddable":true,"href":"https:\/\/flamtec.es\/fr\/wp-json\/wp\/v2\/comments?post=868"}],"wp:featuredmedia":[{"embeddable":true,"href":"https:\/\/flamtec.es\/fr\/wp-json\/wp\/v2\/media\/911"}],"wp:attachment":[{"href":"https:\/\/flamtec.es\/fr\/wp-json\/wp\/v2\/media?parent=868"}],"wp:term":[{"taxonomy":"product_brand","embeddable":true,"href":"https:\/\/flamtec.es\/fr\/wp-json\/wp\/v2\/product_brand?post=868"},{"taxonomy":"product_cat","embeddable":true,"href":"https:\/\/flamtec.es\/fr\/wp-json\/wp\/v2\/product_cat?post=868"},{"taxonomy":"product_tag","embeddable":true,"href":"https:\/\/flamtec.es\/fr\/wp-json\/wp\/v2\/product_tag?post=868"}],"curies":[{"name":"wp","href":"https:\/\/api.w.org\/{rel}","templated":true}]}}