{"id":840,"date":"2023-10-23T14:12:00","date_gmt":"2023-10-23T14:12:00","guid":{"rendered":"https:\/\/flamtec.es\/?post_type=product&#038;p=840"},"modified":"2023-11-06T15:37:01","modified_gmt":"2023-11-06T15:37:01","slug":"flio-90","status":"publish","type":"product","link":"https:\/\/flamtec.es\/fr\/produit\/flio-90\/","title":{"rendered":"FLIO 90"},"content":{"rendered":"<h4><strong>Applications<\/strong><\/h4>\n<p class=\"s4\"><strong><span class=\"s5\">Acier<\/span><\/strong><\/p>\n<ul>\n<li class=\"s4\"><span class=\"s6\">Fours de fusion<\/span><\/li>\n<li class=\"s4\"><span class=\"s6\">Fours de chauffage<\/span><\/li>\n<li class=\"s4\"><span class=\"s6\">Fours de traitement thermique<\/span><\/li>\n<\/ul>\n<p class=\"s4\"><strong><span class=\"s5\">M\u00e9taux lourds<\/span><span class=\"s5\"> m\u00e9taux non ferreux et l\u00e9gers<\/span><\/strong><\/p>\n<ul>\n<li class=\"s4\"><span class=\"s6\">Fours de fusion<\/span><\/li>\n<li class=\"s4\"><span class=\"s6\">Fours de chauffage<\/span><\/li>\n<li class=\"s4\"><span class=\"s6\">Fours de traitement thermique<\/span><\/li>\n<\/ul>\n<p class=\"s4\"><strong><span class=\"s5\">Usine<\/span><span class=\"s5\"> l'industrie de la brique et de la c\u00e9ramique<\/span><\/strong><\/p>\n<ul>\n<li class=\"s4\"><span class=\"s6\">Fours<\/span><\/li>\n<li class=\"s4\"><span class=\"s6\">Fours discontinus<\/span><\/li>\n<li class=\"s4\"><span class=\"s6\">Fours \u00e0 tunnel<\/span><\/li>\n<\/ul>\n<p><strong><span class=\"s5\">Autres processus et installations<\/span><\/strong><\/p>\n<ul>\n<li class=\"s4\"><span class=\"s6\">Installations de postcombustion<\/span><\/li>\n<li class=\"s4\"><span class=\"s6\">G\u00e9n\u00e9rateurs d'air chaud<\/span><\/li>\n<li><span class=\"s6\">Installations de s\u00e9chage<\/span> <span class=\"s6\">(production de papier ou industrie alimentaire)<\/span><\/li>\n<li><span class=\"s7\">Utilisation comme br\u00fbleur d'allumage ou br\u00fbleur de colle<\/span><\/li>\n<\/ul>","protected":false},"excerpt":{"rendered":"<p>Applications Sid\u00e9rurgie Fours de fusion Fours de chauffage Fours de traitement thermique Fours de traitement thermique M\u00e9taux lourds non ferreux et m\u00e9taux l\u00e9gers Fours de fusion Fours de chauffage Fours de traitement thermique Briqueterie et industrie c\u00e9ramique Fours Fours discontinus Fours \u00e0 tunnel Autres proc\u00e9d\u00e9s et installations Post-br\u00fbleurs G\u00e9n\u00e9rateurs d'air chaud [...]<\/p>","protected":false},"featured_media":836,"comment_status":"open","ping_status":"closed","template":"","meta":{"_acf_changed":false,"site-sidebar-layout":"default","site-content-layout":"default","ast-site-content-layout":"default","site-content-style":"default","site-sidebar-style":"default","ast-global-header-display":"","ast-banner-title-visibility":"","ast-main-header-display":"","ast-hfb-above-header-display":"","ast-hfb-below-header-display":"","ast-hfb-mobile-header-display":"","site-post-title":"","ast-breadcrumbs-content":"","ast-featured-img":"","footer-sml-layout":"","ast-disable-related-posts":"","theme-transparent-header-meta":"default","adv-header-id-meta":"","stick-header-meta":"","header-above-stick-meta":"","header-main-stick-meta":"","header-below-stick-meta":"","astra-migrate-meta-layouts":"default","ast-page-background-enabled":"default","ast-page-background-meta":{"desktop":{"background-color":"var(--ast-global-color-4)","background-image":"","background-repeat":"repeat","background-position":"center center","background-size":"auto","background-attachment":"scroll","background-type":"","background-media":"","overlay-type":"","overlay-color":"","overlay-opacity":"","overlay-gradient":""},"tablet":{"background-color":"","background-image":"","background-repeat":"repeat","background-position":"center center","background-size":"auto","background-attachment":"scroll","background-type":"","background-media":"","overlay-type":"","overlay-color":"","overlay-opacity":"","overlay-gradient":""},"mobile":{"background-color":"","background-image":"","background-repeat":"repeat","background-position":"center center","background-size":"auto","background-attachment":"scroll","background-type":"","background-media":"","overlay-type":"","overlay-color":"","overlay-opacity":"","overlay-gradient":""}},"ast-content-background-meta":{"desktop":{"background-color":"var(--ast-global-color-5)","background-image":"","background-repeat":"repeat","background-position":"center center","background-size":"auto","background-attachment":"scroll","background-type":"","background-media":"","overlay-type":"","overlay-color":"","overlay-opacity":"","overlay-gradient":""},"tablet":{"background-color":"var(--ast-global-color-5)","background-image":"","background-repeat":"repeat","background-position":"center center","background-size":"auto","background-attachment":"scroll","background-type":"","background-media":"","overlay-type":"","overlay-color":"","overlay-opacity":"","overlay-gradient":""},"mobile":{"background-color":"var(--ast-global-color-5)","background-image":"","background-repeat":"repeat","background-position":"center center","background-size":"auto","background-attachment":"scroll","background-type":"","background-media":"","overlay-type":"","overlay-color":"","overlay-opacity":"","overlay-gradient":""}}},"product_brand":[],"product_cat":[58],"product_tag":[],"class_list":{"0":"post-840","1":"product","2":"type-product","3":"status-publish","4":"has-post-thumbnail","6":"product_cat-quemadores-de-proceso","7":"desktop-align-left","8":"tablet-align-left","9":"mobile-align-left","11":"first","12":"instock","13":"taxable","14":"shipping-taxable","15":"product-type-simple"},"acf":[],"yoast_head":"<!-- This site is optimized with the Yoast SEO Premium plugin v27.2 (Yoast SEO v27.2) - https:\/\/yoast.com\/product\/yoast-seo-premium-wordpress\/ -->\n<title>FLIO 90 - Flamtec<\/title>\n<meta name=\"robots\" content=\"index, follow, max-snippet:-1, max-image-preview:large, max-video-preview:-1\" \/>\n<link rel=\"canonical\" href=\"https:\/\/flamtec.es\/fr\/produit\/flio-90\/\" \/>\n<meta property=\"og:locale\" content=\"fr_FR\" \/>\n<meta property=\"og:type\" content=\"article\" \/>\n<meta property=\"og:title\" content=\"FLIO 90\" \/>\n<meta property=\"og:description\" content=\"Aplicaciones Siderurgia Hornos de fusi\u00f3n Hornos de calefacci\u00f3n Hornos de tratamiento t\u00e9rmico Metales \u00a0pesados no ferrosos y metales ligeros Hornos de fusi\u00f3n Hornos de calefacci\u00f3n Hornos de tratamiento t\u00e9rmico Fabrica de ladrillos y la industria cer\u00e1mica Hornos Hornos por lotes Hornos de t\u00fanel Otros procesos e instalaciones Instalaciones de post combusti\u00f3n Generadores de aire caliente [&hellip;]\" \/>\n<meta property=\"og:url\" content=\"https:\/\/flamtec.es\/fr\/produit\/flio-90\/\" \/>\n<meta property=\"og:site_name\" content=\"Flamtec\" \/>\n<meta property=\"article:modified_time\" content=\"2023-11-06T15:37:01+00:00\" \/>\n<meta property=\"og:image\" content=\"https:\/\/flamtec.es\/wp-content\/uploads\/2023\/10\/3-ft.jpg\" \/>\n\t<meta property=\"og:image:width\" content=\"1000\" \/>\n\t<meta property=\"og:image:height\" content=\"1000\" \/>\n\t<meta property=\"og:image:type\" content=\"image\/jpeg\" \/>\n<meta name=\"twitter:card\" content=\"summary_large_image\" \/>\n<meta name=\"twitter:label1\" content=\"Prix\" \/>\n\t<meta name=\"twitter:data1\" content=\"\" \/>\n\t<meta name=\"twitter:label2\" content=\"Disponibilit\u00e9\" \/>\n\t<meta name=\"twitter:data2\" content=\"En stock\" \/>\n<script type=\"application\/ld+json\" class=\"yoast-schema-graph\">{\"@context\":\"https:\/\/schema.org\",\"@graph\":[{\"@type\":\"WebPage\",\"@id\":\"https:\/\/flamtec.es\/fr\/produit\/flio-90\/\",\"url\":\"https:\/\/flamtec.es\/fr\/produit\/flio-90\/\",\"name\":\"FLIO 90 - Flamtec\",\"isPartOf\":{\"@id\":\"https:\/\/flamtec.es\/en\/#website\"},\"primaryImageOfPage\":{\"@id\":\"https:\/\/flamtec.es\/fr\/produit\/flio-90\/#primaryimage\"},\"image\":{\"@id\":\"https:\/\/flamtec.es\/fr\/produit\/flio-90\/#primaryimage\"},\"thumbnailUrl\":\"https:\/\/flamtec.es\/wp-content\/uploads\/2023\/10\/3-ft.jpg\",\"datePublished\":\"2023-10-23T14:12:00+00:00\",\"dateModified\":\"2023-11-06T15:37:01+00:00\",\"breadcrumb\":{\"@id\":\"https:\/\/flamtec.es\/fr\/produit\/flio-90\/#breadcrumb\"},\"inLanguage\":\"fr-FR\",\"potentialAction\":[{\"@type\":\"ReadAction\",\"target\":[\"https:\/\/flamtec.es\/fr\/produit\/flio-90\/\"]}]},{\"@type\":\"ImageObject\",\"inLanguage\":\"fr-FR\",\"@id\":\"https:\/\/flamtec.es\/fr\/produit\/flio-90\/#primaryimage\",\"url\":\"https:\/\/flamtec.es\/wp-content\/uploads\/2023\/10\/3-ft.jpg\",\"contentUrl\":\"https:\/\/flamtec.es\/wp-content\/uploads\/2023\/10\/3-ft.jpg\",\"width\":1000,\"height\":1000},{\"@type\":\"BreadcrumbList\",\"@id\":\"https:\/\/flamtec.es\/fr\/produit\/flio-90\/#breadcrumb\",\"itemListElement\":[{\"@type\":\"ListItem\",\"position\":1,\"name\":\"Portada\",\"item\":\"https:\/\/flamtec.es\/\"},{\"@type\":\"ListItem\",\"position\":2,\"name\":\"Productos\",\"item\":\"https:\/\/flamtec.es\/en\/productos\/\"},{\"@type\":\"ListItem\",\"position\":3,\"name\":\"FLIO 90\"}]},{\"@type\":\"WebSite\",\"@id\":\"https:\/\/flamtec.es\/en\/#website\",\"url\":\"https:\/\/flamtec.es\/en\/\",\"name\":\"Flamtec Combusti\u00f3n Ib\u00e9rica\",\"description\":\"Tecnolog\u00eda de la Combusti\u00f3n\",\"publisher\":{\"@id\":\"https:\/\/flamtec.es\/en\/#organization\"},\"alternateName\":\"Flamtec\",\"potentialAction\":[{\"@type\":\"SearchAction\",\"target\":{\"@type\":\"EntryPoint\",\"urlTemplate\":\"https:\/\/flamtec.es\/en\/?s={search_term_string}\"},\"query-input\":{\"@type\":\"PropertyValueSpecification\",\"valueRequired\":true,\"valueName\":\"search_term_string\"}}],\"inLanguage\":\"fr-FR\"},{\"@type\":\"Organization\",\"@id\":\"https:\/\/flamtec.es\/en\/#organization\",\"name\":\"Flamtec Combusti\u00f3n Ib\u00e9rica\",\"alternateName\":\"Flamtec\",\"url\":\"https:\/\/flamtec.es\/en\/\",\"logo\":{\"@type\":\"ImageObject\",\"inLanguage\":\"fr-FR\",\"@id\":\"https:\/\/flamtec.es\/en\/#\/schema\/logo\/image\/\",\"url\":\"https:\/\/flamtec.es\/wp-content\/uploads\/2022\/12\/Logo-rgb.svg\",\"contentUrl\":\"https:\/\/flamtec.es\/wp-content\/uploads\/2022\/12\/Logo-rgb.svg\",\"width\":288,\"height\":202,\"caption\":\"Flamtec Combusti\u00f3n Ib\u00e9rica\"},\"image\":{\"@id\":\"https:\/\/flamtec.es\/en\/#\/schema\/logo\/image\/\"}}]}<\/script>\n<meta property=\"product:price:currency\" content=\"EUR\" \/>\n<meta property=\"og:availability\" content=\"instock\" \/>\n<meta property=\"product:availability\" content=\"instock\" \/>\n<meta property=\"product:condition\" content=\"new\" \/>\n<!-- \/ Yoast SEO Premium plugin. -->","yoast_head_json":{"title":"FLIO 90 - Flamtec","robots":{"index":"index","follow":"follow","max-snippet":"max-snippet:-1","max-image-preview":"max-image-preview:large","max-video-preview":"max-video-preview:-1"},"canonical":"https:\/\/flamtec.es\/fr\/produit\/flio-90\/","og_locale":"fr_FR","og_type":"article","og_title":"FLIO 90","og_description":"Aplicaciones Siderurgia Hornos de fusi\u00f3n Hornos de calefacci\u00f3n Hornos de tratamiento t\u00e9rmico Metales \u00a0pesados no ferrosos y metales ligeros Hornos de fusi\u00f3n Hornos de calefacci\u00f3n Hornos de tratamiento t\u00e9rmico Fabrica de ladrillos y la industria cer\u00e1mica Hornos Hornos por lotes Hornos de t\u00fanel Otros procesos e instalaciones Instalaciones de post combusti\u00f3n Generadores de aire caliente [&hellip;]","og_url":"https:\/\/flamtec.es\/fr\/produit\/flio-90\/","og_site_name":"Flamtec","article_modified_time":"2023-11-06T15:37:01+00:00","og_image":[{"width":1000,"height":1000,"url":"https:\/\/flamtec.es\/wp-content\/uploads\/2023\/10\/3-ft.jpg","type":"image\/jpeg"}],"twitter_card":"summary_large_image","twitter_misc":{"Prix":"","Disponibilit\u00e9":"En stock"},"schema":{"@context":"https:\/\/schema.org","@graph":[{"@type":"WebPage","@id":"https:\/\/flamtec.es\/fr\/produit\/flio-90\/","url":"https:\/\/flamtec.es\/fr\/produit\/flio-90\/","name":"FLIO 90 - Flamtec","isPartOf":{"@id":"https:\/\/flamtec.es\/en\/#website"},"primaryImageOfPage":{"@id":"https:\/\/flamtec.es\/fr\/produit\/flio-90\/#primaryimage"},"image":{"@id":"https:\/\/flamtec.es\/fr\/produit\/flio-90\/#primaryimage"},"thumbnailUrl":"https:\/\/flamtec.es\/wp-content\/uploads\/2023\/10\/3-ft.jpg","datePublished":"2023-10-23T14:12:00+00:00","dateModified":"2023-11-06T15:37:01+00:00","breadcrumb":{"@id":"https:\/\/flamtec.es\/fr\/produit\/flio-90\/#breadcrumb"},"inLanguage":"fr-FR","potentialAction":[{"@type":"ReadAction","target":["https:\/\/flamtec.es\/fr\/produit\/flio-90\/"]}]},{"@type":"ImageObject","inLanguage":"fr-FR","@id":"https:\/\/flamtec.es\/fr\/produit\/flio-90\/#primaryimage","url":"https:\/\/flamtec.es\/wp-content\/uploads\/2023\/10\/3-ft.jpg","contentUrl":"https:\/\/flamtec.es\/wp-content\/uploads\/2023\/10\/3-ft.jpg","width":1000,"height":1000},{"@type":"BreadcrumbList","@id":"https:\/\/flamtec.es\/fr\/produit\/flio-90\/#breadcrumb","itemListElement":[{"@type":"ListItem","position":1,"name":"Portada","item":"https:\/\/flamtec.es\/"},{"@type":"ListItem","position":2,"name":"Productos","item":"https:\/\/flamtec.es\/en\/productos\/"},{"@type":"ListItem","position":3,"name":"FLIO 90"}]},{"@type":"WebSite","@id":"https:\/\/flamtec.es\/en\/#website","url":"https:\/\/flamtec.es\/en\/","name":"Flamtec Combusti\u00f3n Ib\u00e9rica","description":"Tecnolog\u00eda de la Combusti\u00f3n","publisher":{"@id":"https:\/\/flamtec.es\/en\/#organization"},"alternateName":"Flamtec","potentialAction":[{"@type":"SearchAction","target":{"@type":"EntryPoint","urlTemplate":"https:\/\/flamtec.es\/en\/?s={search_term_string}"},"query-input":{"@type":"PropertyValueSpecification","valueRequired":true,"valueName":"search_term_string"}}],"inLanguage":"fr-FR"},{"@type":"Organization","@id":"https:\/\/flamtec.es\/en\/#organization","name":"Flamtec Combusti\u00f3n Ib\u00e9rica","alternateName":"Flamtec","url":"https:\/\/flamtec.es\/en\/","logo":{"@type":"ImageObject","inLanguage":"fr-FR","@id":"https:\/\/flamtec.es\/en\/#\/schema\/logo\/image\/","url":"https:\/\/flamtec.es\/wp-content\/uploads\/2022\/12\/Logo-rgb.svg","contentUrl":"https:\/\/flamtec.es\/wp-content\/uploads\/2022\/12\/Logo-rgb.svg","width":288,"height":202,"caption":"Flamtec Combusti\u00f3n Ib\u00e9rica"},"image":{"@id":"https:\/\/flamtec.es\/en\/#\/schema\/logo\/image\/"}}]},"product_price_currency":"EUR","og_availability":"instock","product_availability":"instock","product_condition":"new"},"_links":{"self":[{"href":"https:\/\/flamtec.es\/fr\/wp-json\/wp\/v2\/product\/840","targetHints":{"allow":["GET"]}}],"collection":[{"href":"https:\/\/flamtec.es\/fr\/wp-json\/wp\/v2\/product"}],"about":[{"href":"https:\/\/flamtec.es\/fr\/wp-json\/wp\/v2\/types\/product"}],"replies":[{"embeddable":true,"href":"https:\/\/flamtec.es\/fr\/wp-json\/wp\/v2\/comments?post=840"}],"wp:featuredmedia":[{"embeddable":true,"href":"https:\/\/flamtec.es\/fr\/wp-json\/wp\/v2\/media\/836"}],"wp:attachment":[{"href":"https:\/\/flamtec.es\/fr\/wp-json\/wp\/v2\/media?parent=840"}],"wp:term":[{"taxonomy":"product_brand","embeddable":true,"href":"https:\/\/flamtec.es\/fr\/wp-json\/wp\/v2\/product_brand?post=840"},{"taxonomy":"product_cat","embeddable":true,"href":"https:\/\/flamtec.es\/fr\/wp-json\/wp\/v2\/product_cat?post=840"},{"taxonomy":"product_tag","embeddable":true,"href":"https:\/\/flamtec.es\/fr\/wp-json\/wp\/v2\/product_tag?post=840"}],"curies":[{"name":"wp","href":"https:\/\/api.w.org\/{rel}","templated":true}]}}