{"id":807,"date":"2023-10-20T19:48:18","date_gmt":"2023-10-20T19:48:18","guid":{"rendered":"https:\/\/flamtec.es\/?post_type=product&#038;p=807"},"modified":"2023-11-09T01:37:07","modified_gmt":"2023-11-09T01:37:07","slug":"dsc-20-1-ghm-quemador-duoblock","status":"publish","type":"product","link":"https:\/\/flamtec.es\/fr\/produit\/dsc-20-1-ghm-quemador-duoblock\/","title":{"rendered":"Br\u00fbleur DSC 20.1 GHM DUOBLOC"},"content":{"rendered":"<p><strong>Br\u00fbleurs duoblocs avec r\u00e9gulation modulante de la puissance <\/strong><\/p>\n<ol>\n<li>Br\u00fbleurs duoblocs avec enveloppe et t\u00eate de combustion en acier haute temp\u00e9rature.<\/li>\n<li>Les combustibles suivants peuvent \u00eatre utilis\u00e9s : \u00e7\n<ul>\n<li><strong>Gaz naturel, PCI 6,99 ... 11,39 kWh\/m3 ; <\/strong><\/li>\n<li><strong> GPL, PCI 25,89 kWh\/m3 <\/strong><\/li>\n<li><strong>Biogaz <\/strong><\/li>\n<li><strong> Huile lourde, viscosit\u00e9 50\u00b0E \u00e0 50\u00b0C, LWP 10,97 kWh\/kg<\/strong><\/li>\n<\/ul>\n<\/li>\n<li>Il convient \u00e0 la vapeur, aux chaudi\u00e8res \u00e0 eau chaude, aux fours, aux s\u00e9choirs, aux g\u00e9n\u00e9rateurs d'huile thermique, etc.<\/li>\n<li>Chaque br\u00fbleur peut \u00eatre adapt\u00e9 aux besoins de l'installation.<\/li>\n<li>La programmation num\u00e9rique se fait \u00e0 l'\u00e9cran ou \u00e0 l'aide d'un ordinateur, en suivant des instructions simples.<\/li>\n<li>L'avantage suppl\u00e9mentaire du syst\u00e8me r\u00e9side dans la connaissance pr\u00e9cise de toutes les commandes et de tous les \u00e9tats du syst\u00e8me dans son ensemble.<\/li>\n<li>En outre, le syst\u00e8me \u00e0 microprocesseur assure les fonctions suivantes :<\/li>\n<li>Contr\u00f4le et surveillance des phases de d\u00e9marrage et de fonctionnement du br\u00fbleur, avec la possibilit\u00e9 de configurer les modes et les temps programm\u00e9s ;<\/li>\n<li>La facilit\u00e9 de conception et l'utilisation d'un air de combustion pr\u00e9chauff\u00e9 tout en permettant des \u00e9conomies d'\u00e9nergie en augmentant l'efficacit\u00e9 de l'\u00e9conomiseur de combustion utilis\u00e9 par le syst\u00e8me.<\/li>\n<li>\u00a0Contr\u00f4le de la flamme, avec diff\u00e9rents dispositifs de surveillance, pour un fonctionnement intermittent ou continu (plus de 24 heures) ;<\/li>\n<li>Le syst\u00e8me int\u00e9gr\u00e9 de contr\u00f4le des vannes de gaz v\u00e9rifie l'absence de fuites \u00e0 chaque cycle du br\u00fbleur pour une s\u00e9curit\u00e9 accrue.<\/li>\n<li>Jusqu'\u00e0 15 points programmables pour chaque courbe de rapport air-carburant<\/li>\n<li>Les niveaux d'acc\u00e8s sont prot\u00e9g\u00e9s par des mots de passe sp\u00e9cifiques correspondant aux diff\u00e9rents types d'utilisateurs (visualisation par le client, programmation par le technicien, etc.)<\/li>\n<li>Le syst\u00e8me peut \u00eatre compl\u00e9t\u00e9 en l'int\u00e9grant \u00e0 un syst\u00e8me de r\u00e9glage automatique de l'exc\u00e8s d'air par capteur d'oxyg\u00e8ne avec action sur la position du volet d'air.<\/li>\n<li>Enfin, le syst\u00e8me de r\u00e9glage de la vitesse du ventilateur avec variateur de vitesse permet de r\u00e9aliser un maximum d'\u00e9conomies d'\u00e9nergie, qu'il s'agisse de combustible ou d'\u00e9nergie \u00e9lectrique.<\/li>\n<li>Fan de moto dissoci\u00e9<\/li>\n<li>Protection standard des pi\u00e8ces m\u00e9caniques IP 54.<\/li>\n<li>Protection IP 65 sur demande.<\/li>\n<li>La g\u00e9om\u00e9trie de la flamme peut \u00eatre ajust\u00e9e en fonction de la chambre de combustion.<\/li>\n<li>Le rapport de modulation est de 1\/4 et est tr\u00e8s avantageux par rapport \u00e0 nos concurrents.<\/li>\n<li><strong>\u00a0Respect des directives suivantes :<\/strong><\/li>\n<\/ol>\n<ul>\n<li>89\/336 (2004\/108) CEE<\/li>\n<li>73\/23\/CEE<\/li>\n<li>98\/37\/CEE<\/li>\n<li>90\/396\/CEE<\/li>\n<li>EN 676<\/li>\n<\/ul>\n<p><strong>OPTIONS<\/strong><\/p>\n<ul>\n<li>Analyseur d'O2 en continu pour une efficacit\u00e9 accrue.<\/li>\n<li>Analyseur de CO en continu pour un syst\u00e8me de contr\u00f4le sensible.<\/li>\n<li>Variateur de vitesse (inverter) pour prolonger la dur\u00e9e de vie du produit.<\/li>\n<li>Protection IP 65 sur demande.<\/li>\n<li>Possibilit\u00e9 de s\u00e9lectionner la t\u00eate de pr\u00e9-m\u00e9lange pour un faible taux de NOx.<\/li>\n<li>Recirculation interne ou externe des gaz de combustion pour de faibles \u00e9missions.<\/li>\n<li>Combustion simultan\u00e9e.<\/li>\n<li>Ventilateur insonoris\u00e9.<\/li>\n<\/ul>","protected":false},"excerpt":{"rendered":"<p>Br\u00fbleurs duoblocs avec r\u00e9gulation de puissance modulante Br\u00fbleurs duoblocs avec carcasse et t\u00eate de combustion en acier haute temp\u00e9rature. Les combustibles suivants peuvent \u00eatre utilis\u00e9s : \u00e7 Gaz naturel, PCI 6,99 ... 11,39 kWh\/m3 ; GPL, PCI 25,89 kWh\/m3 Biogaz Huile lourde, viscosit\u00e9 50\u00b0E \u00e0 50\u00b0C, PCI 10,97 kWh\/kg Convient pour vapeur, chaudi\u00e8re \u00e0 eau chaude, chaudi\u00e8re \u00e0 eau chaude, [...]<\/p>","protected":false},"featured_media":808,"comment_status":"open","ping_status":"closed","template":"","meta":{"_acf_changed":false,"site-sidebar-layout":"default","site-content-layout":"default","ast-site-content-layout":"default","site-content-style":"default","site-sidebar-style":"default","ast-global-header-display":"","ast-banner-title-visibility":"","ast-main-header-display":"","ast-hfb-above-header-display":"","ast-hfb-below-header-display":"","ast-hfb-mobile-header-display":"","site-post-title":"","ast-breadcrumbs-content":"","ast-featured-img":"","footer-sml-layout":"","ast-disable-related-posts":"","theme-transparent-header-meta":"default","adv-header-id-meta":"","stick-header-meta":"","header-above-stick-meta":"","header-main-stick-meta":"","header-below-stick-meta":"","astra-migrate-meta-layouts":"default","ast-page-background-enabled":"default","ast-page-background-meta":{"desktop":{"background-color":"var(--ast-global-color-4)","background-image":"","background-repeat":"repeat","background-position":"center center","background-size":"auto","background-attachment":"scroll","background-type":"","background-media":"","overlay-type":"","overlay-color":"","overlay-opacity":"","overlay-gradient":""},"tablet":{"background-color":"","background-image":"","background-repeat":"repeat","background-position":"center center","background-size":"auto","background-attachment":"scroll","background-type":"","background-media":"","overlay-type":"","overlay-color":"","overlay-opacity":"","overlay-gradient":""},"mobile":{"background-color":"","background-image":"","background-repeat":"repeat","background-position":"center center","background-size":"auto","background-attachment":"scroll","background-type":"","background-media":"","overlay-type":"","overlay-color":"","overlay-opacity":"","overlay-gradient":""}},"ast-content-background-meta":{"desktop":{"background-color":"var(--ast-global-color-5)","background-image":"","background-repeat":"repeat","background-position":"center center","background-size":"auto","background-attachment":"scroll","background-type":"","background-media":"","overlay-type":"","overlay-color":"","overlay-opacity":"","overlay-gradient":""},"tablet":{"background-color":"var(--ast-global-color-5)","background-image":"","background-repeat":"repeat","background-position":"center center","background-size":"auto","background-attachment":"scroll","background-type":"","background-media":"","overlay-type":"","overlay-color":"","overlay-opacity":"","overlay-gradient":""},"mobile":{"background-color":"var(--ast-global-color-5)","background-image":"","background-repeat":"repeat","background-position":"center center","background-size":"auto","background-attachment":"scroll","background-type":"","background-media":"","overlay-type":"","overlay-color":"","overlay-opacity":"","overlay-gradient":""}}},"product_brand":[],"product_cat":[26],"product_tag":[],"class_list":{"0":"post-807","1":"product","2":"type-product","3":"status-publish","4":"has-post-thumbnail","6":"product_cat-quemadores-gas-fuel","7":"desktop-align-left","8":"tablet-align-left","9":"mobile-align-left","11":"first","12":"instock","13":"taxable","14":"shipping-taxable","15":"product-type-simple"},"acf":[],"yoast_head":"<!-- This site is optimized with the Yoast SEO Premium plugin v27.2 (Yoast SEO v27.2) - https:\/\/yoast.com\/product\/yoast-seo-premium-wordpress\/ -->\n<title>DSC 20.1 GHM Quemador DUOBLOC - Flamtec<\/title>\n<meta name=\"robots\" content=\"index, follow, max-snippet:-1, max-image-preview:large, max-video-preview:-1\" \/>\n<link rel=\"canonical\" href=\"https:\/\/flamtec.es\/fr\/produit\/dsc-20-1-ghm-quemador-duoblock\/\" \/>\n<meta property=\"og:locale\" content=\"fr_FR\" \/>\n<meta property=\"og:type\" content=\"article\" \/>\n<meta property=\"og:title\" content=\"DSC 20.1 GHM Quemador DUOBLOC\" \/>\n<meta property=\"og:description\" content=\"Quemadores duobloc con regulaci\u00f3n de la potencia modulante Quemadores duobloc con envolvente y cabezal de combusti\u00f3n de acero de alta temperatura. Se pueden utilizar los siguientes combustibles:\u00a0\u00e7 Gas natural, PCI 6,99 \u2026 11,39 kWh\/m3; LPG, PCI 25,89 kWh\/m3 Biogas Aceite pesado, viscosidad 50\u00b0E a 50\u00b0C,PCI 10,97 kWh\/kg Es adecuado para vapor, caldera de agua caliente, [&hellip;]\" \/>\n<meta property=\"og:url\" content=\"https:\/\/flamtec.es\/fr\/produit\/dsc-20-1-ghm-quemador-duoblock\/\" \/>\n<meta property=\"og:site_name\" content=\"Flamtec\" \/>\n<meta property=\"article:modified_time\" content=\"2023-11-09T01:37:07+00:00\" \/>\n<meta property=\"og:image\" content=\"https:\/\/flamtec.es\/wp-content\/uploads\/2023\/10\/Modulating-heavy-oil-duoblock-burner.jpg\" \/>\n\t<meta property=\"og:image:width\" content=\"1000\" \/>\n\t<meta property=\"og:image:height\" content=\"1000\" \/>\n\t<meta property=\"og:image:type\" content=\"image\/jpeg\" \/>\n<meta name=\"twitter:card\" content=\"summary_large_image\" \/>\n<meta name=\"twitter:label1\" content=\"Prix\" \/>\n\t<meta name=\"twitter:data1\" content=\"\" \/>\n\t<meta name=\"twitter:label2\" content=\"Disponibilit\u00e9\" \/>\n\t<meta name=\"twitter:data2\" content=\"En stock\" \/>\n<script type=\"application\/ld+json\" class=\"yoast-schema-graph\">{\"@context\":\"https:\/\/schema.org\",\"@graph\":[{\"@type\":\"WebPage\",\"@id\":\"https:\/\/flamtec.es\/producto\/dsc-20-1-ghm-quemador-duoblock\/\",\"url\":\"https:\/\/flamtec.es\/producto\/dsc-20-1-ghm-quemador-duoblock\/\",\"name\":\"DSC 20.1 GHM Quemador DUOBLOC - Flamtec\",\"isPartOf\":{\"@id\":\"https:\/\/flamtec.es\/en\/#website\"},\"primaryImageOfPage\":{\"@id\":\"https:\/\/flamtec.es\/producto\/dsc-20-1-ghm-quemador-duoblock\/#primaryimage\"},\"image\":{\"@id\":\"https:\/\/flamtec.es\/producto\/dsc-20-1-ghm-quemador-duoblock\/#primaryimage\"},\"thumbnailUrl\":\"https:\/\/flamtec.es\/wp-content\/uploads\/2023\/10\/Modulating-heavy-oil-duoblock-burner.jpg\",\"datePublished\":\"2023-10-20T19:48:18+00:00\",\"dateModified\":\"2023-11-09T01:37:07+00:00\",\"breadcrumb\":{\"@id\":\"https:\/\/flamtec.es\/producto\/dsc-20-1-ghm-quemador-duoblock\/#breadcrumb\"},\"inLanguage\":\"fr-FR\",\"potentialAction\":[{\"@type\":\"ReadAction\",\"target\":[\"https:\/\/flamtec.es\/producto\/dsc-20-1-ghm-quemador-duoblock\/\"]}]},{\"@type\":\"ImageObject\",\"inLanguage\":\"fr-FR\",\"@id\":\"https:\/\/flamtec.es\/producto\/dsc-20-1-ghm-quemador-duoblock\/#primaryimage\",\"url\":\"https:\/\/flamtec.es\/wp-content\/uploads\/2023\/10\/Modulating-heavy-oil-duoblock-burner.jpg\",\"contentUrl\":\"https:\/\/flamtec.es\/wp-content\/uploads\/2023\/10\/Modulating-heavy-oil-duoblock-burner.jpg\",\"width\":1000,\"height\":1000},{\"@type\":\"BreadcrumbList\",\"@id\":\"https:\/\/flamtec.es\/producto\/dsc-20-1-ghm-quemador-duoblock\/#breadcrumb\",\"itemListElement\":[{\"@type\":\"ListItem\",\"position\":1,\"name\":\"Portada\",\"item\":\"https:\/\/flamtec.es\/\"},{\"@type\":\"ListItem\",\"position\":2,\"name\":\"Productos\",\"item\":\"https:\/\/flamtec.es\/en\/productos\/\"},{\"@type\":\"ListItem\",\"position\":3,\"name\":\"DSC 20.1 GHM Quemador DUOBLOC\"}]},{\"@type\":\"WebSite\",\"@id\":\"https:\/\/flamtec.es\/en\/#website\",\"url\":\"https:\/\/flamtec.es\/en\/\",\"name\":\"Flamtec Combusti\u00f3n Ib\u00e9rica\",\"description\":\"Tecnolog\u00eda de la Combusti\u00f3n\",\"publisher\":{\"@id\":\"https:\/\/flamtec.es\/en\/#organization\"},\"alternateName\":\"Flamtec\",\"potentialAction\":[{\"@type\":\"SearchAction\",\"target\":{\"@type\":\"EntryPoint\",\"urlTemplate\":\"https:\/\/flamtec.es\/en\/?s={search_term_string}\"},\"query-input\":{\"@type\":\"PropertyValueSpecification\",\"valueRequired\":true,\"valueName\":\"search_term_string\"}}],\"inLanguage\":\"fr-FR\"},{\"@type\":\"Organization\",\"@id\":\"https:\/\/flamtec.es\/en\/#organization\",\"name\":\"Flamtec Combusti\u00f3n Ib\u00e9rica\",\"alternateName\":\"Flamtec\",\"url\":\"https:\/\/flamtec.es\/en\/\",\"logo\":{\"@type\":\"ImageObject\",\"inLanguage\":\"fr-FR\",\"@id\":\"https:\/\/flamtec.es\/en\/#\/schema\/logo\/image\/\",\"url\":\"https:\/\/flamtec.es\/wp-content\/uploads\/2022\/12\/Logo-rgb.svg\",\"contentUrl\":\"https:\/\/flamtec.es\/wp-content\/uploads\/2022\/12\/Logo-rgb.svg\",\"width\":288,\"height\":202,\"caption\":\"Flamtec Combusti\u00f3n Ib\u00e9rica\"},\"image\":{\"@id\":\"https:\/\/flamtec.es\/en\/#\/schema\/logo\/image\/\"}}]}<\/script>\n<meta property=\"product:price:currency\" content=\"EUR\" \/>\n<meta property=\"og:availability\" content=\"instock\" \/>\n<meta property=\"product:availability\" content=\"instock\" \/>\n<meta property=\"product:condition\" content=\"new\" \/>\n<!-- \/ Yoast SEO Premium plugin. -->","yoast_head_json":{"title":"DSC 20.1 GHM Quemador DUOBLOC - Flamtec","robots":{"index":"index","follow":"follow","max-snippet":"max-snippet:-1","max-image-preview":"max-image-preview:large","max-video-preview":"max-video-preview:-1"},"canonical":"https:\/\/flamtec.es\/fr\/produit\/dsc-20-1-ghm-quemador-duoblock\/","og_locale":"fr_FR","og_type":"article","og_title":"DSC 20.1 GHM Quemador DUOBLOC","og_description":"Quemadores duobloc con regulaci\u00f3n de la potencia modulante Quemadores duobloc con envolvente y cabezal de combusti\u00f3n de acero de alta temperatura. Se pueden utilizar los siguientes combustibles:\u00a0\u00e7 Gas natural, PCI 6,99 \u2026 11,39 kWh\/m3; LPG, PCI 25,89 kWh\/m3 Biogas Aceite pesado, viscosidad 50\u00b0E a 50\u00b0C,PCI 10,97 kWh\/kg Es adecuado para vapor, caldera de agua caliente, [&hellip;]","og_url":"https:\/\/flamtec.es\/fr\/produit\/dsc-20-1-ghm-quemador-duoblock\/","og_site_name":"Flamtec","article_modified_time":"2023-11-09T01:37:07+00:00","og_image":[{"width":1000,"height":1000,"url":"https:\/\/flamtec.es\/wp-content\/uploads\/2023\/10\/Modulating-heavy-oil-duoblock-burner.jpg","type":"image\/jpeg"}],"twitter_card":"summary_large_image","twitter_misc":{"Prix":"","Disponibilit\u00e9":"En stock"},"schema":{"@context":"https:\/\/schema.org","@graph":[{"@type":"WebPage","@id":"https:\/\/flamtec.es\/producto\/dsc-20-1-ghm-quemador-duoblock\/","url":"https:\/\/flamtec.es\/producto\/dsc-20-1-ghm-quemador-duoblock\/","name":"DSC 20.1 GHM Quemador DUOBLOC - Flamtec","isPartOf":{"@id":"https:\/\/flamtec.es\/en\/#website"},"primaryImageOfPage":{"@id":"https:\/\/flamtec.es\/producto\/dsc-20-1-ghm-quemador-duoblock\/#primaryimage"},"image":{"@id":"https:\/\/flamtec.es\/producto\/dsc-20-1-ghm-quemador-duoblock\/#primaryimage"},"thumbnailUrl":"https:\/\/flamtec.es\/wp-content\/uploads\/2023\/10\/Modulating-heavy-oil-duoblock-burner.jpg","datePublished":"2023-10-20T19:48:18+00:00","dateModified":"2023-11-09T01:37:07+00:00","breadcrumb":{"@id":"https:\/\/flamtec.es\/producto\/dsc-20-1-ghm-quemador-duoblock\/#breadcrumb"},"inLanguage":"fr-FR","potentialAction":[{"@type":"ReadAction","target":["https:\/\/flamtec.es\/producto\/dsc-20-1-ghm-quemador-duoblock\/"]}]},{"@type":"ImageObject","inLanguage":"fr-FR","@id":"https:\/\/flamtec.es\/producto\/dsc-20-1-ghm-quemador-duoblock\/#primaryimage","url":"https:\/\/flamtec.es\/wp-content\/uploads\/2023\/10\/Modulating-heavy-oil-duoblock-burner.jpg","contentUrl":"https:\/\/flamtec.es\/wp-content\/uploads\/2023\/10\/Modulating-heavy-oil-duoblock-burner.jpg","width":1000,"height":1000},{"@type":"BreadcrumbList","@id":"https:\/\/flamtec.es\/producto\/dsc-20-1-ghm-quemador-duoblock\/#breadcrumb","itemListElement":[{"@type":"ListItem","position":1,"name":"Portada","item":"https:\/\/flamtec.es\/"},{"@type":"ListItem","position":2,"name":"Productos","item":"https:\/\/flamtec.es\/en\/productos\/"},{"@type":"ListItem","position":3,"name":"DSC 20.1 GHM Quemador DUOBLOC"}]},{"@type":"WebSite","@id":"https:\/\/flamtec.es\/en\/#website","url":"https:\/\/flamtec.es\/en\/","name":"Flamtec Combusti\u00f3n Ib\u00e9rica","description":"Tecnolog\u00eda de la Combusti\u00f3n","publisher":{"@id":"https:\/\/flamtec.es\/en\/#organization"},"alternateName":"Flamtec","potentialAction":[{"@type":"SearchAction","target":{"@type":"EntryPoint","urlTemplate":"https:\/\/flamtec.es\/en\/?s={search_term_string}"},"query-input":{"@type":"PropertyValueSpecification","valueRequired":true,"valueName":"search_term_string"}}],"inLanguage":"fr-FR"},{"@type":"Organization","@id":"https:\/\/flamtec.es\/en\/#organization","name":"Flamtec Combusti\u00f3n Ib\u00e9rica","alternateName":"Flamtec","url":"https:\/\/flamtec.es\/en\/","logo":{"@type":"ImageObject","inLanguage":"fr-FR","@id":"https:\/\/flamtec.es\/en\/#\/schema\/logo\/image\/","url":"https:\/\/flamtec.es\/wp-content\/uploads\/2022\/12\/Logo-rgb.svg","contentUrl":"https:\/\/flamtec.es\/wp-content\/uploads\/2022\/12\/Logo-rgb.svg","width":288,"height":202,"caption":"Flamtec Combusti\u00f3n Ib\u00e9rica"},"image":{"@id":"https:\/\/flamtec.es\/en\/#\/schema\/logo\/image\/"}}]},"product_price_currency":"EUR","og_availability":"instock","product_availability":"instock","product_condition":"new"},"_links":{"self":[{"href":"https:\/\/flamtec.es\/fr\/wp-json\/wp\/v2\/product\/807","targetHints":{"allow":["GET"]}}],"collection":[{"href":"https:\/\/flamtec.es\/fr\/wp-json\/wp\/v2\/product"}],"about":[{"href":"https:\/\/flamtec.es\/fr\/wp-json\/wp\/v2\/types\/product"}],"replies":[{"embeddable":true,"href":"https:\/\/flamtec.es\/fr\/wp-json\/wp\/v2\/comments?post=807"}],"wp:featuredmedia":[{"embeddable":true,"href":"https:\/\/flamtec.es\/fr\/wp-json\/wp\/v2\/media\/808"}],"wp:attachment":[{"href":"https:\/\/flamtec.es\/fr\/wp-json\/wp\/v2\/media?parent=807"}],"wp:term":[{"taxonomy":"product_brand","embeddable":true,"href":"https:\/\/flamtec.es\/fr\/wp-json\/wp\/v2\/product_brand?post=807"},{"taxonomy":"product_cat","embeddable":true,"href":"https:\/\/flamtec.es\/fr\/wp-json\/wp\/v2\/product_cat?post=807"},{"taxonomy":"product_tag","embeddable":true,"href":"https:\/\/flamtec.es\/fr\/wp-json\/wp\/v2\/product_tag?post=807"}],"curies":[{"name":"wp","href":"https:\/\/api.w.org\/{rel}","templated":true}]}}