{"id":725,"date":"2023-05-10T17:27:57","date_gmt":"2023-05-10T17:27:57","guid":{"rendered":"https:\/\/flamtec.es\/?post_type=product&#038;p=725"},"modified":"2023-11-09T01:42:43","modified_gmt":"2023-11-09T01:42:43","slug":"sc-11-2-glm-modulante-regu-mecanica","status":"publish","type":"product","link":"https:\/\/flamtec.es\/fr\/produit\/sc-11-2-glm-modulante-regu-mecanica\/","title":{"rendered":"SC 11.2 GLM R\u00e9gulateur m\u00e9canique modulant"},"content":{"rendered":"<p><strong>Br\u00fbleurs monoblocs avec r\u00e9gulation m\u00e9canique modulante de la puissance<\/strong><\/p>\n<ol>\n<li>Br\u00fbleurs duobloc avec bo\u00eetier et t\u00eate de combustion en acier haute temp\u00e9rature.<\/li>\n<li>Les carburants suivants peuvent \u00eatre utilis\u00e9s:\n<ul>\n<li><strong>Gaz naturel, PCI 6,99 ... 11,39 kWh\/m3 ; <\/strong><\/li>\n<li><strong>GPL, PCI 25,89 kWh\/m3 <\/strong><strong>\u00a0\u00a0 <\/strong><\/li>\n<li><strong>Biogaz <\/strong><strong>\u00a0\u00a0\u00a0\u00a0\u00a0\u00a0\u00a0\u00a0\u00a0 <\/strong><\/li>\n<li><strong>Huile l\u00e9g\u00e8re, viscosit\u00e9 6 mm2\/s \u00e0 20\u00b0C, PCI 11,86 kWh\/kg<\/strong><\/li>\n<\/ul>\n<\/li>\n<li>Il convient \u00e0 la vapeur, aux chaudi\u00e8res \u00e0 eau chaude, aux fours, aux s\u00e9choirs, aux g\u00e9n\u00e9rateurs d'huile thermique, etc.<\/li>\n<li>Chaque br\u00fbleur peut \u00eatre adapt\u00e9 aux besoins de l'installation.<\/li>\n<li>R\u00e9duction du temps d'intervention lors des op\u00e9rations de maintenance :<strong><br \/>\n<\/strong>Composants \u00e9lectriques avec connecteurs enfichables<br \/>\nAccessibilit\u00e9 totale au circuit hydraulique et \u00e0 la t\u00eate de combustion<\/li>\n<li>Le contr\u00f4le de la flamme est simple et fiable gr\u00e2ce \u00e0 la cellule photo\u00e9lectrique.<\/li>\n<li>Un type de capteur personnalis\u00e9 est utilis\u00e9 pour l'installation s\u00e9quentielle de plusieurs g\u00e9n\u00e9rateurs.<\/li>\n<li>La facilit\u00e9 de conception et l'utilisation d'un air de combustion pr\u00e9chauff\u00e9 tout en permettant des \u00e9conomies d'\u00e9nergie en augmentant l'efficacit\u00e9 de l'\u00e9conomiseur de combustion utilis\u00e9 par le syst\u00e8me.<\/li>\n<li>Il pr\u00e9sente les caract\u00e9ristiques d'une bonne performance dans diff\u00e9rentes chambres de combustion.<\/li>\n<li>Il minimise la quantit\u00e9 sp\u00e9cifique d'\u00e9missions de gaz d'oxyde nitrique (NOx) en obtenant un m\u00e9lange air-carburant optimal gr\u00e2ce \u00e0 la conception personnalis\u00e9e de sa t\u00eate de combustion.<\/li>\n<li>Gr\u00e2ce \u00e0 ses dimensions compactes, il facilite l'installation et les conditions de fonctionnement dans les espaces restreints.<\/li>\n<li>Permet de fonctionner dans des chambres de combustion \u00e0 haute contre-pression en installant un syst\u00e8me de ventilation \u00e0 haute pression.<\/li>\n<li>Protection standard des pi\u00e8ces m\u00e9caniques IP 54.<\/li>\n<li>Protection IP 65 sur demande.<\/li>\n<li>La g\u00e9om\u00e9trie de la flamme peut \u00eatre ajust\u00e9e en fonction de la chambre de combustion.<\/li>\n<li><strong>\u00a0Respect des directives suivantes :<\/strong>\n<ul>\n<li>89\/336 (2004\/108)<\/li>\n<li>EEC 73\/23\/ EEC 73\/23\/ EEC 73\/23\/ EEC 73\/23\/ EEC 73\/23\/ EEC 73\/23\/ EEC 73\/23\/ EEC 73\/23<\/li>\n<li>CEE 98\/37\/.<\/li>\n<li>CEE EN 676<\/li>\n<\/ul>\n<\/li>\n<\/ol>","protected":false},"excerpt":{"rendered":"<p>Br\u00fbleurs monoblocs avec r\u00e9gulation m\u00e9canique modulante de la puissance Br\u00fbleurs monoblocs avec habillage et t\u00eate de combustion en acier haute temp\u00e9rature. Les combustibles suivants peuvent \u00eatre utilis\u00e9s : Gaz naturel, PCI 6,99 ... 11,39 kWh\/m3 ; GPL, PCI 25,89 kWh\/m3 Biogaz Huile l\u00e9g\u00e8re, viscosit\u00e9 6 mm2\/s \u00e0 20\u00b0C, PCI 11,86 kWh\/kg Convient pour la vapeur, [...]<\/p>","protected":false},"featured_media":772,"comment_status":"open","ping_status":"closed","template":"","meta":{"_acf_changed":false,"site-sidebar-layout":"default","site-content-layout":"default","ast-site-content-layout":"default","site-content-style":"default","site-sidebar-style":"default","ast-global-header-display":"","ast-banner-title-visibility":"","ast-main-header-display":"","ast-hfb-above-header-display":"","ast-hfb-below-header-display":"","ast-hfb-mobile-header-display":"","site-post-title":"","ast-breadcrumbs-content":"","ast-featured-img":"","footer-sml-layout":"","ast-disable-related-posts":"","theme-transparent-header-meta":"default","adv-header-id-meta":"","stick-header-meta":"","header-above-stick-meta":"","header-main-stick-meta":"","header-below-stick-meta":"","astra-migrate-meta-layouts":"default","ast-page-background-enabled":"default","ast-page-background-meta":{"desktop":{"background-color":"var(--ast-global-color-4)","background-image":"","background-repeat":"repeat","background-position":"center center","background-size":"auto","background-attachment":"scroll","background-type":"","background-media":"","overlay-type":"","overlay-color":"","overlay-opacity":"","overlay-gradient":""},"tablet":{"background-color":"","background-image":"","background-repeat":"repeat","background-position":"center center","background-size":"auto","background-attachment":"scroll","background-type":"","background-media":"","overlay-type":"","overlay-color":"","overlay-opacity":"","overlay-gradient":""},"mobile":{"background-color":"","background-image":"","background-repeat":"repeat","background-position":"center center","background-size":"auto","background-attachment":"scroll","background-type":"","background-media":"","overlay-type":"","overlay-color":"","overlay-opacity":"","overlay-gradient":""}},"ast-content-background-meta":{"desktop":{"background-color":"var(--ast-global-color-5)","background-image":"","background-repeat":"repeat","background-position":"center center","background-size":"auto","background-attachment":"scroll","background-type":"","background-media":"","overlay-type":"","overlay-color":"","overlay-opacity":"","overlay-gradient":""},"tablet":{"background-color":"var(--ast-global-color-5)","background-image":"","background-repeat":"repeat","background-position":"center center","background-size":"auto","background-attachment":"scroll","background-type":"","background-media":"","overlay-type":"","overlay-color":"","overlay-opacity":"","overlay-gradient":""},"mobile":{"background-color":"var(--ast-global-color-5)","background-image":"","background-repeat":"repeat","background-position":"center center","background-size":"auto","background-attachment":"scroll","background-type":"","background-media":"","overlay-type":"","overlay-color":"","overlay-opacity":"","overlay-gradient":""}}},"product_brand":[],"product_cat":[25],"product_tag":[],"class_list":{"0":"post-725","1":"product","2":"type-product","3":"status-publish","4":"has-post-thumbnail","6":"product_cat-quemadores-gas-gasoleo","7":"desktop-align-left","8":"tablet-align-left","9":"mobile-align-left","11":"first","12":"instock","13":"taxable","14":"shipping-taxable","15":"product-type-simple"},"acf":[],"yoast_head":"<!-- This site is optimized with the Yoast SEO Premium plugin v27.2 (Yoast SEO v27.2) - https:\/\/yoast.com\/product\/yoast-seo-premium-wordpress\/ -->\n<title>SC 11.2 GLM Modulante regu mec\u00e1nica - Flamtec<\/title>\n<meta name=\"robots\" content=\"index, follow, max-snippet:-1, max-image-preview:large, max-video-preview:-1\" \/>\n<link rel=\"canonical\" href=\"https:\/\/flamtec.es\/fr\/produit\/sc-11-2-glm-modulante-regu-mecanica\/\" \/>\n<meta property=\"og:locale\" content=\"fr_FR\" \/>\n<meta property=\"og:type\" content=\"article\" \/>\n<meta property=\"og:title\" content=\"SC 11.2 GLM Modulante regu mec\u00e1nica\" \/>\n<meta property=\"og:description\" content=\"Quemadores monobloc con regulaci\u00f3n de la potencia modulante mec\u00e1nica Quemadores monobloc con envolvente y cabezal de combusti\u00f3n de acero de alta temperatura. Se pueden utilizar los siguientes combustibles: Gas natural, PCI 6,99 \u2026 11,39 kWh\/m3; LPG, PCI 25,89 kWh\/m3 \u00a0\u00a0 Biog\u00e1s \u00a0\u00a0\u00a0\u00a0\u00a0\u00a0\u00a0\u00a0\u00a0 Aceite ligero, viscosidad 6 mm2\/s a 20\u00b0C, PCI11,86 kWh\/kg Es adecuado para vapor, [&hellip;]\" \/>\n<meta property=\"og:url\" content=\"https:\/\/flamtec.es\/fr\/produit\/sc-11-2-glm-modulante-regu-mecanica\/\" \/>\n<meta property=\"og:site_name\" content=\"Flamtec\" \/>\n<meta property=\"article:modified_time\" content=\"2023-11-09T01:42:43+00:00\" \/>\n<meta property=\"og:image\" content=\"https:\/\/flamtec.es\/wp-content\/uploads\/2023\/05\/Gas-Oil-Mixed-monoblock-modulating-buner-2-1.jpg\" \/>\n\t<meta property=\"og:image:width\" content=\"889\" \/>\n\t<meta property=\"og:image:height\" content=\"889\" \/>\n\t<meta property=\"og:image:type\" content=\"image\/jpeg\" \/>\n<meta name=\"twitter:card\" content=\"summary_large_image\" \/>\n<meta name=\"twitter:label1\" content=\"Prix\" \/>\n\t<meta name=\"twitter:data1\" content=\"\" \/>\n\t<meta name=\"twitter:label2\" content=\"Disponibilit\u00e9\" \/>\n\t<meta name=\"twitter:data2\" content=\"En stock\" \/>\n<script type=\"application\/ld+json\" class=\"yoast-schema-graph\">{\"@context\":\"https:\/\/schema.org\",\"@graph\":[{\"@type\":\"WebPage\",\"@id\":\"https:\/\/flamtec.es\/fr\/produit\/sc-11-2-glm-modulante-regu-mecanica\/\",\"url\":\"https:\/\/flamtec.es\/fr\/produit\/sc-11-2-glm-modulante-regu-mecanica\/\",\"name\":\"SC 11.2 GLM Modulante regu mec\u00e1nica - Flamtec\",\"isPartOf\":{\"@id\":\"https:\/\/flamtec.es\/en\/#website\"},\"primaryImageOfPage\":{\"@id\":\"https:\/\/flamtec.es\/fr\/produit\/sc-11-2-glm-modulante-regu-mecanica\/#primaryimage\"},\"image\":{\"@id\":\"https:\/\/flamtec.es\/fr\/produit\/sc-11-2-glm-modulante-regu-mecanica\/#primaryimage\"},\"thumbnailUrl\":\"https:\/\/flamtec.es\/wp-content\/uploads\/2023\/05\/Gas-Oil-Mixed-monoblock-modulating-buner-2-1.jpg\",\"datePublished\":\"2023-05-10T17:27:57+00:00\",\"dateModified\":\"2023-11-09T01:42:43+00:00\",\"breadcrumb\":{\"@id\":\"https:\/\/flamtec.es\/fr\/produit\/sc-11-2-glm-modulante-regu-mecanica\/#breadcrumb\"},\"inLanguage\":\"fr-FR\",\"potentialAction\":[{\"@type\":\"ReadAction\",\"target\":[\"https:\/\/flamtec.es\/fr\/produit\/sc-11-2-glm-modulante-regu-mecanica\/\"]}]},{\"@type\":\"ImageObject\",\"inLanguage\":\"fr-FR\",\"@id\":\"https:\/\/flamtec.es\/fr\/produit\/sc-11-2-glm-modulante-regu-mecanica\/#primaryimage\",\"url\":\"https:\/\/flamtec.es\/wp-content\/uploads\/2023\/05\/Gas-Oil-Mixed-monoblock-modulating-buner-2-1.jpg\",\"contentUrl\":\"https:\/\/flamtec.es\/wp-content\/uploads\/2023\/05\/Gas-Oil-Mixed-monoblock-modulating-buner-2-1.jpg\",\"width\":889,\"height\":889},{\"@type\":\"BreadcrumbList\",\"@id\":\"https:\/\/flamtec.es\/fr\/produit\/sc-11-2-glm-modulante-regu-mecanica\/#breadcrumb\",\"itemListElement\":[{\"@type\":\"ListItem\",\"position\":1,\"name\":\"Portada\",\"item\":\"https:\/\/flamtec.es\/\"},{\"@type\":\"ListItem\",\"position\":2,\"name\":\"Productos\",\"item\":\"https:\/\/flamtec.es\/en\/productos\/\"},{\"@type\":\"ListItem\",\"position\":3,\"name\":\"SC 11.2 GLM Modulante regu mec\u00e1nica\"}]},{\"@type\":\"WebSite\",\"@id\":\"https:\/\/flamtec.es\/en\/#website\",\"url\":\"https:\/\/flamtec.es\/en\/\",\"name\":\"Flamtec Combusti\u00f3n Ib\u00e9rica\",\"description\":\"Tecnolog\u00eda de la Combusti\u00f3n\",\"publisher\":{\"@id\":\"https:\/\/flamtec.es\/en\/#organization\"},\"alternateName\":\"Flamtec\",\"potentialAction\":[{\"@type\":\"SearchAction\",\"target\":{\"@type\":\"EntryPoint\",\"urlTemplate\":\"https:\/\/flamtec.es\/en\/?s={search_term_string}\"},\"query-input\":{\"@type\":\"PropertyValueSpecification\",\"valueRequired\":true,\"valueName\":\"search_term_string\"}}],\"inLanguage\":\"fr-FR\"},{\"@type\":\"Organization\",\"@id\":\"https:\/\/flamtec.es\/en\/#organization\",\"name\":\"Flamtec Combusti\u00f3n Ib\u00e9rica\",\"alternateName\":\"Flamtec\",\"url\":\"https:\/\/flamtec.es\/en\/\",\"logo\":{\"@type\":\"ImageObject\",\"inLanguage\":\"fr-FR\",\"@id\":\"https:\/\/flamtec.es\/en\/#\/schema\/logo\/image\/\",\"url\":\"https:\/\/flamtec.es\/wp-content\/uploads\/2022\/12\/Logo-rgb.svg\",\"contentUrl\":\"https:\/\/flamtec.es\/wp-content\/uploads\/2022\/12\/Logo-rgb.svg\",\"width\":288,\"height\":202,\"caption\":\"Flamtec Combusti\u00f3n Ib\u00e9rica\"},\"image\":{\"@id\":\"https:\/\/flamtec.es\/en\/#\/schema\/logo\/image\/\"}}]}<\/script>\n<meta property=\"product:price:currency\" content=\"EUR\" \/>\n<meta property=\"og:availability\" content=\"instock\" \/>\n<meta property=\"product:availability\" content=\"instock\" \/>\n<meta property=\"product:condition\" content=\"new\" \/>\n<!-- \/ Yoast SEO Premium plugin. -->","yoast_head_json":{"title":"SC 11.2 GLM Modulante regu mec\u00e1nica - Flamtec","robots":{"index":"index","follow":"follow","max-snippet":"max-snippet:-1","max-image-preview":"max-image-preview:large","max-video-preview":"max-video-preview:-1"},"canonical":"https:\/\/flamtec.es\/fr\/produit\/sc-11-2-glm-modulante-regu-mecanica\/","og_locale":"fr_FR","og_type":"article","og_title":"SC 11.2 GLM Modulante regu mec\u00e1nica","og_description":"Quemadores monobloc con regulaci\u00f3n de la potencia modulante mec\u00e1nica Quemadores monobloc con envolvente y cabezal de combusti\u00f3n de acero de alta temperatura. Se pueden utilizar los siguientes combustibles: Gas natural, PCI 6,99 \u2026 11,39 kWh\/m3; LPG, PCI 25,89 kWh\/m3 \u00a0\u00a0 Biog\u00e1s \u00a0\u00a0\u00a0\u00a0\u00a0\u00a0\u00a0\u00a0\u00a0 Aceite ligero, viscosidad 6 mm2\/s a 20\u00b0C, PCI11,86 kWh\/kg Es adecuado para vapor, [&hellip;]","og_url":"https:\/\/flamtec.es\/fr\/produit\/sc-11-2-glm-modulante-regu-mecanica\/","og_site_name":"Flamtec","article_modified_time":"2023-11-09T01:42:43+00:00","og_image":[{"width":889,"height":889,"url":"https:\/\/flamtec.es\/wp-content\/uploads\/2023\/05\/Gas-Oil-Mixed-monoblock-modulating-buner-2-1.jpg","type":"image\/jpeg"}],"twitter_card":"summary_large_image","twitter_misc":{"Prix":"","Disponibilit\u00e9":"En stock"},"schema":{"@context":"https:\/\/schema.org","@graph":[{"@type":"WebPage","@id":"https:\/\/flamtec.es\/fr\/produit\/sc-11-2-glm-modulante-regu-mecanica\/","url":"https:\/\/flamtec.es\/fr\/produit\/sc-11-2-glm-modulante-regu-mecanica\/","name":"SC 11.2 GLM Modulante regu mec\u00e1nica - Flamtec","isPartOf":{"@id":"https:\/\/flamtec.es\/en\/#website"},"primaryImageOfPage":{"@id":"https:\/\/flamtec.es\/fr\/produit\/sc-11-2-glm-modulante-regu-mecanica\/#primaryimage"},"image":{"@id":"https:\/\/flamtec.es\/fr\/produit\/sc-11-2-glm-modulante-regu-mecanica\/#primaryimage"},"thumbnailUrl":"https:\/\/flamtec.es\/wp-content\/uploads\/2023\/05\/Gas-Oil-Mixed-monoblock-modulating-buner-2-1.jpg","datePublished":"2023-05-10T17:27:57+00:00","dateModified":"2023-11-09T01:42:43+00:00","breadcrumb":{"@id":"https:\/\/flamtec.es\/fr\/produit\/sc-11-2-glm-modulante-regu-mecanica\/#breadcrumb"},"inLanguage":"fr-FR","potentialAction":[{"@type":"ReadAction","target":["https:\/\/flamtec.es\/fr\/produit\/sc-11-2-glm-modulante-regu-mecanica\/"]}]},{"@type":"ImageObject","inLanguage":"fr-FR","@id":"https:\/\/flamtec.es\/fr\/produit\/sc-11-2-glm-modulante-regu-mecanica\/#primaryimage","url":"https:\/\/flamtec.es\/wp-content\/uploads\/2023\/05\/Gas-Oil-Mixed-monoblock-modulating-buner-2-1.jpg","contentUrl":"https:\/\/flamtec.es\/wp-content\/uploads\/2023\/05\/Gas-Oil-Mixed-monoblock-modulating-buner-2-1.jpg","width":889,"height":889},{"@type":"BreadcrumbList","@id":"https:\/\/flamtec.es\/fr\/produit\/sc-11-2-glm-modulante-regu-mecanica\/#breadcrumb","itemListElement":[{"@type":"ListItem","position":1,"name":"Portada","item":"https:\/\/flamtec.es\/"},{"@type":"ListItem","position":2,"name":"Productos","item":"https:\/\/flamtec.es\/en\/productos\/"},{"@type":"ListItem","position":3,"name":"SC 11.2 GLM Modulante regu mec\u00e1nica"}]},{"@type":"WebSite","@id":"https:\/\/flamtec.es\/en\/#website","url":"https:\/\/flamtec.es\/en\/","name":"Flamtec Combusti\u00f3n Ib\u00e9rica","description":"Tecnolog\u00eda de la Combusti\u00f3n","publisher":{"@id":"https:\/\/flamtec.es\/en\/#organization"},"alternateName":"Flamtec","potentialAction":[{"@type":"SearchAction","target":{"@type":"EntryPoint","urlTemplate":"https:\/\/flamtec.es\/en\/?s={search_term_string}"},"query-input":{"@type":"PropertyValueSpecification","valueRequired":true,"valueName":"search_term_string"}}],"inLanguage":"fr-FR"},{"@type":"Organization","@id":"https:\/\/flamtec.es\/en\/#organization","name":"Flamtec Combusti\u00f3n Ib\u00e9rica","alternateName":"Flamtec","url":"https:\/\/flamtec.es\/en\/","logo":{"@type":"ImageObject","inLanguage":"fr-FR","@id":"https:\/\/flamtec.es\/en\/#\/schema\/logo\/image\/","url":"https:\/\/flamtec.es\/wp-content\/uploads\/2022\/12\/Logo-rgb.svg","contentUrl":"https:\/\/flamtec.es\/wp-content\/uploads\/2022\/12\/Logo-rgb.svg","width":288,"height":202,"caption":"Flamtec Combusti\u00f3n Ib\u00e9rica"},"image":{"@id":"https:\/\/flamtec.es\/en\/#\/schema\/logo\/image\/"}}]},"product_price_currency":"EUR","og_availability":"instock","product_availability":"instock","product_condition":"new"},"_links":{"self":[{"href":"https:\/\/flamtec.es\/fr\/wp-json\/wp\/v2\/product\/725","targetHints":{"allow":["GET"]}}],"collection":[{"href":"https:\/\/flamtec.es\/fr\/wp-json\/wp\/v2\/product"}],"about":[{"href":"https:\/\/flamtec.es\/fr\/wp-json\/wp\/v2\/types\/product"}],"replies":[{"embeddable":true,"href":"https:\/\/flamtec.es\/fr\/wp-json\/wp\/v2\/comments?post=725"}],"wp:featuredmedia":[{"embeddable":true,"href":"https:\/\/flamtec.es\/fr\/wp-json\/wp\/v2\/media\/772"}],"wp:attachment":[{"href":"https:\/\/flamtec.es\/fr\/wp-json\/wp\/v2\/media?parent=725"}],"wp:term":[{"taxonomy":"product_brand","embeddable":true,"href":"https:\/\/flamtec.es\/fr\/wp-json\/wp\/v2\/product_brand?post=725"},{"taxonomy":"product_cat","embeddable":true,"href":"https:\/\/flamtec.es\/fr\/wp-json\/wp\/v2\/product_cat?post=725"},{"taxonomy":"product_tag","embeddable":true,"href":"https:\/\/flamtec.es\/fr\/wp-json\/wp\/v2\/product_tag?post=725"}],"curies":[{"name":"wp","href":"https:\/\/api.w.org\/{rel}","templated":true}]}}