{"id":573,"date":"2022-08-12T14:17:48","date_gmt":"2022-08-12T14:17:48","guid":{"rendered":"https:\/\/flamtec.es\/?post_type=product&#038;p=573"},"modified":"2023-11-09T01:50:49","modified_gmt":"2023-11-09T01:50:49","slug":"sc-16-2-glme-quemador-monobloc-mixtos-de-gas-o-gasoleo-regulacion-modulante-electronica-serie-beta","status":"publish","type":"product","link":"https:\/\/flamtec.es\/fr\/produit\/sc-16-2-glme-quemador-monobloc-mixtos-de-gas-o-gasoleo-regulacion-modulante-electronica-serie-beta\/","title":{"rendered":"SC 16.2 GLME MONOBLOC br\u00fbleur mixte gaz ou fioul \u00e0 r\u00e9gulation \u00e9lectronique modulante s\u00e9rie BETA"},"content":{"rendered":"<p><strong>Les br\u00fbleurs modulants avec r\u00e9gulation \u00e9lectronique<\/strong> repr\u00e9sentent une \u00e9volution du syst\u00e8me de r\u00e9glage traditionnel de type m\u00e9canique vers un syst\u00e8me de type num\u00e9rique.<br \/>\nLes servomoteurs de chacun des dispositifs de r\u00e9glage des d\u00e9bits d'air, de gaz et de carburant liquide r\u00e9pondent aux ordres d'un microprocesseur dans lequel ont \u00e9t\u00e9 enregistr\u00e9es les courbes de param\u00e8tres d\u00e9finies pour chacun de ces \u00e9l\u00e9ments.<\/p>\n<ol>\n<li>Br\u00fbleurs duobloc avec bo\u00eetier et t\u00eate de combustion en acier haute temp\u00e9rature.<\/li>\n<li>Les carburants suivants peuvent \u00eatre utilis\u00e9s:<br \/>\n<strong>Gaz naturel, PCI 6,99 \u2026 11,39 kWh\/m3 ; GPL, PCI 25,89 kWh\/m3 ; Biogaz<br \/>\nFioul lourd, viscosit\u00e9 50\u00b0E \u00e0 50\u00b0C, PCI 10,97 kWh\/kg<\/strong><\/li>\n<li>Il convient \u00e0 la vapeur, aux chaudi\u00e8res \u00e0 eau chaude, aux fours, aux s\u00e9choirs, aux g\u00e9n\u00e9rateurs d'huile thermique, etc.<\/li>\n<li>Chaque br\u00fbleur peut \u00eatre adapt\u00e9 aux besoins de l'installation.<\/li>\n<li>La programmation num\u00e9rique se fait \u00e0 l'\u00e9cran ou \u00e0 l'aide d'un ordinateur, en suivant des instructions simples.<\/li>\n<li>L'avantage suppl\u00e9mentaire du syst\u00e8me r\u00e9side dans la connaissance pr\u00e9cise de toutes les commandes et de tous les \u00e9tats du syst\u00e8me dans son ensemble.<\/li>\n<li><strong>En outre, le syst\u00e8me \u00e0 microprocesseur assure les fonctions suivantes : <\/strong><\/li>\n<li>Contr\u00f4le et surveillance des phases de d\u00e9marrage et de fonctionnement du br\u00fbleur, avec la possibilit\u00e9 de configurer les modes et les temps programm\u00e9s ;<\/li>\n<li>\u00a0Contr\u00f4le de la flamme, avec diff\u00e9rents dispositifs de surveillance, pour un fonctionnement intermittent ou continu (plus de 24 heures) ;<\/li>\n<li>Le syst\u00e8me int\u00e9gr\u00e9 de contr\u00f4le des vannes de gaz v\u00e9rifie l'absence de fuites \u00e0 chaque cycle du br\u00fbleur pour une s\u00e9curit\u00e9 accrue.<\/li>\n<li>Jusqu'\u00e0 15 points programmables pour chaque courbe de rapport air-carburant<\/li>\n<li>Les niveaux d'acc\u00e8s sont prot\u00e9g\u00e9s par des mots de passe sp\u00e9cifiques correspondant aux diff\u00e9rents types d'utilisateurs (visualisation par le client, programmation par le technicien, etc.)<\/li>\n<li>Le syst\u00e8me peut \u00eatre compl\u00e9t\u00e9 en l'int\u00e9grant \u00e0 un syst\u00e8me de r\u00e9glage automatique de l'exc\u00e8s d'air par capteur d'oxyg\u00e8ne avec action sur la position du volet d'air.<\/li>\n<li>Jusqu'\u00e0 15 points programmables pour chaque courbe de rapport air-carburant<\/li>\n<li>Les niveaux d'acc\u00e8s sont prot\u00e9g\u00e9s par des mots de passe sp\u00e9cifiques correspondant aux diff\u00e9rents types d'utilisateurs (visualisation par le client, programmation par le technicien, etc.)<\/li>\n<li>Le syst\u00e8me peut \u00eatre compl\u00e9t\u00e9 en l'int\u00e9grant \u00e0 un syst\u00e8me de r\u00e9glage automatique de l'exc\u00e8s d'air par capteur d'oxyg\u00e8ne avec action sur la position du volet d'air.<\/li>\n<li>Enfin, le syst\u00e8me de r\u00e9glage de la vitesse du ventilateur avec variateur de vitesse permet de r\u00e9aliser un maximum d'\u00e9conomies d'\u00e9nergie, qu'il s'agisse de combustible ou d'\u00e9nergie \u00e9lectrique.<\/li>\n<li>Protection standard des pi\u00e8ces m\u00e9caniques IP 54.<\/li>\n<li>Protection IP 65 sur demande.<\/li>\n<li>La flamme peut \u00eatre r\u00e9gl\u00e9e en fonction de la chambre de combustion.<\/li>\n<li><strong> Respect des directives suivantes :<br \/>\n<\/strong>2014\/35\/EU Directive basse tension<br \/>\n2014\/30\/EU Directive CEM<br \/>\n2006\/42\/CE Directive Machines<br \/>\n2011\/65\/EU Directive RoHS2<br \/>\n2016\/426\/EU R\u00e8glement sur les appareils \u00e0 gaz<\/li>\n<\/ol>","protected":false},"excerpt":{"rendered":"<p>Les br\u00fbleurs modulants \u00e0 r\u00e9gulation \u00e9lectronique repr\u00e9sentent une \u00e9volution du syst\u00e8me de r\u00e9glage m\u00e9canique traditionnel vers un syst\u00e8me num\u00e9rique. Les servomoteurs de chacun des dispositifs de r\u00e9glage des d\u00e9bits d'air, de gaz et de combustible liquide r\u00e9pondent aux commandes d'un microprocesseur dans lequel les param\u00e8tres de fonctionnement du br\u00fbleur ont \u00e9t\u00e9 enregistr\u00e9s.<\/p>","protected":false},"featured_media":773,"comment_status":"open","ping_status":"closed","template":"","meta":{"_acf_changed":false,"site-sidebar-layout":"default","site-content-layout":"default","ast-site-content-layout":"default","site-content-style":"default","site-sidebar-style":"default","ast-global-header-display":"","ast-banner-title-visibility":"","ast-main-header-display":"","ast-hfb-above-header-display":"","ast-hfb-below-header-display":"","ast-hfb-mobile-header-display":"","site-post-title":"","ast-breadcrumbs-content":"","ast-featured-img":"","footer-sml-layout":"","ast-disable-related-posts":"","theme-transparent-header-meta":"default","adv-header-id-meta":"","stick-header-meta":"","header-above-stick-meta":"","header-main-stick-meta":"","header-below-stick-meta":"","astra-migrate-meta-layouts":"default","ast-page-background-enabled":"default","ast-page-background-meta":{"desktop":{"background-color":"var(--ast-global-color-4)","background-image":"","background-repeat":"repeat","background-position":"center center","background-size":"auto","background-attachment":"scroll","background-type":"","background-media":"","overlay-type":"","overlay-color":"","overlay-opacity":"","overlay-gradient":""},"tablet":{"background-color":"","background-image":"","background-repeat":"repeat","background-position":"center center","background-size":"auto","background-attachment":"scroll","background-type":"","background-media":"","overlay-type":"","overlay-color":"","overlay-opacity":"","overlay-gradient":""},"mobile":{"background-color":"","background-image":"","background-repeat":"repeat","background-position":"center center","background-size":"auto","background-attachment":"scroll","background-type":"","background-media":"","overlay-type":"","overlay-color":"","overlay-opacity":"","overlay-gradient":""}},"ast-content-background-meta":{"desktop":{"background-color":"var(--ast-global-color-5)","background-image":"","background-repeat":"repeat","background-position":"center center","background-size":"auto","background-attachment":"scroll","background-type":"","background-media":"","overlay-type":"","overlay-color":"","overlay-opacity":"","overlay-gradient":""},"tablet":{"background-color":"var(--ast-global-color-5)","background-image":"","background-repeat":"repeat","background-position":"center center","background-size":"auto","background-attachment":"scroll","background-type":"","background-media":"","overlay-type":"","overlay-color":"","overlay-opacity":"","overlay-gradient":""},"mobile":{"background-color":"var(--ast-global-color-5)","background-image":"","background-repeat":"repeat","background-position":"center center","background-size":"auto","background-attachment":"scroll","background-type":"","background-media":"","overlay-type":"","overlay-color":"","overlay-opacity":"","overlay-gradient":""}}},"product_brand":[],"product_cat":[25],"product_tag":[],"class_list":{"0":"post-573","1":"product","2":"type-product","3":"status-publish","4":"has-post-thumbnail","6":"product_cat-quemadores-gas-gasoleo","7":"desktop-align-left","8":"tablet-align-left","9":"mobile-align-left","11":"first","12":"instock","13":"taxable","14":"shipping-taxable","15":"product-type-simple"},"acf":[],"yoast_head":"<!-- This site is optimized with the Yoast SEO Premium plugin v27.2 (Yoast SEO v27.2) - https:\/\/yoast.com\/product\/yoast-seo-premium-wordpress\/ -->\n<title>SC 16.2 GLME Quemador MONOBLOC mixtos de gas o gas\u00f3leo regulaci\u00f3n modulante electr\u00f3nica serie BETA - Flamtec<\/title>\n<meta name=\"robots\" content=\"index, follow, max-snippet:-1, max-image-preview:large, max-video-preview:-1\" \/>\n<link rel=\"canonical\" href=\"https:\/\/flamtec.es\/fr\/product\/sc-16-2-glme-quemador-monobloc-mixtos-de-gas-o-gasoleo-regulacion-modulante-electronica-serie-beta\/\" \/>\n<meta property=\"og:locale\" content=\"fr_FR\" \/>\n<meta property=\"og:type\" content=\"article\" \/>\n<meta property=\"og:title\" content=\"SC 16.2 GLME Quemador MONOBLOC mixtos de gas o gas\u00f3leo regulaci\u00f3n modulante electr\u00f3nica serie BETA\" \/>\n<meta property=\"og:description\" content=\"Los quemadores modulantes con regulaci\u00f3n electr\u00f3nica representan una evoluci\u00f3n del tradicional sistema de ajuste de tipo mec\u00e1nico a un sistema de tipo digital. Los servomotores de cada uno de los dispositivos de ajuste de flujo de aire, gas y combustible l\u00edquido responden a las \u00f3rdenes de un microprocesador en el que se han registrado las [&hellip;]\" \/>\n<meta property=\"og:url\" content=\"https:\/\/flamtec.es\/fr\/product\/sc-16-2-glme-quemador-monobloc-mixtos-de-gas-o-gasoleo-regulacion-modulante-electronica-serie-beta\/\" \/>\n<meta property=\"og:site_name\" content=\"Flamtec\" \/>\n<meta property=\"article:modified_time\" content=\"2023-11-09T01:50:49+00:00\" \/>\n<meta property=\"og:image\" content=\"https:\/\/flamtec.es\/wp-content\/uploads\/2022\/08\/quemadores-mixtos-gas-gasoleo-SC-8.1-SC-18-GLZ.jpg\" \/>\n\t<meta property=\"og:image:width\" content=\"1000\" \/>\n\t<meta property=\"og:image:height\" content=\"1000\" \/>\n\t<meta property=\"og:image:type\" content=\"image\/jpeg\" \/>\n<meta name=\"twitter:card\" content=\"summary_large_image\" \/>\n<meta name=\"twitter:label1\" content=\"Prix\" \/>\n\t<meta name=\"twitter:data1\" content=\"\" \/>\n\t<meta name=\"twitter:label2\" content=\"Disponibilit\u00e9\" \/>\n\t<meta name=\"twitter:data2\" content=\"En stock\" \/>\n<script type=\"application\/ld+json\" class=\"yoast-schema-graph\">{\"@context\":\"https:\/\/schema.org\",\"@graph\":[{\"@type\":\"WebPage\",\"@id\":\"https:\/\/flamtec.es\/en\/product\/sc-16-2-glme-quemador-monobloc-mixtos-de-gas-o-gasoleo-regulacion-modulante-electronica-serie-beta\/\",\"url\":\"https:\/\/flamtec.es\/en\/product\/sc-16-2-glme-quemador-monobloc-mixtos-de-gas-o-gasoleo-regulacion-modulante-electronica-serie-beta\/\",\"name\":\"SC 16.2 GLME Quemador MONOBLOC mixtos de gas o gas\u00f3leo regulaci\u00f3n modulante electr\u00f3nica serie BETA - Flamtec\",\"isPartOf\":{\"@id\":\"https:\/\/flamtec.es\/en\/#website\"},\"primaryImageOfPage\":{\"@id\":\"https:\/\/flamtec.es\/en\/product\/sc-16-2-glme-quemador-monobloc-mixtos-de-gas-o-gasoleo-regulacion-modulante-electronica-serie-beta\/#primaryimage\"},\"image\":{\"@id\":\"https:\/\/flamtec.es\/en\/product\/sc-16-2-glme-quemador-monobloc-mixtos-de-gas-o-gasoleo-regulacion-modulante-electronica-serie-beta\/#primaryimage\"},\"thumbnailUrl\":\"https:\/\/flamtec.es\/wp-content\/uploads\/2022\/08\/quemadores-mixtos-gas-gasoleo-SC-8.1-SC-18-GLZ.jpg\",\"datePublished\":\"2022-08-12T14:17:48+00:00\",\"dateModified\":\"2023-11-09T01:50:49+00:00\",\"breadcrumb\":{\"@id\":\"https:\/\/flamtec.es\/en\/product\/sc-16-2-glme-quemador-monobloc-mixtos-de-gas-o-gasoleo-regulacion-modulante-electronica-serie-beta\/#breadcrumb\"},\"inLanguage\":\"fr-FR\",\"potentialAction\":[{\"@type\":\"ReadAction\",\"target\":[\"https:\/\/flamtec.es\/en\/product\/sc-16-2-glme-quemador-monobloc-mixtos-de-gas-o-gasoleo-regulacion-modulante-electronica-serie-beta\/\"]}]},{\"@type\":\"ImageObject\",\"inLanguage\":\"fr-FR\",\"@id\":\"https:\/\/flamtec.es\/en\/product\/sc-16-2-glme-quemador-monobloc-mixtos-de-gas-o-gasoleo-regulacion-modulante-electronica-serie-beta\/#primaryimage\",\"url\":\"https:\/\/flamtec.es\/wp-content\/uploads\/2022\/08\/quemadores-mixtos-gas-gasoleo-SC-8.1-SC-18-GLZ.jpg\",\"contentUrl\":\"https:\/\/flamtec.es\/wp-content\/uploads\/2022\/08\/quemadores-mixtos-gas-gasoleo-SC-8.1-SC-18-GLZ.jpg\",\"width\":1000,\"height\":1000},{\"@type\":\"BreadcrumbList\",\"@id\":\"https:\/\/flamtec.es\/en\/product\/sc-16-2-glme-quemador-monobloc-mixtos-de-gas-o-gasoleo-regulacion-modulante-electronica-serie-beta\/#breadcrumb\",\"itemListElement\":[{\"@type\":\"ListItem\",\"position\":1,\"name\":\"Portada\",\"item\":\"https:\/\/flamtec.es\/\"},{\"@type\":\"ListItem\",\"position\":2,\"name\":\"Productos\",\"item\":\"https:\/\/flamtec.es\/en\/productos\/\"},{\"@type\":\"ListItem\",\"position\":3,\"name\":\"SC 16.2 GLME Quemador MONOBLOC mixtos de gas o gas\u00f3leo regulaci\u00f3n modulante electr\u00f3nica serie BETA\"}]},{\"@type\":\"WebSite\",\"@id\":\"https:\/\/flamtec.es\/en\/#website\",\"url\":\"https:\/\/flamtec.es\/en\/\",\"name\":\"Flamtec Combusti\u00f3n Ib\u00e9rica\",\"description\":\"Tecnolog\u00eda de la Combusti\u00f3n\",\"publisher\":{\"@id\":\"https:\/\/flamtec.es\/en\/#organization\"},\"alternateName\":\"Flamtec\",\"potentialAction\":[{\"@type\":\"SearchAction\",\"target\":{\"@type\":\"EntryPoint\",\"urlTemplate\":\"https:\/\/flamtec.es\/en\/?s={search_term_string}\"},\"query-input\":{\"@type\":\"PropertyValueSpecification\",\"valueRequired\":true,\"valueName\":\"search_term_string\"}}],\"inLanguage\":\"fr-FR\"},{\"@type\":\"Organization\",\"@id\":\"https:\/\/flamtec.es\/en\/#organization\",\"name\":\"Flamtec Combusti\u00f3n Ib\u00e9rica\",\"alternateName\":\"Flamtec\",\"url\":\"https:\/\/flamtec.es\/en\/\",\"logo\":{\"@type\":\"ImageObject\",\"inLanguage\":\"fr-FR\",\"@id\":\"https:\/\/flamtec.es\/en\/#\/schema\/logo\/image\/\",\"url\":\"https:\/\/flamtec.es\/wp-content\/uploads\/2022\/12\/Logo-rgb.svg\",\"contentUrl\":\"https:\/\/flamtec.es\/wp-content\/uploads\/2022\/12\/Logo-rgb.svg\",\"width\":288,\"height\":202,\"caption\":\"Flamtec Combusti\u00f3n Ib\u00e9rica\"},\"image\":{\"@id\":\"https:\/\/flamtec.es\/en\/#\/schema\/logo\/image\/\"}}]}<\/script>\n<meta property=\"product:price:currency\" content=\"EUR\" \/>\n<meta property=\"og:availability\" content=\"instock\" \/>\n<meta property=\"product:availability\" content=\"instock\" \/>\n<meta property=\"product:condition\" content=\"new\" \/>\n<!-- \/ Yoast SEO Premium plugin. -->","yoast_head_json":{"title":"SC 16.2 GLME Quemador MONOBLOC mixtos de gas o gas\u00f3leo regulaci\u00f3n modulante electr\u00f3nica serie BETA - Flamtec","robots":{"index":"index","follow":"follow","max-snippet":"max-snippet:-1","max-image-preview":"max-image-preview:large","max-video-preview":"max-video-preview:-1"},"canonical":"https:\/\/flamtec.es\/fr\/product\/sc-16-2-glme-quemador-monobloc-mixtos-de-gas-o-gasoleo-regulacion-modulante-electronica-serie-beta\/","og_locale":"fr_FR","og_type":"article","og_title":"SC 16.2 GLME Quemador MONOBLOC mixtos de gas o gas\u00f3leo regulaci\u00f3n modulante electr\u00f3nica serie BETA","og_description":"Los quemadores modulantes con regulaci\u00f3n electr\u00f3nica representan una evoluci\u00f3n del tradicional sistema de ajuste de tipo mec\u00e1nico a un sistema de tipo digital. Los servomotores de cada uno de los dispositivos de ajuste de flujo de aire, gas y combustible l\u00edquido responden a las \u00f3rdenes de un microprocesador en el que se han registrado las [&hellip;]","og_url":"https:\/\/flamtec.es\/fr\/product\/sc-16-2-glme-quemador-monobloc-mixtos-de-gas-o-gasoleo-regulacion-modulante-electronica-serie-beta\/","og_site_name":"Flamtec","article_modified_time":"2023-11-09T01:50:49+00:00","og_image":[{"width":1000,"height":1000,"url":"https:\/\/flamtec.es\/wp-content\/uploads\/2022\/08\/quemadores-mixtos-gas-gasoleo-SC-8.1-SC-18-GLZ.jpg","type":"image\/jpeg"}],"twitter_card":"summary_large_image","twitter_misc":{"Prix":"","Disponibilit\u00e9":"En stock"},"schema":{"@context":"https:\/\/schema.org","@graph":[{"@type":"WebPage","@id":"https:\/\/flamtec.es\/en\/product\/sc-16-2-glme-quemador-monobloc-mixtos-de-gas-o-gasoleo-regulacion-modulante-electronica-serie-beta\/","url":"https:\/\/flamtec.es\/en\/product\/sc-16-2-glme-quemador-monobloc-mixtos-de-gas-o-gasoleo-regulacion-modulante-electronica-serie-beta\/","name":"SC 16.2 GLME Quemador MONOBLOC mixtos de gas o gas\u00f3leo regulaci\u00f3n modulante electr\u00f3nica serie BETA - Flamtec","isPartOf":{"@id":"https:\/\/flamtec.es\/en\/#website"},"primaryImageOfPage":{"@id":"https:\/\/flamtec.es\/en\/product\/sc-16-2-glme-quemador-monobloc-mixtos-de-gas-o-gasoleo-regulacion-modulante-electronica-serie-beta\/#primaryimage"},"image":{"@id":"https:\/\/flamtec.es\/en\/product\/sc-16-2-glme-quemador-monobloc-mixtos-de-gas-o-gasoleo-regulacion-modulante-electronica-serie-beta\/#primaryimage"},"thumbnailUrl":"https:\/\/flamtec.es\/wp-content\/uploads\/2022\/08\/quemadores-mixtos-gas-gasoleo-SC-8.1-SC-18-GLZ.jpg","datePublished":"2022-08-12T14:17:48+00:00","dateModified":"2023-11-09T01:50:49+00:00","breadcrumb":{"@id":"https:\/\/flamtec.es\/en\/product\/sc-16-2-glme-quemador-monobloc-mixtos-de-gas-o-gasoleo-regulacion-modulante-electronica-serie-beta\/#breadcrumb"},"inLanguage":"fr-FR","potentialAction":[{"@type":"ReadAction","target":["https:\/\/flamtec.es\/en\/product\/sc-16-2-glme-quemador-monobloc-mixtos-de-gas-o-gasoleo-regulacion-modulante-electronica-serie-beta\/"]}]},{"@type":"ImageObject","inLanguage":"fr-FR","@id":"https:\/\/flamtec.es\/en\/product\/sc-16-2-glme-quemador-monobloc-mixtos-de-gas-o-gasoleo-regulacion-modulante-electronica-serie-beta\/#primaryimage","url":"https:\/\/flamtec.es\/wp-content\/uploads\/2022\/08\/quemadores-mixtos-gas-gasoleo-SC-8.1-SC-18-GLZ.jpg","contentUrl":"https:\/\/flamtec.es\/wp-content\/uploads\/2022\/08\/quemadores-mixtos-gas-gasoleo-SC-8.1-SC-18-GLZ.jpg","width":1000,"height":1000},{"@type":"BreadcrumbList","@id":"https:\/\/flamtec.es\/en\/product\/sc-16-2-glme-quemador-monobloc-mixtos-de-gas-o-gasoleo-regulacion-modulante-electronica-serie-beta\/#breadcrumb","itemListElement":[{"@type":"ListItem","position":1,"name":"Portada","item":"https:\/\/flamtec.es\/"},{"@type":"ListItem","position":2,"name":"Productos","item":"https:\/\/flamtec.es\/en\/productos\/"},{"@type":"ListItem","position":3,"name":"SC 16.2 GLME Quemador MONOBLOC mixtos de gas o gas\u00f3leo regulaci\u00f3n modulante electr\u00f3nica serie BETA"}]},{"@type":"WebSite","@id":"https:\/\/flamtec.es\/en\/#website","url":"https:\/\/flamtec.es\/en\/","name":"Flamtec Combusti\u00f3n Ib\u00e9rica","description":"Tecnolog\u00eda de la Combusti\u00f3n","publisher":{"@id":"https:\/\/flamtec.es\/en\/#organization"},"alternateName":"Flamtec","potentialAction":[{"@type":"SearchAction","target":{"@type":"EntryPoint","urlTemplate":"https:\/\/flamtec.es\/en\/?s={search_term_string}"},"query-input":{"@type":"PropertyValueSpecification","valueRequired":true,"valueName":"search_term_string"}}],"inLanguage":"fr-FR"},{"@type":"Organization","@id":"https:\/\/flamtec.es\/en\/#organization","name":"Flamtec Combusti\u00f3n Ib\u00e9rica","alternateName":"Flamtec","url":"https:\/\/flamtec.es\/en\/","logo":{"@type":"ImageObject","inLanguage":"fr-FR","@id":"https:\/\/flamtec.es\/en\/#\/schema\/logo\/image\/","url":"https:\/\/flamtec.es\/wp-content\/uploads\/2022\/12\/Logo-rgb.svg","contentUrl":"https:\/\/flamtec.es\/wp-content\/uploads\/2022\/12\/Logo-rgb.svg","width":288,"height":202,"caption":"Flamtec Combusti\u00f3n Ib\u00e9rica"},"image":{"@id":"https:\/\/flamtec.es\/en\/#\/schema\/logo\/image\/"}}]},"product_price_currency":"EUR","og_availability":"instock","product_availability":"instock","product_condition":"new"},"_links":{"self":[{"href":"https:\/\/flamtec.es\/fr\/wp-json\/wp\/v2\/product\/573","targetHints":{"allow":["GET"]}}],"collection":[{"href":"https:\/\/flamtec.es\/fr\/wp-json\/wp\/v2\/product"}],"about":[{"href":"https:\/\/flamtec.es\/fr\/wp-json\/wp\/v2\/types\/product"}],"replies":[{"embeddable":true,"href":"https:\/\/flamtec.es\/fr\/wp-json\/wp\/v2\/comments?post=573"}],"wp:featuredmedia":[{"embeddable":true,"href":"https:\/\/flamtec.es\/fr\/wp-json\/wp\/v2\/media\/773"}],"wp:attachment":[{"href":"https:\/\/flamtec.es\/fr\/wp-json\/wp\/v2\/media?parent=573"}],"wp:term":[{"taxonomy":"product_brand","embeddable":true,"href":"https:\/\/flamtec.es\/fr\/wp-json\/wp\/v2\/product_brand?post=573"},{"taxonomy":"product_cat","embeddable":true,"href":"https:\/\/flamtec.es\/fr\/wp-json\/wp\/v2\/product_cat?post=573"},{"taxonomy":"product_tag","embeddable":true,"href":"https:\/\/flamtec.es\/fr\/wp-json\/wp\/v2\/product_tag?post=573"}],"curies":[{"name":"wp","href":"https:\/\/api.w.org\/{rel}","templated":true}]}}