{"id":215,"date":"2022-07-01T20:04:23","date_gmt":"2022-07-01T20:04:23","guid":{"rendered":"https:\/\/flamtec.es\/?post_type=product&#038;p=215"},"modified":"2025-03-25T08:43:42","modified_gmt":"2025-03-25T08:43:42","slug":"dsc-16-1-gme-quemador-duobloc-modulante-electronico-de-gas-epsylon","status":"publish","type":"product","link":"https:\/\/flamtec.es\/fr\/produit\/dsc-16-1-gme-quemador-duobloc-modulante-electronico-de-gas-epsylon\/","title":{"rendered":"DSC 16.1 GM Br\u00fbleur \u00e0 gaz modulant \u00e9lectronique duobloc Epsylon"},"content":{"rendered":"<p class=\"p1\"><strong><span class=\"s1\">Il peut utiliser du gaz naturel, du propane, du biogaz, de l'hydrog\u00e8ne, etc.<\/span><\/strong><\/p>\n<ul>\n<li><span class=\"s1\">Convient pour les chaudi\u00e8res \u00e0 vapeur, les chaudi\u00e8res \u00e0 eau chaude, les fours, les s\u00e9choirs, les g\u00e9n\u00e9rateurs d'huile thermique, etc.<\/span><\/li>\n<li><span class=\"s1\">La flamme peut \u00eatre ajust\u00e9e \u00e0 la chambre de combustion.<\/span><\/li>\n<li><span class=\"s1\">La t\u00eate de combustion, la soufflerie, le panneau de contr\u00f4le, le train de gaz peuvent \u00eatre s\u00e9lectionn\u00e9s en fonction de l'objectif de l'installation. <\/span><span class=\"s1\">les circonstances sp\u00e9cifiques de chaque installation.<\/span><\/li>\n<li><span class=\"s1\">Le rapport de modulation est de 1\/7 et est tr\u00e8s avantageux par rapport \u00e0 nos concurrents.<\/span><\/li>\n<li><span class=\"s1\">Gr\u00e2ce au capteur UV, la surveillance de la flamme est facile et fiable.<\/span><\/li>\n<li><span class=\"s1\">Pour l'installation de plusieurs g\u00e9n\u00e9rateurs en cascade, un type sp\u00e9cial de capteur est utilis\u00e9.<\/span><\/li>\n<li><span class=\"s1\">Possibilit\u00e9 de chauffer et d'utiliser l'air de combustion pr\u00e9chauff\u00e9, ce qui permet d'\u00e9conomiser de l'\u00e9nergie en <\/span><span class=\"s1\">augmenter l'efficacit\u00e9 de la combustion gr\u00e2ce \u00e0 l'\u00e9conomiseur utilis\u00e9 dans le syst\u00e8me.<\/span><\/li>\n<li><span class=\"s1\">Permet de contr\u00f4ler la flamme en tout point entre la puissance minimale et la puissance maximale.<\/span><\/li>\n<li><span class=\"s1\">Il a la particularit\u00e9 d'\u00eatre compatible avec diff\u00e9rentes chambres de combustion.<\/span><\/li>\n<li><span class=\"s1\">Minimise la quantit\u00e9 d'\u00e9missions, en particulier de gaz d'oxyde nitreux (NOx), ce qui permet d'obtenir un taux d'\u00e9missions optimal. <\/span><span class=\"s1\">m\u00e9lange air-carburant gr\u00e2ce \u00e0 la conception sp\u00e9ciale de la t\u00eate de combustion.<\/span><\/li>\n<li><span class=\"s1\">Gr\u00e2ce \u00e0 ses dimensions compactes, il permet un montage facile et des conditions d'utilisation dans des conditions de travail normales. <\/span><span class=\"s1\">des zones \u00e9troites.<\/span><\/li>\n<li><span class=\"s1\">L'incorporation d'un ventilateur \u00e0 haute pression permet de travailler dans des chambres de combustion \u00e0 haute pression. <\/span><span class=\"s1\">des consid\u00e9rations.<\/span><\/li>\n<li><span class=\"s1\">Il est facile de monter le train de gaz sur le br\u00fbleur.<\/span><\/li>\n<li><span class=\"s1\">Possibilit\u00e9 de s\u00e9lectionner la t\u00eate de pr\u00e9m\u00e9lange comme br\u00fbleur \u00e0 faible \u00e9mission de NOx.<\/span><\/li>\n<li><span class=\"s1\">Protection standard IP 54 parties m\u00e9caniques.<\/span><\/li>\n<li><span class=\"s1\">Protection IP 65 disponible sur demande.<\/span><\/li>\n<li><span class=\"s1\">Recirculation interne ou externe des gaz de combustion en option pour r\u00e9duire les \u00e9missions de NOx.<\/span><\/li>\n<li><span class=\"s1\">Comprend tout le c\u00e2blage, le syst\u00e8me de gestion du br\u00fbleur et l'alimentation \u00e9lectrique.<\/span><\/li>\n<li><span class=\"s1\">Il comprend le contr\u00f4le de l'\u00e9tanch\u00e9it\u00e9.<br \/>\n<\/span><\/li>\n<\/ul>\n<p class=\"p1\"><span class=\"s1\"><strong>Conformit\u00e9 aux directives suivantes :<\/strong><\/span><\/p>\n<p><span class=\"s1\"><strong><span style=\"color: #f18519;\">-<\/span><\/strong> 89\/336 (2004\/108) CEE<br \/>\n<\/span><span class=\"s1\"><strong><span style=\"color: #f18519;\">-<\/span><\/strong> 73\/23\/CEE<br \/>\n<\/span><span class=\"s1\"><strong><span style=\"color: #f18519;\">- <\/span><\/strong>98\/37\/CEE<br \/>\n<\/span><span class=\"s1\"><strong><span style=\"color: #f18519;\">- <\/span><\/strong>90\/396\/CEE<br \/>\n<\/span><span class=\"s1\"><strong><span style=\"color: #f18519;\">- <\/span><\/strong>EN 676<\/span><span class=\"s1\">\u00a0<\/span><\/p>\n<p class=\"p1\"><strong><span class=\"s1\">OPTIONS<\/span><\/strong><\/p>\n<ul>\n<li class=\"p1\">Analyseur d'O2 en continu pour une efficacit\u00e9 accrue.<\/li>\n<li class=\"p1\">Analyseur de CO en continu pour un syst\u00e8me de contr\u00f4le sensible.<\/li>\n<li class=\"p1\">Variateur de vitesse (inverter) pour prolonger la dur\u00e9e de vie du produit.<\/li>\n<li class=\"p1\">Protection IP 65 sur demande.<\/li>\n<li class=\"p1\">Possibilit\u00e9 de s\u00e9lectionner la t\u00eate de pr\u00e9-m\u00e9lange pour un faible taux de NOx.<\/li>\n<li class=\"p1\">Recirculation interne ou externe des gaz de combustion pour de faibles \u00e9missions.<\/li>\n<li class=\"p1\">Combustion simultan\u00e9e.<\/li>\n<li class=\"p1\">Ventilateur insonoris\u00e9.<\/li>\n<\/ul>","protected":false},"excerpt":{"rendered":"<p>Peut utiliser du gaz naturel, du propane, du biogaz, de l'hydrog\u00e8ne, etc. Convient aux chaudi\u00e8res \u00e0 vapeur, aux chaudi\u00e8res \u00e0 eau chaude, aux fours, aux s\u00e9choirs, aux g\u00e9n\u00e9rateurs d'huile thermique, etc. La flamme peut \u00eatre ajust\u00e9e \u00e0 la chambre de combustion. La flamme peut \u00eatre ajust\u00e9e \u00e0 la chambre de combustion. La t\u00eate de combustion, le ventilateur, le panneau de contr\u00f4le, le train de gaz peuvent \u00eatre s\u00e9lectionn\u00e9s en fonction des circonstances sp\u00e9cifiques de chaque installation. Le rapport [...]<\/p>","protected":false},"featured_media":832,"comment_status":"open","ping_status":"closed","template":"","meta":{"_acf_changed":false,"site-sidebar-layout":"default","site-content-layout":"default","ast-site-content-layout":"default","site-content-style":"default","site-sidebar-style":"default","ast-global-header-display":"","ast-banner-title-visibility":"","ast-main-header-display":"","ast-hfb-above-header-display":"","ast-hfb-below-header-display":"","ast-hfb-mobile-header-display":"","site-post-title":"","ast-breadcrumbs-content":"","ast-featured-img":"","footer-sml-layout":"","ast-disable-related-posts":"","theme-transparent-header-meta":"default","adv-header-id-meta":"","stick-header-meta":"","header-above-stick-meta":"","header-main-stick-meta":"","header-below-stick-meta":"","astra-migrate-meta-layouts":"set","ast-page-background-enabled":"default","ast-page-background-meta":{"desktop":{"background-color":"var(--ast-global-color-4)","background-image":"","background-repeat":"repeat","background-position":"center center","background-size":"auto","background-attachment":"scroll","background-type":"","background-media":"","overlay-type":"","overlay-color":"","overlay-opacity":"","overlay-gradient":""},"tablet":{"background-color":"","background-image":"","background-repeat":"repeat","background-position":"center center","background-size":"auto","background-attachment":"scroll","background-type":"","background-media":"","overlay-type":"","overlay-color":"","overlay-opacity":"","overlay-gradient":""},"mobile":{"background-color":"","background-image":"","background-repeat":"repeat","background-position":"center center","background-size":"auto","background-attachment":"scroll","background-type":"","background-media":"","overlay-type":"","overlay-color":"","overlay-opacity":"","overlay-gradient":""}},"ast-content-background-meta":{"desktop":{"background-color":"var(--ast-global-color-5)","background-image":"","background-repeat":"repeat","background-position":"center center","background-size":"auto","background-attachment":"scroll","background-type":"","background-media":"","overlay-type":"","overlay-color":"","overlay-opacity":"","overlay-gradient":""},"tablet":{"background-color":"var(--ast-global-color-5)","background-image":"","background-repeat":"repeat","background-position":"center center","background-size":"auto","background-attachment":"scroll","background-type":"","background-media":"","overlay-type":"","overlay-color":"","overlay-opacity":"","overlay-gradient":""},"mobile":{"background-color":"var(--ast-global-color-5)","background-image":"","background-repeat":"repeat","background-position":"center center","background-size":"auto","background-attachment":"scroll","background-type":"","background-media":"","overlay-type":"","overlay-color":"","overlay-opacity":"","overlay-gradient":""}}},"product_brand":[],"product_cat":[22],"product_tag":[],"class_list":{"0":"post-215","1":"product","2":"type-product","3":"status-publish","4":"has-post-thumbnail","6":"product_cat-quemadores-de-gas","7":"desktop-align-left","8":"tablet-align-left","9":"mobile-align-left","11":"first","12":"instock","13":"taxable","14":"shipping-taxable","15":"product-type-simple"},"acf":[],"yoast_head":"<!-- This site is optimized with the Yoast SEO Premium plugin v27.2 (Yoast SEO v27.2) - https:\/\/yoast.com\/product\/yoast-seo-premium-wordpress\/ -->\n<title>DSC 16.1 GM Quemador duobloc modulante electr\u00f3nico de gas Epsylon - Flamtec<\/title>\n<meta name=\"robots\" content=\"index, follow, max-snippet:-1, max-image-preview:large, max-video-preview:-1\" \/>\n<link rel=\"canonical\" href=\"https:\/\/flamtec.es\/fr\/produit\/dsc-16-1-gme-quemador-duobloc-modulante-electronico-de-gas-epsylon\/\" \/>\n<meta property=\"og:locale\" content=\"fr_FR\" \/>\n<meta property=\"og:type\" content=\"article\" \/>\n<meta property=\"og:title\" content=\"DSC 16.1 GM Quemador duobloc modulante electr\u00f3nico de gas Epsylon\" \/>\n<meta property=\"og:description\" content=\"Puede utilizar gas natural, propano, biog\u00e1s, hidr\u00f3geno, etc. Adecuado para caldera de vapor, agua caliente, hornos, secadores, generadores de aceite t\u00e9rmico etc. La llama puede ajustarse a la c\u00e1mara de combusti\u00f3n. Puede seleccionarse el cabezal de combusti\u00f3n, ventilador, panel de control, tren de gas de acuerdo a las circunstancias espec\u00edficas de cada instalaci\u00f3n. La relaci\u00f3n [&hellip;]\" \/>\n<meta property=\"og:url\" content=\"https:\/\/flamtec.es\/fr\/produit\/dsc-16-1-gme-quemador-duobloc-modulante-electronico-de-gas-epsylon\/\" \/>\n<meta property=\"og:site_name\" content=\"Flamtec\" \/>\n<meta property=\"article:modified_time\" content=\"2025-03-25T08:43:42+00:00\" \/>\n<meta property=\"og:image\" content=\"https:\/\/flamtec.es\/wp-content\/uploads\/2022\/07\/2-ft.jpg\" \/>\n\t<meta property=\"og:image:width\" content=\"1000\" \/>\n\t<meta property=\"og:image:height\" content=\"1000\" \/>\n\t<meta property=\"og:image:type\" content=\"image\/jpeg\" \/>\n<meta name=\"twitter:card\" content=\"summary_large_image\" \/>\n<meta name=\"twitter:label1\" content=\"Prix\" \/>\n\t<meta name=\"twitter:data1\" content=\"\" \/>\n\t<meta name=\"twitter:label2\" content=\"Disponibilit\u00e9\" \/>\n\t<meta name=\"twitter:data2\" content=\"En stock\" \/>\n<script type=\"application\/ld+json\" class=\"yoast-schema-graph\">{\"@context\":\"https:\/\/schema.org\",\"@graph\":[{\"@type\":\"WebPage\",\"@id\":\"https:\/\/flamtec.es\/fr\/produit\/dsc-16-1-gme-quemador-duobloc-modulante-electronico-de-gas-epsylon\/\",\"url\":\"https:\/\/flamtec.es\/fr\/produit\/dsc-16-1-gme-quemador-duobloc-modulante-electronico-de-gas-epsylon\/\",\"name\":\"DSC 16.1 GM Quemador duobloc modulante electr\u00f3nico de gas Epsylon - Flamtec\",\"isPartOf\":{\"@id\":\"https:\/\/flamtec.es\/en\/#website\"},\"primaryImageOfPage\":{\"@id\":\"https:\/\/flamtec.es\/fr\/produit\/dsc-16-1-gme-quemador-duobloc-modulante-electronico-de-gas-epsylon\/#primaryimage\"},\"image\":{\"@id\":\"https:\/\/flamtec.es\/fr\/produit\/dsc-16-1-gme-quemador-duobloc-modulante-electronico-de-gas-epsylon\/#primaryimage\"},\"thumbnailUrl\":\"https:\/\/flamtec.es\/wp-content\/uploads\/2022\/07\/2-ft.jpg\",\"datePublished\":\"2022-07-01T20:04:23+00:00\",\"dateModified\":\"2025-03-25T08:43:42+00:00\",\"breadcrumb\":{\"@id\":\"https:\/\/flamtec.es\/fr\/produit\/dsc-16-1-gme-quemador-duobloc-modulante-electronico-de-gas-epsylon\/#breadcrumb\"},\"inLanguage\":\"fr-FR\",\"potentialAction\":[{\"@type\":\"ReadAction\",\"target\":[\"https:\/\/flamtec.es\/fr\/produit\/dsc-16-1-gme-quemador-duobloc-modulante-electronico-de-gas-epsylon\/\"]}]},{\"@type\":\"ImageObject\",\"inLanguage\":\"fr-FR\",\"@id\":\"https:\/\/flamtec.es\/fr\/produit\/dsc-16-1-gme-quemador-duobloc-modulante-electronico-de-gas-epsylon\/#primaryimage\",\"url\":\"https:\/\/flamtec.es\/wp-content\/uploads\/2022\/07\/2-ft.jpg\",\"contentUrl\":\"https:\/\/flamtec.es\/wp-content\/uploads\/2022\/07\/2-ft.jpg\",\"width\":1000,\"height\":1000},{\"@type\":\"BreadcrumbList\",\"@id\":\"https:\/\/flamtec.es\/fr\/produit\/dsc-16-1-gme-quemador-duobloc-modulante-electronico-de-gas-epsylon\/#breadcrumb\",\"itemListElement\":[{\"@type\":\"ListItem\",\"position\":1,\"name\":\"Portada\",\"item\":\"https:\/\/flamtec.es\/\"},{\"@type\":\"ListItem\",\"position\":2,\"name\":\"Productos\",\"item\":\"https:\/\/flamtec.es\/en\/productos\/\"},{\"@type\":\"ListItem\",\"position\":3,\"name\":\"DSC 16.1 GM Quemador duobloc modulante electr\u00f3nico de gas Epsylon\"}]},{\"@type\":\"WebSite\",\"@id\":\"https:\/\/flamtec.es\/en\/#website\",\"url\":\"https:\/\/flamtec.es\/en\/\",\"name\":\"Flamtec Combusti\u00f3n Ib\u00e9rica\",\"description\":\"Tecnolog\u00eda de la Combusti\u00f3n\",\"publisher\":{\"@id\":\"https:\/\/flamtec.es\/en\/#organization\"},\"alternateName\":\"Flamtec\",\"potentialAction\":[{\"@type\":\"SearchAction\",\"target\":{\"@type\":\"EntryPoint\",\"urlTemplate\":\"https:\/\/flamtec.es\/en\/?s={search_term_string}\"},\"query-input\":{\"@type\":\"PropertyValueSpecification\",\"valueRequired\":true,\"valueName\":\"search_term_string\"}}],\"inLanguage\":\"fr-FR\"},{\"@type\":\"Organization\",\"@id\":\"https:\/\/flamtec.es\/en\/#organization\",\"name\":\"Flamtec Combusti\u00f3n Ib\u00e9rica\",\"alternateName\":\"Flamtec\",\"url\":\"https:\/\/flamtec.es\/en\/\",\"logo\":{\"@type\":\"ImageObject\",\"inLanguage\":\"fr-FR\",\"@id\":\"https:\/\/flamtec.es\/en\/#\/schema\/logo\/image\/\",\"url\":\"https:\/\/flamtec.es\/wp-content\/uploads\/2022\/12\/Logo-rgb.svg\",\"contentUrl\":\"https:\/\/flamtec.es\/wp-content\/uploads\/2022\/12\/Logo-rgb.svg\",\"width\":288,\"height\":202,\"caption\":\"Flamtec Combusti\u00f3n Ib\u00e9rica\"},\"image\":{\"@id\":\"https:\/\/flamtec.es\/en\/#\/schema\/logo\/image\/\"}}]}<\/script>\n<meta property=\"product:price:currency\" content=\"EUR\" \/>\n<meta property=\"og:availability\" content=\"instock\" \/>\n<meta property=\"product:availability\" content=\"instock\" \/>\n<meta property=\"product:condition\" content=\"new\" \/>\n<!-- \/ Yoast SEO Premium plugin. -->","yoast_head_json":{"title":"DSC 16.1 GM Quemador duobloc modulante electr\u00f3nico de gas Epsylon - Flamtec","robots":{"index":"index","follow":"follow","max-snippet":"max-snippet:-1","max-image-preview":"max-image-preview:large","max-video-preview":"max-video-preview:-1"},"canonical":"https:\/\/flamtec.es\/fr\/produit\/dsc-16-1-gme-quemador-duobloc-modulante-electronico-de-gas-epsylon\/","og_locale":"fr_FR","og_type":"article","og_title":"DSC 16.1 GM Quemador duobloc modulante electr\u00f3nico de gas Epsylon","og_description":"Puede utilizar gas natural, propano, biog\u00e1s, hidr\u00f3geno, etc. Adecuado para caldera de vapor, agua caliente, hornos, secadores, generadores de aceite t\u00e9rmico etc. La llama puede ajustarse a la c\u00e1mara de combusti\u00f3n. Puede seleccionarse el cabezal de combusti\u00f3n, ventilador, panel de control, tren de gas de acuerdo a las circunstancias espec\u00edficas de cada instalaci\u00f3n. La relaci\u00f3n [&hellip;]","og_url":"https:\/\/flamtec.es\/fr\/produit\/dsc-16-1-gme-quemador-duobloc-modulante-electronico-de-gas-epsylon\/","og_site_name":"Flamtec","article_modified_time":"2025-03-25T08:43:42+00:00","og_image":[{"width":1000,"height":1000,"url":"https:\/\/flamtec.es\/wp-content\/uploads\/2022\/07\/2-ft.jpg","type":"image\/jpeg"}],"twitter_card":"summary_large_image","twitter_misc":{"Prix":"","Disponibilit\u00e9":"En stock"},"schema":{"@context":"https:\/\/schema.org","@graph":[{"@type":"WebPage","@id":"https:\/\/flamtec.es\/fr\/produit\/dsc-16-1-gme-quemador-duobloc-modulante-electronico-de-gas-epsylon\/","url":"https:\/\/flamtec.es\/fr\/produit\/dsc-16-1-gme-quemador-duobloc-modulante-electronico-de-gas-epsylon\/","name":"DSC 16.1 GM Quemador duobloc modulante electr\u00f3nico de gas Epsylon - Flamtec","isPartOf":{"@id":"https:\/\/flamtec.es\/en\/#website"},"primaryImageOfPage":{"@id":"https:\/\/flamtec.es\/fr\/produit\/dsc-16-1-gme-quemador-duobloc-modulante-electronico-de-gas-epsylon\/#primaryimage"},"image":{"@id":"https:\/\/flamtec.es\/fr\/produit\/dsc-16-1-gme-quemador-duobloc-modulante-electronico-de-gas-epsylon\/#primaryimage"},"thumbnailUrl":"https:\/\/flamtec.es\/wp-content\/uploads\/2022\/07\/2-ft.jpg","datePublished":"2022-07-01T20:04:23+00:00","dateModified":"2025-03-25T08:43:42+00:00","breadcrumb":{"@id":"https:\/\/flamtec.es\/fr\/produit\/dsc-16-1-gme-quemador-duobloc-modulante-electronico-de-gas-epsylon\/#breadcrumb"},"inLanguage":"fr-FR","potentialAction":[{"@type":"ReadAction","target":["https:\/\/flamtec.es\/fr\/produit\/dsc-16-1-gme-quemador-duobloc-modulante-electronico-de-gas-epsylon\/"]}]},{"@type":"ImageObject","inLanguage":"fr-FR","@id":"https:\/\/flamtec.es\/fr\/produit\/dsc-16-1-gme-quemador-duobloc-modulante-electronico-de-gas-epsylon\/#primaryimage","url":"https:\/\/flamtec.es\/wp-content\/uploads\/2022\/07\/2-ft.jpg","contentUrl":"https:\/\/flamtec.es\/wp-content\/uploads\/2022\/07\/2-ft.jpg","width":1000,"height":1000},{"@type":"BreadcrumbList","@id":"https:\/\/flamtec.es\/fr\/produit\/dsc-16-1-gme-quemador-duobloc-modulante-electronico-de-gas-epsylon\/#breadcrumb","itemListElement":[{"@type":"ListItem","position":1,"name":"Portada","item":"https:\/\/flamtec.es\/"},{"@type":"ListItem","position":2,"name":"Productos","item":"https:\/\/flamtec.es\/en\/productos\/"},{"@type":"ListItem","position":3,"name":"DSC 16.1 GM Quemador duobloc modulante electr\u00f3nico de gas Epsylon"}]},{"@type":"WebSite","@id":"https:\/\/flamtec.es\/en\/#website","url":"https:\/\/flamtec.es\/en\/","name":"Flamtec Combusti\u00f3n Ib\u00e9rica","description":"Tecnolog\u00eda de la Combusti\u00f3n","publisher":{"@id":"https:\/\/flamtec.es\/en\/#organization"},"alternateName":"Flamtec","potentialAction":[{"@type":"SearchAction","target":{"@type":"EntryPoint","urlTemplate":"https:\/\/flamtec.es\/en\/?s={search_term_string}"},"query-input":{"@type":"PropertyValueSpecification","valueRequired":true,"valueName":"search_term_string"}}],"inLanguage":"fr-FR"},{"@type":"Organization","@id":"https:\/\/flamtec.es\/en\/#organization","name":"Flamtec Combusti\u00f3n Ib\u00e9rica","alternateName":"Flamtec","url":"https:\/\/flamtec.es\/en\/","logo":{"@type":"ImageObject","inLanguage":"fr-FR","@id":"https:\/\/flamtec.es\/en\/#\/schema\/logo\/image\/","url":"https:\/\/flamtec.es\/wp-content\/uploads\/2022\/12\/Logo-rgb.svg","contentUrl":"https:\/\/flamtec.es\/wp-content\/uploads\/2022\/12\/Logo-rgb.svg","width":288,"height":202,"caption":"Flamtec Combusti\u00f3n Ib\u00e9rica"},"image":{"@id":"https:\/\/flamtec.es\/en\/#\/schema\/logo\/image\/"}}]},"product_price_currency":"EUR","og_availability":"instock","product_availability":"instock","product_condition":"new"},"_links":{"self":[{"href":"https:\/\/flamtec.es\/fr\/wp-json\/wp\/v2\/product\/215","targetHints":{"allow":["GET"]}}],"collection":[{"href":"https:\/\/flamtec.es\/fr\/wp-json\/wp\/v2\/product"}],"about":[{"href":"https:\/\/flamtec.es\/fr\/wp-json\/wp\/v2\/types\/product"}],"replies":[{"embeddable":true,"href":"https:\/\/flamtec.es\/fr\/wp-json\/wp\/v2\/comments?post=215"}],"wp:featuredmedia":[{"embeddable":true,"href":"https:\/\/flamtec.es\/fr\/wp-json\/wp\/v2\/media\/832"}],"wp:attachment":[{"href":"https:\/\/flamtec.es\/fr\/wp-json\/wp\/v2\/media?parent=215"}],"wp:term":[{"taxonomy":"product_brand","embeddable":true,"href":"https:\/\/flamtec.es\/fr\/wp-json\/wp\/v2\/product_brand?post=215"},{"taxonomy":"product_cat","embeddable":true,"href":"https:\/\/flamtec.es\/fr\/wp-json\/wp\/v2\/product_cat?post=215"},{"taxonomy":"product_tag","embeddable":true,"href":"https:\/\/flamtec.es\/fr\/wp-json\/wp\/v2\/product_tag?post=215"}],"curies":[{"name":"wp","href":"https:\/\/api.w.org\/{rel}","templated":true}]}}