{"id":1370,"date":"2025-05-02T07:07:25","date_gmt":"2025-05-02T07:07:25","guid":{"rendered":"https:\/\/flamtec.es\/?post_type=product&#038;p=1370"},"modified":"2026-03-27T14:14:40","modified_gmt":"2026-03-27T14:14:40","slug":"vgd40-080-siemens","status":"publish","type":"product","link":"https:\/\/flamtec.es\/fr\/produit\/vgd40-080-siemens\/","title":{"rendered":"VGD40.080 SIEMENS"},"content":{"rendered":"<p>Vanne \u00e0 double bride DN80.<\/p>","protected":false},"excerpt":{"rendered":"<p>Vanne \u00e0 double bride DN80.<\/p>","protected":false},"featured_media":1587,"comment_status":"open","ping_status":"closed","template":"","meta":{"_acf_changed":false,"site-sidebar-layout":"default","site-content-layout":"","ast-site-content-layout":"default","site-content-style":"default","site-sidebar-style":"default","ast-global-header-display":"","ast-banner-title-visibility":"","ast-main-header-display":"","ast-hfb-above-header-display":"","ast-hfb-below-header-display":"","ast-hfb-mobile-header-display":"","site-post-title":"","ast-breadcrumbs-content":"","ast-featured-img":"","footer-sml-layout":"","ast-disable-related-posts":"","theme-transparent-header-meta":"default","adv-header-id-meta":"","stick-header-meta":"","header-above-stick-meta":"","header-main-stick-meta":"","header-below-stick-meta":"","astra-migrate-meta-layouts":"set","ast-page-background-enabled":"default","ast-page-background-meta":{"desktop":{"background-color":"var(--ast-global-color-4)","background-image":"","background-repeat":"repeat","background-position":"center center","background-size":"auto","background-attachment":"scroll","background-type":"","background-media":"","overlay-type":"","overlay-color":"","overlay-opacity":"","overlay-gradient":""},"tablet":{"background-color":"","background-image":"","background-repeat":"repeat","background-position":"center center","background-size":"auto","background-attachment":"scroll","background-type":"","background-media":"","overlay-type":"","overlay-color":"","overlay-opacity":"","overlay-gradient":""},"mobile":{"background-color":"","background-image":"","background-repeat":"repeat","background-position":"center center","background-size":"auto","background-attachment":"scroll","background-type":"","background-media":"","overlay-type":"","overlay-color":"","overlay-opacity":"","overlay-gradient":""}},"ast-content-background-meta":{"desktop":{"background-color":"var(--ast-global-color-5)","background-image":"","background-repeat":"repeat","background-position":"center center","background-size":"auto","background-attachment":"scroll","background-type":"","background-media":"","overlay-type":"","overlay-color":"","overlay-opacity":"","overlay-gradient":""},"tablet":{"background-color":"var(--ast-global-color-5)","background-image":"","background-repeat":"repeat","background-position":"center center","background-size":"auto","background-attachment":"scroll","background-type":"","background-media":"","overlay-type":"","overlay-color":"","overlay-opacity":"","overlay-gradient":""},"mobile":{"background-color":"var(--ast-global-color-5)","background-image":"","background-repeat":"repeat","background-position":"center center","background-size":"auto","background-attachment":"scroll","background-type":"","background-media":"","overlay-type":"","overlay-color":"","overlay-opacity":"","overlay-gradient":""}}},"product_brand":[],"product_cat":[157],"product_tag":[],"class_list":{"0":"post-1370","1":"product","2":"type-product","3":"status-publish","4":"has-post-thumbnail","6":"product_cat-siemens","7":"desktop-align-left","8":"tablet-align-left","9":"mobile-align-left","11":"first","12":"onbackorder","13":"taxable","14":"shipping-taxable","15":"purchasable","16":"product-type-simple"},"acf":[],"yoast_head":"<!-- This site is optimized with the Yoast SEO Premium plugin v27.4 (Yoast SEO v27.4) - https:\/\/yoast.com\/product\/yoast-seo-premium-wordpress\/ -->\n<title>VGD40.080 Siemens para Conexiones DN80 de Alta Calidad - Flamtec<\/title>\n<meta name=\"description\" content=\"Optimiza tus sistemas con la VGD40.080 siemens, una v\u00e1lvula doble embridada DN80. Soluciona tus necesidades de control hoy mismo. \ud83d\udd27\" \/>\n<meta name=\"robots\" content=\"index, follow, max-snippet:-1, max-image-preview:large, max-video-preview:-1\" \/>\n<link rel=\"canonical\" href=\"https:\/\/flamtec.es\/fr\/produit\/vgd40-080-siemens\/\" \/>\n<meta property=\"og:locale\" content=\"fr_FR\" \/>\n<meta property=\"og:type\" content=\"article\" \/>\n<meta property=\"og:title\" content=\"VGD40.080 SIEMENS\" \/>\n<meta property=\"og:description\" content=\"Optimiza tus sistemas con la VGD40.080 siemens, una v\u00e1lvula doble embridada DN80. Soluciona tus necesidades de control hoy mismo. \ud83d\udd27\" \/>\n<meta property=\"og:url\" content=\"https:\/\/flamtec.es\/fr\/produit\/vgd40-080-siemens\/\" \/>\n<meta property=\"og:site_name\" content=\"Flamtec\" \/>\n<meta property=\"article:modified_time\" content=\"2026-03-27T14:14:40+00:00\" \/>\n<meta property=\"og:image\" content=\"https:\/\/flamtec.es\/wp-content\/uploads\/2025\/05\/VDG40.080-SIEMENS.png\" \/>\n\t<meta property=\"og:image:width\" content=\"1024\" \/>\n\t<meta property=\"og:image:height\" content=\"1024\" \/>\n\t<meta property=\"og:image:type\" content=\"image\/png\" \/>\n<meta name=\"twitter:card\" content=\"summary_large_image\" \/>\n<meta name=\"twitter:label1\" content=\"Prix\" \/>\n\t<meta name=\"twitter:data1\" content=\"2.029,37&nbsp;&euro;\" \/>\n\t<meta name=\"twitter:label2\" content=\"Disponibilit\u00e9\" \/>\n\t<meta name=\"twitter:data2\" content=\"En r\u00e9assort\" \/>\n<script type=\"application\/ld+json\" class=\"yoast-schema-graph\">{\"@context\":\"https:\\\/\\\/schema.org\",\"@graph\":[{\"@type\":\"WebPage\",\"@id\":\"https:\\\/\\\/flamtec.es\\\/producto\\\/vgd40-080-siemens\\\/\",\"url\":\"https:\\\/\\\/flamtec.es\\\/producto\\\/vgd40-080-siemens\\\/\",\"name\":\"VGD40.080 Siemens para Conexiones DN80 de Alta Calidad - Flamtec\",\"isPartOf\":{\"@id\":\"https:\\\/\\\/flamtec.es\\\/en\\\/#website\"},\"primaryImageOfPage\":{\"@id\":\"https:\\\/\\\/flamtec.es\\\/producto\\\/vgd40-080-siemens\\\/#primaryimage\"},\"image\":{\"@id\":\"https:\\\/\\\/flamtec.es\\\/producto\\\/vgd40-080-siemens\\\/#primaryimage\"},\"thumbnailUrl\":\"https:\\\/\\\/flamtec.es\\\/wp-content\\\/uploads\\\/2025\\\/05\\\/VDG40.080-SIEMENS.png\",\"datePublished\":\"2025-05-02T07:07:25+00:00\",\"dateModified\":\"2026-03-27T14:14:40+00:00\",\"description\":\"Optimiza tus sistemas con la VGD40.080 siemens, una v\u00e1lvula doble embridada DN80. Soluciona tus necesidades de control hoy mismo. \ud83d\udd27\",\"breadcrumb\":{\"@id\":\"https:\\\/\\\/flamtec.es\\\/producto\\\/vgd40-080-siemens\\\/#breadcrumb\"},\"inLanguage\":\"fr-FR\",\"potentialAction\":[{\"@type\":\"ReadAction\",\"target\":[\"https:\\\/\\\/flamtec.es\\\/producto\\\/vgd40-080-siemens\\\/\"]}]},{\"@type\":\"ImageObject\",\"inLanguage\":\"fr-FR\",\"@id\":\"https:\\\/\\\/flamtec.es\\\/producto\\\/vgd40-080-siemens\\\/#primaryimage\",\"url\":\"https:\\\/\\\/flamtec.es\\\/wp-content\\\/uploads\\\/2025\\\/05\\\/VDG40.080-SIEMENS.png\",\"contentUrl\":\"https:\\\/\\\/flamtec.es\\\/wp-content\\\/uploads\\\/2025\\\/05\\\/VDG40.080-SIEMENS.png\",\"width\":1024,\"height\":1024},{\"@type\":\"BreadcrumbList\",\"@id\":\"https:\\\/\\\/flamtec.es\\\/producto\\\/vgd40-080-siemens\\\/#breadcrumb\",\"itemListElement\":[{\"@type\":\"ListItem\",\"position\":1,\"name\":\"Portada\",\"item\":\"https:\\\/\\\/flamtec.es\\\/\"},{\"@type\":\"ListItem\",\"position\":2,\"name\":\"Productos\",\"item\":\"https:\\\/\\\/flamtec.es\\\/en\\\/productos\\\/\"},{\"@type\":\"ListItem\",\"position\":3,\"name\":\"VGD40.080 SIEMENS\"}]},{\"@type\":\"WebSite\",\"@id\":\"https:\\\/\\\/flamtec.es\\\/en\\\/#website\",\"url\":\"https:\\\/\\\/flamtec.es\\\/en\\\/\",\"name\":\"Flamtec Combusti\u00f3n Ib\u00e9rica\",\"description\":\"Tecnolog\u00eda de la Combusti\u00f3n\",\"publisher\":{\"@id\":\"https:\\\/\\\/flamtec.es\\\/en\\\/#organization\"},\"alternateName\":\"Flamtec\",\"potentialAction\":[{\"@type\":\"SearchAction\",\"target\":{\"@type\":\"EntryPoint\",\"urlTemplate\":\"https:\\\/\\\/flamtec.es\\\/en\\\/?s={search_term_string}\"},\"query-input\":{\"@type\":\"PropertyValueSpecification\",\"valueRequired\":true,\"valueName\":\"search_term_string\"}}],\"inLanguage\":\"fr-FR\"},{\"@type\":\"Organization\",\"@id\":\"https:\\\/\\\/flamtec.es\\\/en\\\/#organization\",\"name\":\"Flamtec Combusti\u00f3n Ib\u00e9rica\",\"alternateName\":\"Flamtec\",\"url\":\"https:\\\/\\\/flamtec.es\\\/en\\\/\",\"logo\":{\"@type\":\"ImageObject\",\"inLanguage\":\"fr-FR\",\"@id\":\"https:\\\/\\\/flamtec.es\\\/en\\\/#\\\/schema\\\/logo\\\/image\\\/\",\"url\":\"https:\\\/\\\/flamtec.es\\\/wp-content\\\/uploads\\\/2022\\\/12\\\/Logo-rgb.svg\",\"contentUrl\":\"https:\\\/\\\/flamtec.es\\\/wp-content\\\/uploads\\\/2022\\\/12\\\/Logo-rgb.svg\",\"width\":288,\"height\":202,\"caption\":\"Flamtec Combusti\u00f3n Ib\u00e9rica\"},\"image\":{\"@id\":\"https:\\\/\\\/flamtec.es\\\/en\\\/#\\\/schema\\\/logo\\\/image\\\/\"}}]}<\/script>\n<meta property=\"product:price:amount\" content=\"2029.37\" \/>\n<meta property=\"product:price:currency\" content=\"EUR\" \/>\n<meta property=\"og:availability\" content=\"backorder\" \/>\n<meta property=\"product:availability\" content=\"available for order\" \/>\n<meta property=\"product:retailer_item_id\" content=\"VGD40.080\" \/>\n<meta property=\"product:condition\" content=\"new\" \/>\n<!-- \/ Yoast SEO Premium plugin. -->","yoast_head_json":{"title":"VGD40.080 Siemens para Conexiones DN80 de Alta Calidad - Flamtec","description":"Optimiza tus sistemas con la VGD40.080 siemens, una v\u00e1lvula doble embridada DN80. Soluciona tus necesidades de control hoy mismo. \ud83d\udd27","robots":{"index":"index","follow":"follow","max-snippet":"max-snippet:-1","max-image-preview":"max-image-preview:large","max-video-preview":"max-video-preview:-1"},"canonical":"https:\/\/flamtec.es\/fr\/produit\/vgd40-080-siemens\/","og_locale":"fr_FR","og_type":"article","og_title":"VGD40.080 SIEMENS","og_description":"Optimiza tus sistemas con la VGD40.080 siemens, una v\u00e1lvula doble embridada DN80. Soluciona tus necesidades de control hoy mismo. \ud83d\udd27","og_url":"https:\/\/flamtec.es\/fr\/produit\/vgd40-080-siemens\/","og_site_name":"Flamtec","article_modified_time":"2026-03-27T14:14:40+00:00","og_image":[{"width":1024,"height":1024,"url":"https:\/\/flamtec.es\/wp-content\/uploads\/2025\/05\/VDG40.080-SIEMENS.png","type":"image\/png"}],"twitter_card":"summary_large_image","twitter_misc":{"Prix":"2.029,37&nbsp;&euro;","Disponibilit\u00e9":"En r\u00e9assort"},"schema":{"@context":"https:\/\/schema.org","@graph":[{"@type":"WebPage","@id":"https:\/\/flamtec.es\/producto\/vgd40-080-siemens\/","url":"https:\/\/flamtec.es\/producto\/vgd40-080-siemens\/","name":"VGD40.080 Siemens para Conexiones DN80 de Alta Calidad - Flamtec","isPartOf":{"@id":"https:\/\/flamtec.es\/en\/#website"},"primaryImageOfPage":{"@id":"https:\/\/flamtec.es\/producto\/vgd40-080-siemens\/#primaryimage"},"image":{"@id":"https:\/\/flamtec.es\/producto\/vgd40-080-siemens\/#primaryimage"},"thumbnailUrl":"https:\/\/flamtec.es\/wp-content\/uploads\/2025\/05\/VDG40.080-SIEMENS.png","datePublished":"2025-05-02T07:07:25+00:00","dateModified":"2026-03-27T14:14:40+00:00","description":"Optimiza tus sistemas con la VGD40.080 siemens, una v\u00e1lvula doble embridada DN80. Soluciona tus necesidades de control hoy mismo. \ud83d\udd27","breadcrumb":{"@id":"https:\/\/flamtec.es\/producto\/vgd40-080-siemens\/#breadcrumb"},"inLanguage":"fr-FR","potentialAction":[{"@type":"ReadAction","target":["https:\/\/flamtec.es\/producto\/vgd40-080-siemens\/"]}]},{"@type":"ImageObject","inLanguage":"fr-FR","@id":"https:\/\/flamtec.es\/producto\/vgd40-080-siemens\/#primaryimage","url":"https:\/\/flamtec.es\/wp-content\/uploads\/2025\/05\/VDG40.080-SIEMENS.png","contentUrl":"https:\/\/flamtec.es\/wp-content\/uploads\/2025\/05\/VDG40.080-SIEMENS.png","width":1024,"height":1024},{"@type":"BreadcrumbList","@id":"https:\/\/flamtec.es\/producto\/vgd40-080-siemens\/#breadcrumb","itemListElement":[{"@type":"ListItem","position":1,"name":"Portada","item":"https:\/\/flamtec.es\/"},{"@type":"ListItem","position":2,"name":"Productos","item":"https:\/\/flamtec.es\/en\/productos\/"},{"@type":"ListItem","position":3,"name":"VGD40.080 SIEMENS"}]},{"@type":"WebSite","@id":"https:\/\/flamtec.es\/en\/#website","url":"https:\/\/flamtec.es\/en\/","name":"Flamtec Combusti\u00f3n Ib\u00e9rica","description":"Tecnolog\u00eda de la Combusti\u00f3n","publisher":{"@id":"https:\/\/flamtec.es\/en\/#organization"},"alternateName":"Flamtec","potentialAction":[{"@type":"SearchAction","target":{"@type":"EntryPoint","urlTemplate":"https:\/\/flamtec.es\/en\/?s={search_term_string}"},"query-input":{"@type":"PropertyValueSpecification","valueRequired":true,"valueName":"search_term_string"}}],"inLanguage":"fr-FR"},{"@type":"Organization","@id":"https:\/\/flamtec.es\/en\/#organization","name":"Flamtec Combusti\u00f3n Ib\u00e9rica","alternateName":"Flamtec","url":"https:\/\/flamtec.es\/en\/","logo":{"@type":"ImageObject","inLanguage":"fr-FR","@id":"https:\/\/flamtec.es\/en\/#\/schema\/logo\/image\/","url":"https:\/\/flamtec.es\/wp-content\/uploads\/2022\/12\/Logo-rgb.svg","contentUrl":"https:\/\/flamtec.es\/wp-content\/uploads\/2022\/12\/Logo-rgb.svg","width":288,"height":202,"caption":"Flamtec Combusti\u00f3n Ib\u00e9rica"},"image":{"@id":"https:\/\/flamtec.es\/en\/#\/schema\/logo\/image\/"}}]},"product_price_amount":"2029.37","product_price_currency":"EUR","og_availability":"backorder","product_availability":"available for order","product_retailer_item_id":"VGD40.080","product_condition":"new"},"_links":{"self":[{"href":"https:\/\/flamtec.es\/fr\/wp-json\/wp\/v2\/product\/1370","targetHints":{"allow":["GET"]}}],"collection":[{"href":"https:\/\/flamtec.es\/fr\/wp-json\/wp\/v2\/product"}],"about":[{"href":"https:\/\/flamtec.es\/fr\/wp-json\/wp\/v2\/types\/product"}],"replies":[{"embeddable":true,"href":"https:\/\/flamtec.es\/fr\/wp-json\/wp\/v2\/comments?post=1370"}],"wp:featuredmedia":[{"embeddable":true,"href":"https:\/\/flamtec.es\/fr\/wp-json\/wp\/v2\/media\/1587"}],"wp:attachment":[{"href":"https:\/\/flamtec.es\/fr\/wp-json\/wp\/v2\/media?parent=1370"}],"wp:term":[{"taxonomy":"product_brand","embeddable":true,"href":"https:\/\/flamtec.es\/fr\/wp-json\/wp\/v2\/product_brand?post=1370"},{"taxonomy":"product_cat","embeddable":true,"href":"https:\/\/flamtec.es\/fr\/wp-json\/wp\/v2\/product_cat?post=1370"},{"taxonomy":"product_tag","embeddable":true,"href":"https:\/\/flamtec.es\/fr\/wp-json\/wp\/v2\/product_tag?post=1370"}],"curies":[{"name":"wp","href":"https:\/\/api.w.org\/{rel}","templated":true}]}}