{"id":1228,"date":"2025-04-23T11:17:45","date_gmt":"2025-04-23T11:17:45","guid":{"rendered":"https:\/\/flamtec.es\/?post_type=product&#038;p=1228"},"modified":"2026-03-27T14:40:17","modified_gmt":"2026-03-27T14:40:17","slug":"oci460-10-siemens","status":"publish","type":"product","link":"https:\/\/flamtec.es\/fr\/produit\/oci460-10-siemens\/","title":{"rendered":"OCI460.10 SIEMENS"},"content":{"rendered":"<p>Port de liaison BSB vers Modbus RTU RS485 ou TCP ethernet, connexion IP, acc\u00e8s au cloud, adapt\u00e9 aux LME7, LMV2\/3.<\/p>","protected":false},"excerpt":{"rendered":"<p>Port de liaison BSB vers Modbus RTU RS485 ou TCP ethernet, connexion IP, acc\u00e8s au cloud, adapt\u00e9 aux LME7, LMV2\/3.<\/p>","protected":false},"featured_media":1311,"comment_status":"open","ping_status":"closed","template":"","meta":{"_acf_changed":false,"site-sidebar-layout":"default","site-content-layout":"","ast-site-content-layout":"default","site-content-style":"default","site-sidebar-style":"default","ast-global-header-display":"","ast-banner-title-visibility":"","ast-main-header-display":"","ast-hfb-above-header-display":"","ast-hfb-below-header-display":"","ast-hfb-mobile-header-display":"","site-post-title":"","ast-breadcrumbs-content":"","ast-featured-img":"","footer-sml-layout":"","ast-disable-related-posts":"","theme-transparent-header-meta":"default","adv-header-id-meta":"","stick-header-meta":"","header-above-stick-meta":"","header-main-stick-meta":"","header-below-stick-meta":"","astra-migrate-meta-layouts":"set","ast-page-background-enabled":"default","ast-page-background-meta":{"desktop":{"background-color":"var(--ast-global-color-4)","background-image":"","background-repeat":"repeat","background-position":"center center","background-size":"auto","background-attachment":"scroll","background-type":"","background-media":"","overlay-type":"","overlay-color":"","overlay-opacity":"","overlay-gradient":""},"tablet":{"background-color":"","background-image":"","background-repeat":"repeat","background-position":"center center","background-size":"auto","background-attachment":"scroll","background-type":"","background-media":"","overlay-type":"","overlay-color":"","overlay-opacity":"","overlay-gradient":""},"mobile":{"background-color":"","background-image":"","background-repeat":"repeat","background-position":"center center","background-size":"auto","background-attachment":"scroll","background-type":"","background-media":"","overlay-type":"","overlay-color":"","overlay-opacity":"","overlay-gradient":""}},"ast-content-background-meta":{"desktop":{"background-color":"var(--ast-global-color-5)","background-image":"","background-repeat":"repeat","background-position":"center center","background-size":"auto","background-attachment":"scroll","background-type":"","background-media":"","overlay-type":"","overlay-color":"","overlay-opacity":"","overlay-gradient":""},"tablet":{"background-color":"var(--ast-global-color-5)","background-image":"","background-repeat":"repeat","background-position":"center center","background-size":"auto","background-attachment":"scroll","background-type":"","background-media":"","overlay-type":"","overlay-color":"","overlay-opacity":"","overlay-gradient":""},"mobile":{"background-color":"var(--ast-global-color-5)","background-image":"","background-repeat":"repeat","background-position":"center center","background-size":"auto","background-attachment":"scroll","background-type":"","background-media":"","overlay-type":"","overlay-color":"","overlay-opacity":"","overlay-gradient":""}}},"product_brand":[],"product_cat":[157],"product_tag":[],"class_list":{"0":"post-1228","1":"product","2":"type-product","3":"status-publish","4":"has-post-thumbnail","6":"product_cat-siemens","7":"desktop-align-left","8":"tablet-align-left","9":"mobile-align-left","11":"first","12":"onbackorder","13":"taxable","14":"shipping-taxable","15":"purchasable","16":"product-type-simple"},"acf":[],"yoast_head":"<!-- This site is optimized with the Yoast SEO Premium plugin v27.2 (Yoast SEO v27.2) - https:\/\/yoast.com\/product\/yoast-seo-premium-wordpress\/ -->\n<title>M\u00f3dulo OCI460.10 Siemens: Puerto BSB a Modbus RTU - Flamtec<\/title>\n<meta name=\"description\" content=\"Conecta f\u00e1cilmente BSB a Modbus RTU con el m\u00f3dulo OCI460.10 siemens. Este dispositivo es clave para tus proyectos de automatizaci\u00f3n. \ud83d\ude80\" \/>\n<meta name=\"robots\" content=\"index, follow, max-snippet:-1, max-image-preview:large, max-video-preview:-1\" \/>\n<link rel=\"canonical\" href=\"https:\/\/flamtec.es\/fr\/produit\/oci460-10-siemens\/\" \/>\n<meta property=\"og:locale\" content=\"fr_FR\" \/>\n<meta property=\"og:type\" content=\"article\" \/>\n<meta property=\"og:title\" content=\"OCI460.10 SIEMENS\" \/>\n<meta property=\"og:description\" content=\"Conecta f\u00e1cilmente BSB a Modbus RTU con el m\u00f3dulo OCI460.10 siemens. Este dispositivo es clave para tus proyectos de automatizaci\u00f3n. \ud83d\ude80\" \/>\n<meta property=\"og:url\" content=\"https:\/\/flamtec.es\/fr\/produit\/oci460-10-siemens\/\" \/>\n<meta property=\"og:site_name\" content=\"Flamtec\" \/>\n<meta property=\"article:modified_time\" content=\"2026-03-27T14:40:17+00:00\" \/>\n<meta property=\"og:image\" content=\"https:\/\/flamtec.es\/wp-content\/uploads\/2025\/04\/OCI460-scaled.jpg\" \/>\n\t<meta property=\"og:image:width\" content=\"1752\" \/>\n\t<meta property=\"og:image:height\" content=\"2560\" \/>\n\t<meta property=\"og:image:type\" content=\"image\/jpeg\" \/>\n<meta name=\"twitter:card\" content=\"summary_large_image\" \/>\n<meta name=\"twitter:label1\" content=\"Prix\" \/>\n\t<meta name=\"twitter:data1\" content=\"250,97&nbsp;&euro;\" \/>\n\t<meta name=\"twitter:label2\" content=\"Disponibilit\u00e9\" \/>\n\t<meta name=\"twitter:data2\" content=\"En r\u00e9assort\" \/>\n<script type=\"application\/ld+json\" class=\"yoast-schema-graph\">{\"@context\":\"https:\/\/schema.org\",\"@graph\":[{\"@type\":\"WebPage\",\"@id\":\"https:\/\/flamtec.es\/producto\/oci460-10-siemens\/\",\"url\":\"https:\/\/flamtec.es\/producto\/oci460-10-siemens\/\",\"name\":\"M\u00f3dulo OCI460.10 Siemens: Puerto BSB a Modbus RTU - Flamtec\",\"isPartOf\":{\"@id\":\"https:\/\/flamtec.es\/en\/#website\"},\"primaryImageOfPage\":{\"@id\":\"https:\/\/flamtec.es\/producto\/oci460-10-siemens\/#primaryimage\"},\"image\":{\"@id\":\"https:\/\/flamtec.es\/producto\/oci460-10-siemens\/#primaryimage\"},\"thumbnailUrl\":\"https:\/\/flamtec.es\/wp-content\/uploads\/2025\/04\/OCI460-scaled.jpg\",\"datePublished\":\"2025-04-23T11:17:45+00:00\",\"dateModified\":\"2026-03-27T14:40:17+00:00\",\"description\":\"Conecta f\u00e1cilmente BSB a Modbus RTU con el m\u00f3dulo OCI460.10 siemens. Este dispositivo es clave para tus proyectos de automatizaci\u00f3n. \ud83d\ude80\",\"breadcrumb\":{\"@id\":\"https:\/\/flamtec.es\/producto\/oci460-10-siemens\/#breadcrumb\"},\"inLanguage\":\"fr-FR\",\"potentialAction\":[{\"@type\":\"ReadAction\",\"target\":[\"https:\/\/flamtec.es\/producto\/oci460-10-siemens\/\"]}]},{\"@type\":\"ImageObject\",\"inLanguage\":\"fr-FR\",\"@id\":\"https:\/\/flamtec.es\/producto\/oci460-10-siemens\/#primaryimage\",\"url\":\"https:\/\/flamtec.es\/wp-content\/uploads\/2025\/04\/OCI460-scaled.jpg\",\"contentUrl\":\"https:\/\/flamtec.es\/wp-content\/uploads\/2025\/04\/OCI460-scaled.jpg\",\"width\":1752,\"height\":2560},{\"@type\":\"BreadcrumbList\",\"@id\":\"https:\/\/flamtec.es\/producto\/oci460-10-siemens\/#breadcrumb\",\"itemListElement\":[{\"@type\":\"ListItem\",\"position\":1,\"name\":\"Portada\",\"item\":\"https:\/\/flamtec.es\/\"},{\"@type\":\"ListItem\",\"position\":2,\"name\":\"Productos\",\"item\":\"https:\/\/flamtec.es\/en\/productos\/\"},{\"@type\":\"ListItem\",\"position\":3,\"name\":\"OCI460.10 SIEMENS\"}]},{\"@type\":\"WebSite\",\"@id\":\"https:\/\/flamtec.es\/en\/#website\",\"url\":\"https:\/\/flamtec.es\/en\/\",\"name\":\"Flamtec Combusti\u00f3n Ib\u00e9rica\",\"description\":\"Tecnolog\u00eda de la Combusti\u00f3n\",\"publisher\":{\"@id\":\"https:\/\/flamtec.es\/en\/#organization\"},\"alternateName\":\"Flamtec\",\"potentialAction\":[{\"@type\":\"SearchAction\",\"target\":{\"@type\":\"EntryPoint\",\"urlTemplate\":\"https:\/\/flamtec.es\/en\/?s={search_term_string}\"},\"query-input\":{\"@type\":\"PropertyValueSpecification\",\"valueRequired\":true,\"valueName\":\"search_term_string\"}}],\"inLanguage\":\"fr-FR\"},{\"@type\":\"Organization\",\"@id\":\"https:\/\/flamtec.es\/en\/#organization\",\"name\":\"Flamtec Combusti\u00f3n Ib\u00e9rica\",\"alternateName\":\"Flamtec\",\"url\":\"https:\/\/flamtec.es\/en\/\",\"logo\":{\"@type\":\"ImageObject\",\"inLanguage\":\"fr-FR\",\"@id\":\"https:\/\/flamtec.es\/en\/#\/schema\/logo\/image\/\",\"url\":\"https:\/\/flamtec.es\/wp-content\/uploads\/2022\/12\/Logo-rgb.svg\",\"contentUrl\":\"https:\/\/flamtec.es\/wp-content\/uploads\/2022\/12\/Logo-rgb.svg\",\"width\":288,\"height\":202,\"caption\":\"Flamtec Combusti\u00f3n Ib\u00e9rica\"},\"image\":{\"@id\":\"https:\/\/flamtec.es\/en\/#\/schema\/logo\/image\/\"}}]}<\/script>\n<meta property=\"product:price:amount\" content=\"250.97\" \/>\n<meta property=\"product:price:currency\" content=\"EUR\" \/>\n<meta property=\"og:availability\" content=\"backorder\" \/>\n<meta property=\"product:availability\" content=\"available for order\" \/>\n<meta property=\"product:retailer_item_id\" content=\"OCI460.10\" \/>\n<meta property=\"product:condition\" content=\"new\" \/>\n<!-- \/ Yoast SEO Premium plugin. -->","yoast_head_json":{"title":"M\u00f3dulo OCI460.10 Siemens: Puerto BSB a Modbus RTU - Flamtec","description":"Conecta f\u00e1cilmente BSB a Modbus RTU con el m\u00f3dulo OCI460.10 siemens. Este dispositivo es clave para tus proyectos de automatizaci\u00f3n. \ud83d\ude80","robots":{"index":"index","follow":"follow","max-snippet":"max-snippet:-1","max-image-preview":"max-image-preview:large","max-video-preview":"max-video-preview:-1"},"canonical":"https:\/\/flamtec.es\/fr\/produit\/oci460-10-siemens\/","og_locale":"fr_FR","og_type":"article","og_title":"OCI460.10 SIEMENS","og_description":"Conecta f\u00e1cilmente BSB a Modbus RTU con el m\u00f3dulo OCI460.10 siemens. Este dispositivo es clave para tus proyectos de automatizaci\u00f3n. \ud83d\ude80","og_url":"https:\/\/flamtec.es\/fr\/produit\/oci460-10-siemens\/","og_site_name":"Flamtec","article_modified_time":"2026-03-27T14:40:17+00:00","og_image":[{"width":1752,"height":2560,"url":"https:\/\/flamtec.es\/wp-content\/uploads\/2025\/04\/OCI460-scaled.jpg","type":"image\/jpeg"}],"twitter_card":"summary_large_image","twitter_misc":{"Prix":"250,97&nbsp;&euro;","Disponibilit\u00e9":"En r\u00e9assort"},"schema":{"@context":"https:\/\/schema.org","@graph":[{"@type":"WebPage","@id":"https:\/\/flamtec.es\/producto\/oci460-10-siemens\/","url":"https:\/\/flamtec.es\/producto\/oci460-10-siemens\/","name":"M\u00f3dulo OCI460.10 Siemens: Puerto BSB a Modbus RTU - Flamtec","isPartOf":{"@id":"https:\/\/flamtec.es\/en\/#website"},"primaryImageOfPage":{"@id":"https:\/\/flamtec.es\/producto\/oci460-10-siemens\/#primaryimage"},"image":{"@id":"https:\/\/flamtec.es\/producto\/oci460-10-siemens\/#primaryimage"},"thumbnailUrl":"https:\/\/flamtec.es\/wp-content\/uploads\/2025\/04\/OCI460-scaled.jpg","datePublished":"2025-04-23T11:17:45+00:00","dateModified":"2026-03-27T14:40:17+00:00","description":"Conecta f\u00e1cilmente BSB a Modbus RTU con el m\u00f3dulo OCI460.10 siemens. Este dispositivo es clave para tus proyectos de automatizaci\u00f3n. \ud83d\ude80","breadcrumb":{"@id":"https:\/\/flamtec.es\/producto\/oci460-10-siemens\/#breadcrumb"},"inLanguage":"fr-FR","potentialAction":[{"@type":"ReadAction","target":["https:\/\/flamtec.es\/producto\/oci460-10-siemens\/"]}]},{"@type":"ImageObject","inLanguage":"fr-FR","@id":"https:\/\/flamtec.es\/producto\/oci460-10-siemens\/#primaryimage","url":"https:\/\/flamtec.es\/wp-content\/uploads\/2025\/04\/OCI460-scaled.jpg","contentUrl":"https:\/\/flamtec.es\/wp-content\/uploads\/2025\/04\/OCI460-scaled.jpg","width":1752,"height":2560},{"@type":"BreadcrumbList","@id":"https:\/\/flamtec.es\/producto\/oci460-10-siemens\/#breadcrumb","itemListElement":[{"@type":"ListItem","position":1,"name":"Portada","item":"https:\/\/flamtec.es\/"},{"@type":"ListItem","position":2,"name":"Productos","item":"https:\/\/flamtec.es\/en\/productos\/"},{"@type":"ListItem","position":3,"name":"OCI460.10 SIEMENS"}]},{"@type":"WebSite","@id":"https:\/\/flamtec.es\/en\/#website","url":"https:\/\/flamtec.es\/en\/","name":"Flamtec Combusti\u00f3n Ib\u00e9rica","description":"Tecnolog\u00eda de la Combusti\u00f3n","publisher":{"@id":"https:\/\/flamtec.es\/en\/#organization"},"alternateName":"Flamtec","potentialAction":[{"@type":"SearchAction","target":{"@type":"EntryPoint","urlTemplate":"https:\/\/flamtec.es\/en\/?s={search_term_string}"},"query-input":{"@type":"PropertyValueSpecification","valueRequired":true,"valueName":"search_term_string"}}],"inLanguage":"fr-FR"},{"@type":"Organization","@id":"https:\/\/flamtec.es\/en\/#organization","name":"Flamtec Combusti\u00f3n Ib\u00e9rica","alternateName":"Flamtec","url":"https:\/\/flamtec.es\/en\/","logo":{"@type":"ImageObject","inLanguage":"fr-FR","@id":"https:\/\/flamtec.es\/en\/#\/schema\/logo\/image\/","url":"https:\/\/flamtec.es\/wp-content\/uploads\/2022\/12\/Logo-rgb.svg","contentUrl":"https:\/\/flamtec.es\/wp-content\/uploads\/2022\/12\/Logo-rgb.svg","width":288,"height":202,"caption":"Flamtec Combusti\u00f3n Ib\u00e9rica"},"image":{"@id":"https:\/\/flamtec.es\/en\/#\/schema\/logo\/image\/"}}]},"product_price_amount":"250.97","product_price_currency":"EUR","og_availability":"backorder","product_availability":"available for order","product_retailer_item_id":"OCI460.10","product_condition":"new"},"_links":{"self":[{"href":"https:\/\/flamtec.es\/fr\/wp-json\/wp\/v2\/product\/1228","targetHints":{"allow":["GET"]}}],"collection":[{"href":"https:\/\/flamtec.es\/fr\/wp-json\/wp\/v2\/product"}],"about":[{"href":"https:\/\/flamtec.es\/fr\/wp-json\/wp\/v2\/types\/product"}],"replies":[{"embeddable":true,"href":"https:\/\/flamtec.es\/fr\/wp-json\/wp\/v2\/comments?post=1228"}],"wp:featuredmedia":[{"embeddable":true,"href":"https:\/\/flamtec.es\/fr\/wp-json\/wp\/v2\/media\/1311"}],"wp:attachment":[{"href":"https:\/\/flamtec.es\/fr\/wp-json\/wp\/v2\/media?parent=1228"}],"wp:term":[{"taxonomy":"product_brand","embeddable":true,"href":"https:\/\/flamtec.es\/fr\/wp-json\/wp\/v2\/product_brand?post=1228"},{"taxonomy":"product_cat","embeddable":true,"href":"https:\/\/flamtec.es\/fr\/wp-json\/wp\/v2\/product_cat?post=1228"},{"taxonomy":"product_tag","embeddable":true,"href":"https:\/\/flamtec.es\/fr\/wp-json\/wp\/v2\/product_tag?post=1228"}],"curies":[{"name":"wp","href":"https:\/\/api.w.org\/{rel}","templated":true}]}}