{"id":974,"date":"2024-09-12T13:58:56","date_gmt":"2024-09-12T13:58:56","guid":{"rendered":"https:\/\/flamtec.es\/?page_id=974"},"modified":"2025-04-07T06:49:51","modified_gmt":"2025-04-07T06:49:51","slug":"aviso-legal","status":"publish","type":"page","link":"https:\/\/flamtec.es\/fr\/aviso-legal\/","title":{"rendered":"Avis juridique"},"content":{"rendered":"<p>Ce site web est la propri\u00e9t\u00e9 de FLAMTEC COMBUSTSION IBERICA, S.L., dont le num\u00e9ro d'identification fiscale est B66974247 et dont le si\u00e8ge social est situ\u00e9 Carretera C-17 Km 25, 4 Nave B Pol\u00edgono Industrial Coll de la Manya (08403, Granollers) et qui est inscrit au Registre du Commerce de Barcelone au Tome 45.839 Folio 180 Page n\u00ba 500676 1\u00e8re inscription.<\/p>\n\n\n\n<p>Pour toute demande ou proposition, veuillez nous contacter par t\u00e9l\u00e9phone au + 34 937 06 00 52 ou par courrier \u00e9lectronique \u00e0 l'adresse suivante&nbsp;<a href=\"mailto:administracion@flamtec.es\" target=\"_blank\" rel=\"noreferrer noopener\">administracion@flamtec.es<\/a>.<\/p>\n\n\n\n<p>Ce site est r\u00e9gi par la r\u00e9glementation exclusivement applicable en Espagne, et les ressortissants nationaux et \u00e9trangers qui utilisent ce site y sont soumis.<\/p>\n\n\n\n<p class=\"has-text-align-left\">L'acc\u00e8s \u00e0 notre site web par l'UTILISATEUR est gratuit et son utilisation est r\u00e9gie par les conditions d'utilisation en vigueur au moment de l'acc\u00e8s, que nous vous demandons de lire attentivement. Si l'UTILISATEUR n'est pas d'accord avec ces conditions d'utilisation, il doit s'abstenir d'utiliser ce portail et d'op\u00e9rer \u00e0 travers lui, et peut nous contacter afin que nous puissions r\u00e9soudre ses doutes concernant ces conditions.<\/p>\n\n\n\n<p>La fourniture de donn\u00e9es personnelles et l'achat de produits par l'interm\u00e9diaire de notre portail requi\u00e8rent un \u00e2ge minimum de 14 ans ou, le cas \u00e9ch\u00e9ant, une capacit\u00e9 juridique suffisante pour conclure un contrat.<\/p>\n\n\n\n<p>Nous pouvons \u00e0 tout moment modifier la pr\u00e9sentation et la configuration de notre site web, \u00e9tendre ou r\u00e9duire les services, voire le retirer du r\u00e9seau, ainsi que les services et le contenu fournis.<\/p>\n\n\n\n<h3 class=\"wp-block-heading\" id=\"h-propiedad-intelectual\"><strong>LA PROPRI\u00c9T\u00c9 INTELLECTUELLE<\/strong><\/h3>\n\n\n\n<p>Tous les contenus, textes, images et codes sources sont la propri\u00e9t\u00e9 de FLAMTEC COMBUSTSION IBERICA, S.L. ou de tiers dont les droits d'exploitation ont \u00e9t\u00e9 acquis, et sont prot\u00e9g\u00e9s par des droits de propri\u00e9t\u00e9 intellectuelle et industrielle.<\/p>\n\n\n\n<p>L'UTILISATEUR n'a le droit d'en faire qu'un usage priv\u00e9 et non lucratif et a besoin d'une autorisation expresse pour modifier, reproduire, exploiter, distribuer ou exercer tout droit appartenant au propri\u00e9taire.<\/p>\n\n\n\n<p>FLAMTEC COMBUSTSION IBERICA, S.L. est une marque d\u00e9pos\u00e9e, et la reproduction, l'imitation, l'utilisation ou l'insertion de ces marques est interdite sans notre autorisation.<\/p>\n\n\n\n<p>L'\u00e9tablissement de liens vers notre site web ne conf\u00e8re aucun droit sur celui-ci. De m\u00eame, le simple fait d'\u00e9tablir un lien vers notre site web ne vous conf\u00e8re pas le statut de collaborateur ou de partenaire.<\/p>\n\n\n\n<p>FLAMTEC COMBUSTSION IBERICA, S.L. n'est pas responsable de toute r\u00e9clamation concernant les droits de propri\u00e9t\u00e9 intellectuelle des articles et des images publi\u00e9s par des tiers sur son site Web.<\/p>\n\n\n\n<p>L'imitation totale ou partielle de notre site web ou l'\u00e9tablissement de liens vers notre site web sans l'autorisation pr\u00e9alable de FLAMTEC COMBUSTSION IBERICA, S.L. est strictement interdite.<\/p>\n\n\n\n<h3 class=\"wp-block-heading\" id=\"h-condiciones-de-acceso-y-uso\"><strong>CONDITIONS D'ACC\u00c8S ET D'UTILISATION<\/strong><\/h3>\n\n\n\n<p>L'acc\u00e8s \u00e0 notre site web est gratuit et ne n\u00e9cessite pas d'inscription ou d'enregistrement pr\u00e9alable. Toutefois, certains services sont r\u00e9serv\u00e9s \u00e0 certains UTILISATEURS et n\u00e9cessitent une proc\u00e9dure d'enregistrement et\/ou d'identification au moyen de mots de passe. Ces services seront d\u00fbment identifi\u00e9s sur le site web.<\/p>\n\n\n\n<p>L'envoi de donn\u00e9es personnelles implique l'acceptation expresse par l'UTILISATEUR de notre politique de confidentialit\u00e9.<\/p>\n\n\n\n<p>L'UTILISATEUR doit acc\u00e9der \u00e0 notre site web conform\u00e9ment \u00e0 la bonne foi, aux r\u00e8gles d'ordre public et aux pr\u00e9sentes conditions g\u00e9n\u00e9rales d'utilisation. L'acc\u00e8s \u00e0 notre site web se fait sous la seule responsabilit\u00e9 de l'UTILISATEUR, qui sera responsable dans tous les cas des dommages qu'il pourrait causer \u00e0 des tiers ou \u00e0 nous-m\u00eames.<\/p>\n\n\n\n<p>Il est express\u00e9ment interdit \u00e0 l'UTILISATEUR d'utiliser et d'obtenir les services, produits et contenus propos\u00e9s sur ce site web par des proc\u00e9dures autres que celles pr\u00e9vues dans les pr\u00e9sentes conditions d'utilisation et, le cas \u00e9ch\u00e9ant, dans les conditions sp\u00e9cifiques r\u00e9gissant l'acquisition de certains produits.<\/p>\n\n\n\n<p>L'UTILISATEUR s'interdit toute action sur notre portail qui entra\u00eenerait une surcharge excessive de nos syst\u00e8mes informatiques, ainsi que l'introduction de virus, ou l'installation de robots, ou de logiciels qui alt\u00e8rent le fonctionnement normal de notre site web, ou en somme qui peuvent causer des dommages \u00e0 nos syst\u00e8mes informatiques.<\/p>\n\n\n\n<p>Compte tenu de la difficult\u00e9 de contr\u00f4ler l'information, les contenus et les services contenus dans les sites Web de tiers accessibles depuis notre site Web, nous vous informons que FLAMTEC COMBUSTSION IBERICA, S.L. d\u00e9cline toute responsabilit\u00e9 \u00e0 cet \u00e9gard, bien que nous nous efforcions, dans la mesure du possible, d'en garantir la l\u00e9galit\u00e9.<\/p>\n\n\n\n<p>FLAMTEC COMBUSTSION IBERICA, S.L. se r\u00e9serve le droit de mettre fin \u00e0 l'adh\u00e9sion de tout UTILISATEUR qu'elle consid\u00e8re comme ayant enfreint les conditions d'utilisation de son site Web. De m\u00eame, elle se r\u00e9serve le droit d'engager les poursuites judiciaires appropri\u00e9es \u00e0 l'encontre des personnes qui enfreignent les pr\u00e9sentes conditions g\u00e9n\u00e9rales d'utilisation.<\/p>\n\n\n\n<h3 class=\"wp-block-heading\" id=\"h-politica-de-privacidad\"><strong>POLITIQUE DE CONFIDENTIALIT\u00c9<\/strong><\/h3>\n\n\n\n<p>La confidentialit\u00e9 et la s\u00e9curit\u00e9 sont des valeurs fondamentales de FLAMTEC COMBUSTSION IBERICA, S.L. et, par cons\u00e9quent, nous nous engageons \u00e0 garantir la confidentialit\u00e9 de l'UTILISATEUR \u00e0 tout moment et \u00e0 ne pas collecter d'informations inutiles.<\/p>\n\n\n\n<p>La fourniture de donn\u00e9es personnelles par l'interm\u00e9diaire de notre portail requiert un \u00e2ge minimum de 14 ans et l'acceptation expresse de notre politique de confidentialit\u00e9.<\/p>\n\n\n\n<h3 class=\"wp-block-heading\" id=\"h-responsabilidades\"><strong>LES RESPONSABILIT\u00c9S<\/strong><\/h3>\n\n\n\n<p>En mettant ce site web \u00e0 la disposition de l'UTILISATEUR, nous souhaitons lui offrir un service de qualit\u00e9, en faisant preuve de la plus grande diligence dans la prestation de ce dernier, ainsi que dans les moyens technologiques utilis\u00e9s. Cependant, FLAMTEC COMBUSTSION IBERICA, S.L. ne garantit pas que la disponibilit\u00e9 du service sera continue et ininterrompue, en raison de circonstances caus\u00e9es par des probl\u00e8mes dans le r\u00e9seau Internet, des pannes dans les appareils informatiques ou d'autres circonstances impr\u00e9visibles, de sorte que l'UTILISATEUR accepte de supporter ces circonstances dans des limites raisonnables.<\/p>\n\n\n\n<p>Ce site Web, \u00e0 l'exception de ce qui est r\u00e9glement\u00e9, le cas \u00e9ch\u00e9ant, par certaines conditions sp\u00e9cifiques d'utilisation, est purement informatif et destin\u00e9 \u00e0 la pr\u00e9sentation corporative de nos produits et services, raison pour laquelle FLAMTEC COMBUSTSION IBERICA, S.L. d\u00e9cline toute responsabilit\u00e9 quant aux attentes de toute nature qu'il pourrait susciter chez l'UTILISATEUR.<\/p>\n\n\n\n<p>Toutes les questions relatives \u00e0 notre site Web sont r\u00e9gies exclusivement par la loi espagnole. En cas de divergence ou de diff\u00e9rend entre les parties concernant l'interpr\u00e9tation et le contenu de ce site web, toutes les parties se soumettent aux cours et tribunaux l\u00e9galement comp\u00e9tents.<\/p>\n\n\n\n<h3 class=\"wp-block-heading\" id=\"h-vigencia-de-las-condiciones-generales-de-acceso-a-la-web\"><strong>VALIDIT\u00c9 DES CONDITIONS G\u00c9N\u00c9RALES D'ACC\u00c8S AU SITE WEB<\/strong><\/h3>\n\n\n\n<p>Les pr\u00e9sentes conditions g\u00e9n\u00e9rales d'utilisation ont \u00e9t\u00e9 modifi\u00e9es le 10\/09\/2024. Nous pouvons les modifier \u00e0 tout moment : veuillez v\u00e9rifier la date de publication \u00e0 chaque fois que vous vous connectez \u00e0 notre site web pour vous assurer qu'aucune modification susceptible de vous concerner n'a \u00e9t\u00e9 apport\u00e9e.<\/p>\n\n\n\n<p>Si vous avez des questions concernant les conditions d'utilisation de notre site web, veuillez nous contacter aux coordonn\u00e9es ci-dessus, ou contacter Lant Abogados \u00e0 l'adresse suivante&nbsp;<a href=\"mailto:info@lant-abogados.com\" target=\"_blank\" rel=\"noreferrer noopener\">info@lant-abogados.com<\/a>&nbsp;ou en&nbsp;<a href=\"https:\/\/www.lant-abogados.com\/\" target=\"_blank\" rel=\"noreferrer noopener\">https:\/\/www.lant-abogados.com\/<\/a>.<\/p>\n\n\n\n<p><\/p>","protected":false},"excerpt":{"rendered":"<p>Esta p\u00e1gina web es propiedad de FLAMTEC COMBUSTSION IBERICA, S.L., con NIF N.\u00ba B66974247 y domicilio en Carretera C-17 Km 25, 4 Nave B Pol\u00edgono Industrial Coll de la Manya (08403, Granollers) e Inscrita en el Registro Mercantil de Barcelona en el Tomo 45.839 Folio 180 Hoja N.\u00ba 500676 Inscripci\u00f3n 1\u00aa Para cualquier consulta o [&hellip;]<\/p>\n","protected":false},"author":1,"featured_media":0,"parent":0,"menu_order":0,"comment_status":"closed","ping_status":"closed","template":"","meta":{"_acf_changed":false,"site-sidebar-layout":"default","site-content-layout":"","ast-site-content-layout":"default","site-content-style":"default","site-sidebar-style":"default","ast-global-header-display":"","ast-banner-title-visibility":"","ast-main-header-display":"","ast-hfb-above-header-display":"","ast-hfb-below-header-display":"","ast-hfb-mobile-header-display":"","site-post-title":"","ast-breadcrumbs-content":"","ast-featured-img":"","footer-sml-layout":"","ast-disable-related-posts":"","theme-transparent-header-meta":"","adv-header-id-meta":"","stick-header-meta":"","header-above-stick-meta":"","header-main-stick-meta":"","header-below-stick-meta":"","astra-migrate-meta-layouts":"set","ast-page-background-enabled":"default","ast-page-background-meta":{"desktop":{"background-color":"var(--ast-global-color-4)","background-image":"","background-repeat":"repeat","background-position":"center center","background-size":"auto","background-attachment":"scroll","background-type":"","background-media":"","overlay-type":"","overlay-color":"","overlay-opacity":"","overlay-gradient":""},"tablet":{"background-color":"","background-image":"","background-repeat":"repeat","background-position":"center center","background-size":"auto","background-attachment":"scroll","background-type":"","background-media":"","overlay-type":"","overlay-color":"","overlay-opacity":"","overlay-gradient":""},"mobile":{"background-color":"","background-image":"","background-repeat":"repeat","background-position":"center center","background-size":"auto","background-attachment":"scroll","background-type":"","background-media":"","overlay-type":"","overlay-color":"","overlay-opacity":"","overlay-gradient":""}},"ast-content-background-meta":{"desktop":{"background-color":"var(--ast-global-color-5)","background-image":"","background-repeat":"repeat","background-position":"center center","background-size":"auto","background-attachment":"scroll","background-type":"","background-media":"","overlay-type":"","overlay-color":"","overlay-opacity":"","overlay-gradient":""},"tablet":{"background-color":"var(--ast-global-color-5)","background-image":"","background-repeat":"repeat","background-position":"center center","background-size":"auto","background-attachment":"scroll","background-type":"","background-media":"","overlay-type":"","overlay-color":"","overlay-opacity":"","overlay-gradient":""},"mobile":{"background-color":"var(--ast-global-color-5)","background-image":"","background-repeat":"repeat","background-position":"center center","background-size":"auto","background-attachment":"scroll","background-type":"","background-media":"","overlay-type":"","overlay-color":"","overlay-opacity":"","overlay-gradient":""}},"footnotes":""},"class_list":["post-974","page","type-page","status-publish","hentry"],"acf":[],"yoast_head":"<!-- This site is optimized with the Yoast SEO Premium plugin v27.5 (Yoast SEO v27.5) - https:\/\/yoast.com\/product\/yoast-seo-premium-wordpress\/ -->\n<title>Aviso Legal - Flamtec<\/title>\n<meta name=\"robots\" content=\"noindex, nofollow\" \/>\n<meta property=\"og:locale\" content=\"fr_FR\" \/>\n<meta property=\"og:type\" content=\"article\" \/>\n<meta property=\"og:title\" content=\"Aviso Legal\" \/>\n<meta property=\"og:description\" content=\"Esta p\u00e1gina web es propiedad de FLAMTEC COMBUSTSION IBERICA, S.L., con NIF N.\u00ba B66974247 y domicilio en Carretera C-17 Km 25, 4 Nave B Pol\u00edgono Industrial Coll de la Manya (08403, Granollers) e Inscrita en el Registro Mercantil de Barcelona en el Tomo 45.839 Folio 180 Hoja N.\u00ba 500676 Inscripci\u00f3n 1\u00aa Para cualquier consulta o [&hellip;]\" \/>\n<meta property=\"og:url\" content=\"https:\/\/flamtec.es\/fr\/aviso-legal\/\" \/>\n<meta property=\"og:site_name\" content=\"Flamtec\" \/>\n<meta property=\"article:modified_time\" content=\"2025-04-07T06:49:51+00:00\" \/>\n<meta name=\"twitter:card\" content=\"summary_large_image\" \/>\n<meta name=\"twitter:label1\" content=\"Dur\u00e9e de lecture estim\u00e9e\" \/>\n\t<meta name=\"twitter:data1\" content=\"6 minutes\" \/>\n<script type=\"application\/ld+json\" class=\"yoast-schema-graph\">{\"@context\":\"https:\\\/\\\/schema.org\",\"@graph\":[{\"@type\":\"WebPage\",\"@id\":\"https:\\\/\\\/flamtec.es\\\/aviso-legal\\\/\",\"url\":\"https:\\\/\\\/flamtec.es\\\/aviso-legal\\\/\",\"name\":\"Aviso Legal - Flamtec\",\"isPartOf\":{\"@id\":\"https:\\\/\\\/flamtec.es\\\/en\\\/#website\"},\"datePublished\":\"2024-09-12T13:58:56+00:00\",\"dateModified\":\"2025-04-07T06:49:51+00:00\",\"breadcrumb\":{\"@id\":\"https:\\\/\\\/flamtec.es\\\/aviso-legal\\\/#breadcrumb\"},\"inLanguage\":\"fr-FR\",\"potentialAction\":[{\"@type\":\"ReadAction\",\"target\":[\"https:\\\/\\\/flamtec.es\\\/aviso-legal\\\/\"]}]},{\"@type\":\"BreadcrumbList\",\"@id\":\"https:\\\/\\\/flamtec.es\\\/aviso-legal\\\/#breadcrumb\",\"itemListElement\":[{\"@type\":\"ListItem\",\"position\":1,\"name\":\"Portada\",\"item\":\"https:\\\/\\\/flamtec.es\\\/\"},{\"@type\":\"ListItem\",\"position\":2,\"name\":\"Aviso Legal\"}]},{\"@type\":\"WebSite\",\"@id\":\"https:\\\/\\\/flamtec.es\\\/en\\\/#website\",\"url\":\"https:\\\/\\\/flamtec.es\\\/en\\\/\",\"name\":\"Flamtec Combusti\u00f3n Ib\u00e9rica\",\"description\":\"Tecnolog\u00eda de la Combusti\u00f3n\",\"publisher\":{\"@id\":\"https:\\\/\\\/flamtec.es\\\/en\\\/#organization\"},\"alternateName\":\"Flamtec\",\"potentialAction\":[{\"@type\":\"SearchAction\",\"target\":{\"@type\":\"EntryPoint\",\"urlTemplate\":\"https:\\\/\\\/flamtec.es\\\/en\\\/?s={search_term_string}\"},\"query-input\":{\"@type\":\"PropertyValueSpecification\",\"valueRequired\":true,\"valueName\":\"search_term_string\"}}],\"inLanguage\":\"fr-FR\"},{\"@type\":\"Organization\",\"@id\":\"https:\\\/\\\/flamtec.es\\\/en\\\/#organization\",\"name\":\"Flamtec Combusti\u00f3n Ib\u00e9rica\",\"alternateName\":\"Flamtec\",\"url\":\"https:\\\/\\\/flamtec.es\\\/en\\\/\",\"logo\":{\"@type\":\"ImageObject\",\"inLanguage\":\"fr-FR\",\"@id\":\"https:\\\/\\\/flamtec.es\\\/en\\\/#\\\/schema\\\/logo\\\/image\\\/\",\"url\":\"https:\\\/\\\/flamtec.es\\\/wp-content\\\/uploads\\\/2022\\\/12\\\/Logo-rgb.svg\",\"contentUrl\":\"https:\\\/\\\/flamtec.es\\\/wp-content\\\/uploads\\\/2022\\\/12\\\/Logo-rgb.svg\",\"width\":288,\"height\":202,\"caption\":\"Flamtec Combusti\u00f3n Ib\u00e9rica\"},\"image\":{\"@id\":\"https:\\\/\\\/flamtec.es\\\/en\\\/#\\\/schema\\\/logo\\\/image\\\/\"}}]}<\/script>\n<!-- \/ Yoast SEO Premium plugin. -->","yoast_head_json":{"title":"Aviso Legal - Flamtec","robots":{"index":"noindex","follow":"nofollow"},"og_locale":"fr_FR","og_type":"article","og_title":"Aviso Legal","og_description":"Esta p\u00e1gina web es propiedad de FLAMTEC COMBUSTSION IBERICA, S.L., con NIF N.\u00ba B66974247 y domicilio en Carretera C-17 Km 25, 4 Nave B Pol\u00edgono Industrial Coll de la Manya (08403, Granollers) e Inscrita en el Registro Mercantil de Barcelona en el Tomo 45.839 Folio 180 Hoja N.\u00ba 500676 Inscripci\u00f3n 1\u00aa Para cualquier consulta o [&hellip;]","og_url":"https:\/\/flamtec.es\/fr\/aviso-legal\/","og_site_name":"Flamtec","article_modified_time":"2025-04-07T06:49:51+00:00","twitter_card":"summary_large_image","twitter_misc":{"Dur\u00e9e de lecture estim\u00e9e":"6 minutes"},"schema":{"@context":"https:\/\/schema.org","@graph":[{"@type":"WebPage","@id":"https:\/\/flamtec.es\/aviso-legal\/","url":"https:\/\/flamtec.es\/aviso-legal\/","name":"Aviso Legal - Flamtec","isPartOf":{"@id":"https:\/\/flamtec.es\/en\/#website"},"datePublished":"2024-09-12T13:58:56+00:00","dateModified":"2025-04-07T06:49:51+00:00","breadcrumb":{"@id":"https:\/\/flamtec.es\/aviso-legal\/#breadcrumb"},"inLanguage":"fr-FR","potentialAction":[{"@type":"ReadAction","target":["https:\/\/flamtec.es\/aviso-legal\/"]}]},{"@type":"BreadcrumbList","@id":"https:\/\/flamtec.es\/aviso-legal\/#breadcrumb","itemListElement":[{"@type":"ListItem","position":1,"name":"Portada","item":"https:\/\/flamtec.es\/"},{"@type":"ListItem","position":2,"name":"Aviso Legal"}]},{"@type":"WebSite","@id":"https:\/\/flamtec.es\/en\/#website","url":"https:\/\/flamtec.es\/en\/","name":"Flamtec Combusti\u00f3n Ib\u00e9rica","description":"Technologie de combustion","publisher":{"@id":"https:\/\/flamtec.es\/en\/#organization"},"alternateName":"Flamtec","potentialAction":[{"@type":"SearchAction","target":{"@type":"EntryPoint","urlTemplate":"https:\/\/flamtec.es\/en\/?s={search_term_string}"},"query-input":{"@type":"PropertyValueSpecification","valueRequired":true,"valueName":"search_term_string"}}],"inLanguage":"fr-FR"},{"@type":"Organization","@id":"https:\/\/flamtec.es\/en\/#organization","name":"Flamtec Combusti\u00f3n Ib\u00e9rica","alternateName":"Flamtec","url":"https:\/\/flamtec.es\/en\/","logo":{"@type":"ImageObject","inLanguage":"fr-FR","@id":"https:\/\/flamtec.es\/en\/#\/schema\/logo\/image\/","url":"https:\/\/flamtec.es\/wp-content\/uploads\/2022\/12\/Logo-rgb.svg","contentUrl":"https:\/\/flamtec.es\/wp-content\/uploads\/2022\/12\/Logo-rgb.svg","width":288,"height":202,"caption":"Flamtec Combusti\u00f3n Ib\u00e9rica"},"image":{"@id":"https:\/\/flamtec.es\/en\/#\/schema\/logo\/image\/"}}]}},"_links":{"self":[{"href":"https:\/\/flamtec.es\/fr\/wp-json\/wp\/v2\/pages\/974","targetHints":{"allow":["GET"]}}],"collection":[{"href":"https:\/\/flamtec.es\/fr\/wp-json\/wp\/v2\/pages"}],"about":[{"href":"https:\/\/flamtec.es\/fr\/wp-json\/wp\/v2\/types\/page"}],"author":[{"embeddable":true,"href":"https:\/\/flamtec.es\/fr\/wp-json\/wp\/v2\/users\/1"}],"replies":[{"embeddable":true,"href":"https:\/\/flamtec.es\/fr\/wp-json\/wp\/v2\/comments?post=974"}],"version-history":[{"count":4,"href":"https:\/\/flamtec.es\/fr\/wp-json\/wp\/v2\/pages\/974\/revisions"}],"predecessor-version":[{"id":1171,"href":"https:\/\/flamtec.es\/fr\/wp-json\/wp\/v2\/pages\/974\/revisions\/1171"}],"wp:attachment":[{"href":"https:\/\/flamtec.es\/fr\/wp-json\/wp\/v2\/media?parent=974"}],"curies":[{"name":"wp","href":"https:\/\/api.w.org\/{rel}","templated":true}]}}