{"id":1060,"date":"2025-01-24T02:31:23","date_gmt":"2025-01-24T02:31:23","guid":{"rendered":"https:\/\/flamtec.es\/?page_id=1060"},"modified":"2025-01-30T07:16:07","modified_gmt":"2025-01-30T07:16:07","slug":"envios-y-cancelacion-de-pedidos","status":"publish","type":"page","link":"https:\/\/flamtec.es\/fr\/envios-y-cancelacion-de-pedidos\/","title":{"rendered":"Exp\u00e9dition et annulation des commandes"},"content":{"rendered":"<h3 class=\"wp-block-heading\"><strong>Exp\u00e9dition<\/strong><\/h3>\n\n\n\n<p>Au&nbsp;<a href=\"https:\/\/www.linkedin.com\/company\/flamtec-combusti%C3%B3n-iberica-s-l\/\" target=\"_blank\" rel=\"noreferrer noopener\">Flamtec Combusti\u00f3n Ib\u00e9rica, S.L.<\/a>Nous nous engageons \u00e0 offrir un service de livraison rapide et efficace pour tous nos produits, y compris les br\u00fbleurs industriels, les pi\u00e8ces d\u00e9tach\u00e9es et les accessoires.<\/p>\n\n\n\n<p>Nous travaillons avec les meilleurs transporteurs pour nous assurer que vos commandes arrivent \u00e0 temps et en parfait \u00e9tat. Nos politiques d'exp\u00e9dition sont d\u00e9taill\u00e9es ci-dessous :<\/p>\n\n\n\n<ul class=\"wp-block-list\">\n<li><strong>D\u00e9lais de livraison :<\/strong>\u00a0Les d\u00e9lais de livraison varient en fonction de la localisation et de la disponibilit\u00e9 des produits. En g\u00e9n\u00e9ral, les livraisons en Espagne sont effectu\u00e9es dans les 10 jours ouvrables. Pour les envois internationaux, les d\u00e9lais de livraison peuvent \u00eatre plus longs, en fonction de la destination.<\/li>\n\n\n\n<li><strong>Frais d'exp\u00e9dition :<\/strong>&nbsp;Les frais d'exp\u00e9dition sont calcul\u00e9s au moment de la commande, en fonction de la quantit\u00e9, du poids et de la destination des produits. Nous proposons des options d'exp\u00e9dition standard et express.<\/li>\n\n\n\n<li><strong>Suivi de la commande :<\/strong>&nbsp;Une fois votre commande exp\u00e9di\u00e9e, nous vous fournirons un num\u00e9ro de suivi afin que vous puissiez v\u00e9rifier l'\u00e9tat de votre envoi \u00e0 tout moment.<\/li>\n\n\n\n<li><strong>Envois internationaux :<\/strong>&nbsp;Nous exp\u00e9dions \u00e0 l'international. Pour les commandes en dehors de l'Espagne, veuillez nous contacter pour obtenir des informations sur les co\u00fbts et les d\u00e9lais de livraison.<\/li>\n<\/ul>\n\n\n\n<h3 class=\"wp-block-heading\"><strong>Annulation des commandes<\/strong><\/h3>\n\n\n\n<p>Nous comprenons que des circonstances impr\u00e9vues peuvent survenir et c'est pourquoi nous offrons la possibilit\u00e9 d'annuler votre commande sous certaines conditions. Vous trouverez ci-dessous nos conditions d'annulation :<\/p>\n\n\n\n<ul class=\"wp-block-list\">\n<li><strong>Commandes non trait\u00e9es :<\/strong>&nbsp;Si votre commande n'a pas encore \u00e9t\u00e9 trait\u00e9e ou exp\u00e9di\u00e9e, vous pouvez demander son annulation sans frais suppl\u00e9mentaires. Veuillez nous contacter d\u00e8s que possible pour proc\u00e9der \u00e0 l'annulation.<\/li>\n\n\n\n<li><strong>Commandes trait\u00e9es ou exp\u00e9di\u00e9es :<\/strong>&nbsp;Si votre commande a d\u00e9j\u00e0 \u00e9t\u00e9 trait\u00e9e ou exp\u00e9di\u00e9e, il ne sera pas possible de l'annuler. Dans ce cas, vous pourrez demander un remboursement une fois que vous aurez re\u00e7u le produit, conform\u00e9ment \u00e0 nos politiques de retour (voir notre section \"Retours\").<\/li>\n\n\n\n<li><strong>Remboursements :<\/strong>&nbsp;Si l'annulation d'une commande est approuv\u00e9e, le remboursement sera effectu\u00e9 par le m\u00eame moyen de paiement que celui utilis\u00e9 lors de l'achat, et le d\u00e9lai d'inscription sur votre compte d\u00e9pendra de votre institution financi\u00e8re.<\/li>\n<\/ul>\n\n\n\n<p>Si vous avez des questions ou si vous avez besoin d'aide concernant nos envois ou nos annulations, n'h\u00e9sitez pas \u00e0 contacter notre \u00e9quipe de service \u00e0 la client\u00e8le. Nous sommes l\u00e0 pour vous aider.<\/p>","protected":false},"excerpt":{"rendered":"<p>Exp\u00e9dition Chez Flamtec Combusti\u00f3n Ib\u00e9rica, S.L., nous nous engageons \u00e0 offrir un service d'exp\u00e9dition rapide et efficace pour tous nos produits, y compris les br\u00fbleurs industriels, les pi\u00e8ces d\u00e9tach\u00e9es et les accessoires. Nous travaillons avec les meilleurs transporteurs pour que vos commandes arrivent \u00e0 temps et en parfait \u00e9tat. Nos politiques d'exp\u00e9dition sont les suivantes : Annulation des commandes [...]<\/p>","protected":false},"author":1,"featured_media":0,"parent":0,"menu_order":0,"comment_status":"closed","ping_status":"closed","template":"","meta":{"_acf_changed":false,"site-sidebar-layout":"default","site-content-layout":"","ast-site-content-layout":"default","site-content-style":"default","site-sidebar-style":"default","ast-global-header-display":"","ast-banner-title-visibility":"","ast-main-header-display":"","ast-hfb-above-header-display":"","ast-hfb-below-header-display":"","ast-hfb-mobile-header-display":"","site-post-title":"","ast-breadcrumbs-content":"","ast-featured-img":"","footer-sml-layout":"","ast-disable-related-posts":"","theme-transparent-header-meta":"","adv-header-id-meta":"","stick-header-meta":"","header-above-stick-meta":"","header-main-stick-meta":"","header-below-stick-meta":"","astra-migrate-meta-layouts":"set","ast-page-background-enabled":"default","ast-page-background-meta":{"desktop":{"background-color":"var(--ast-global-color-4)","background-image":"","background-repeat":"repeat","background-position":"center center","background-size":"auto","background-attachment":"scroll","background-type":"","background-media":"","overlay-type":"","overlay-color":"","overlay-opacity":"","overlay-gradient":""},"tablet":{"background-color":"","background-image":"","background-repeat":"repeat","background-position":"center center","background-size":"auto","background-attachment":"scroll","background-type":"","background-media":"","overlay-type":"","overlay-color":"","overlay-opacity":"","overlay-gradient":""},"mobile":{"background-color":"","background-image":"","background-repeat":"repeat","background-position":"center center","background-size":"auto","background-attachment":"scroll","background-type":"","background-media":"","overlay-type":"","overlay-color":"","overlay-opacity":"","overlay-gradient":""}},"ast-content-background-meta":{"desktop":{"background-color":"var(--ast-global-color-5)","background-image":"","background-repeat":"repeat","background-position":"center center","background-size":"auto","background-attachment":"scroll","background-type":"","background-media":"","overlay-type":"","overlay-color":"","overlay-opacity":"","overlay-gradient":""},"tablet":{"background-color":"var(--ast-global-color-5)","background-image":"","background-repeat":"repeat","background-position":"center center","background-size":"auto","background-attachment":"scroll","background-type":"","background-media":"","overlay-type":"","overlay-color":"","overlay-opacity":"","overlay-gradient":""},"mobile":{"background-color":"var(--ast-global-color-5)","background-image":"","background-repeat":"repeat","background-position":"center center","background-size":"auto","background-attachment":"scroll","background-type":"","background-media":"","overlay-type":"","overlay-color":"","overlay-opacity":"","overlay-gradient":""}},"footnotes":""},"class_list":["post-1060","page","type-page","status-publish","hentry"],"acf":[],"yoast_head":"<!-- This site is optimized with the Yoast SEO Premium plugin v27.2 (Yoast SEO v27.2) - https:\/\/yoast.com\/product\/yoast-seo-premium-wordpress\/ -->\n<title>Env\u00edos y cancelaci\u00f3n de pedidos - Flamtec<\/title>\n<meta name=\"robots\" content=\"index, follow, max-snippet:-1, max-image-preview:large, max-video-preview:-1\" \/>\n<link rel=\"canonical\" href=\"https:\/\/flamtec.es\/fr\/envios-y-cancelacion-de-pedidos\/\" \/>\n<meta property=\"og:locale\" content=\"fr_FR\" \/>\n<meta property=\"og:type\" content=\"article\" \/>\n<meta property=\"og:title\" content=\"Env\u00edos y cancelaci\u00f3n de pedidos\" \/>\n<meta property=\"og:description\" content=\"Env\u00edos En&nbsp;Flamtec Combusti\u00f3n Ib\u00e9rica, S.L., nos comprometemos a ofrecer un servicio de env\u00edo r\u00e1pido y eficiente para todos nuestros productos, incluyendo quemadores industriales, piezas de recambio y complementos. Trabajamos con los mejores transportistas para garantizar que sus pedidos lleguen a tiempo y en perfectas condiciones. A continuaci\u00f3n, se detallan nuestras pol\u00edticas de env\u00edo: Cancelaci\u00f3n de [&hellip;]\" \/>\n<meta property=\"og:url\" content=\"https:\/\/flamtec.es\/fr\/envios-y-cancelacion-de-pedidos\/\" \/>\n<meta property=\"og:site_name\" content=\"Flamtec\" \/>\n<meta property=\"article:modified_time\" content=\"2025-01-30T07:16:07+00:00\" \/>\n<meta name=\"twitter:card\" content=\"summary_large_image\" \/>\n<meta name=\"twitter:label1\" content=\"Dur\u00e9e de lecture estim\u00e9e\" \/>\n\t<meta name=\"twitter:data1\" content=\"2 minutes\" \/>\n<script type=\"application\/ld+json\" class=\"yoast-schema-graph\">{\"@context\":\"https:\/\/schema.org\",\"@graph\":[{\"@type\":\"WebPage\",\"@id\":\"https:\/\/flamtec.es\/fr\/envios-y-cancelacion-de-pedidos\/\",\"url\":\"https:\/\/flamtec.es\/fr\/envios-y-cancelacion-de-pedidos\/\",\"name\":\"Env\u00edos y cancelaci\u00f3n de pedidos - Flamtec\",\"isPartOf\":{\"@id\":\"https:\/\/flamtec.es\/en\/#website\"},\"datePublished\":\"2025-01-24T02:31:23+00:00\",\"dateModified\":\"2025-01-30T07:16:07+00:00\",\"breadcrumb\":{\"@id\":\"https:\/\/flamtec.es\/fr\/envios-y-cancelacion-de-pedidos\/#breadcrumb\"},\"inLanguage\":\"fr-FR\",\"potentialAction\":[{\"@type\":\"ReadAction\",\"target\":[\"https:\/\/flamtec.es\/fr\/envios-y-cancelacion-de-pedidos\/\"]}]},{\"@type\":\"BreadcrumbList\",\"@id\":\"https:\/\/flamtec.es\/fr\/envios-y-cancelacion-de-pedidos\/#breadcrumb\",\"itemListElement\":[{\"@type\":\"ListItem\",\"position\":1,\"name\":\"Portada\",\"item\":\"https:\/\/flamtec.es\/\"},{\"@type\":\"ListItem\",\"position\":2,\"name\":\"Env\u00edos y cancelaci\u00f3n de pedidos\"}]},{\"@type\":\"WebSite\",\"@id\":\"https:\/\/flamtec.es\/en\/#website\",\"url\":\"https:\/\/flamtec.es\/en\/\",\"name\":\"Flamtec Combusti\u00f3n Ib\u00e9rica\",\"description\":\"Tecnolog\u00eda de la Combusti\u00f3n\",\"publisher\":{\"@id\":\"https:\/\/flamtec.es\/en\/#organization\"},\"alternateName\":\"Flamtec\",\"potentialAction\":[{\"@type\":\"SearchAction\",\"target\":{\"@type\":\"EntryPoint\",\"urlTemplate\":\"https:\/\/flamtec.es\/en\/?s={search_term_string}\"},\"query-input\":{\"@type\":\"PropertyValueSpecification\",\"valueRequired\":true,\"valueName\":\"search_term_string\"}}],\"inLanguage\":\"fr-FR\"},{\"@type\":\"Organization\",\"@id\":\"https:\/\/flamtec.es\/en\/#organization\",\"name\":\"Flamtec Combusti\u00f3n Ib\u00e9rica\",\"alternateName\":\"Flamtec\",\"url\":\"https:\/\/flamtec.es\/en\/\",\"logo\":{\"@type\":\"ImageObject\",\"inLanguage\":\"fr-FR\",\"@id\":\"https:\/\/flamtec.es\/en\/#\/schema\/logo\/image\/\",\"url\":\"https:\/\/flamtec.es\/wp-content\/uploads\/2022\/12\/Logo-rgb.svg\",\"contentUrl\":\"https:\/\/flamtec.es\/wp-content\/uploads\/2022\/12\/Logo-rgb.svg\",\"width\":288,\"height\":202,\"caption\":\"Flamtec Combusti\u00f3n Ib\u00e9rica\"},\"image\":{\"@id\":\"https:\/\/flamtec.es\/en\/#\/schema\/logo\/image\/\"}}]}<\/script>\n<!-- \/ Yoast SEO Premium plugin. -->","yoast_head_json":{"title":"Env\u00edos y cancelaci\u00f3n de pedidos - Flamtec","robots":{"index":"index","follow":"follow","max-snippet":"max-snippet:-1","max-image-preview":"max-image-preview:large","max-video-preview":"max-video-preview:-1"},"canonical":"https:\/\/flamtec.es\/fr\/envios-y-cancelacion-de-pedidos\/","og_locale":"fr_FR","og_type":"article","og_title":"Env\u00edos y cancelaci\u00f3n de pedidos","og_description":"Env\u00edos En&nbsp;Flamtec Combusti\u00f3n Ib\u00e9rica, S.L., nos comprometemos a ofrecer un servicio de env\u00edo r\u00e1pido y eficiente para todos nuestros productos, incluyendo quemadores industriales, piezas de recambio y complementos. Trabajamos con los mejores transportistas para garantizar que sus pedidos lleguen a tiempo y en perfectas condiciones. A continuaci\u00f3n, se detallan nuestras pol\u00edticas de env\u00edo: Cancelaci\u00f3n de [&hellip;]","og_url":"https:\/\/flamtec.es\/fr\/envios-y-cancelacion-de-pedidos\/","og_site_name":"Flamtec","article_modified_time":"2025-01-30T07:16:07+00:00","twitter_card":"summary_large_image","twitter_misc":{"Dur\u00e9e de lecture estim\u00e9e":"2 minutes"},"schema":{"@context":"https:\/\/schema.org","@graph":[{"@type":"WebPage","@id":"https:\/\/flamtec.es\/fr\/envios-y-cancelacion-de-pedidos\/","url":"https:\/\/flamtec.es\/fr\/envios-y-cancelacion-de-pedidos\/","name":"Env\u00edos y cancelaci\u00f3n de pedidos - Flamtec","isPartOf":{"@id":"https:\/\/flamtec.es\/en\/#website"},"datePublished":"2025-01-24T02:31:23+00:00","dateModified":"2025-01-30T07:16:07+00:00","breadcrumb":{"@id":"https:\/\/flamtec.es\/fr\/envios-y-cancelacion-de-pedidos\/#breadcrumb"},"inLanguage":"fr-FR","potentialAction":[{"@type":"ReadAction","target":["https:\/\/flamtec.es\/fr\/envios-y-cancelacion-de-pedidos\/"]}]},{"@type":"BreadcrumbList","@id":"https:\/\/flamtec.es\/fr\/envios-y-cancelacion-de-pedidos\/#breadcrumb","itemListElement":[{"@type":"ListItem","position":1,"name":"Portada","item":"https:\/\/flamtec.es\/"},{"@type":"ListItem","position":2,"name":"Env\u00edos y cancelaci\u00f3n de pedidos"}]},{"@type":"WebSite","@id":"https:\/\/flamtec.es\/en\/#website","url":"https:\/\/flamtec.es\/en\/","name":"Flamtec Combusti\u00f3n Ib\u00e9rica","description":"Tecnolog\u00eda de la Combusti\u00f3n","publisher":{"@id":"https:\/\/flamtec.es\/en\/#organization"},"alternateName":"Flamtec","potentialAction":[{"@type":"SearchAction","target":{"@type":"EntryPoint","urlTemplate":"https:\/\/flamtec.es\/en\/?s={search_term_string}"},"query-input":{"@type":"PropertyValueSpecification","valueRequired":true,"valueName":"search_term_string"}}],"inLanguage":"fr-FR"},{"@type":"Organization","@id":"https:\/\/flamtec.es\/en\/#organization","name":"Flamtec Combusti\u00f3n Ib\u00e9rica","alternateName":"Flamtec","url":"https:\/\/flamtec.es\/en\/","logo":{"@type":"ImageObject","inLanguage":"fr-FR","@id":"https:\/\/flamtec.es\/en\/#\/schema\/logo\/image\/","url":"https:\/\/flamtec.es\/wp-content\/uploads\/2022\/12\/Logo-rgb.svg","contentUrl":"https:\/\/flamtec.es\/wp-content\/uploads\/2022\/12\/Logo-rgb.svg","width":288,"height":202,"caption":"Flamtec Combusti\u00f3n Ib\u00e9rica"},"image":{"@id":"https:\/\/flamtec.es\/en\/#\/schema\/logo\/image\/"}}]}},"_links":{"self":[{"href":"https:\/\/flamtec.es\/fr\/wp-json\/wp\/v2\/pages\/1060","targetHints":{"allow":["GET"]}}],"collection":[{"href":"https:\/\/flamtec.es\/fr\/wp-json\/wp\/v2\/pages"}],"about":[{"href":"https:\/\/flamtec.es\/fr\/wp-json\/wp\/v2\/types\/page"}],"author":[{"embeddable":true,"href":"https:\/\/flamtec.es\/fr\/wp-json\/wp\/v2\/users\/1"}],"replies":[{"embeddable":true,"href":"https:\/\/flamtec.es\/fr\/wp-json\/wp\/v2\/comments?post=1060"}],"version-history":[{"count":2,"href":"https:\/\/flamtec.es\/fr\/wp-json\/wp\/v2\/pages\/1060\/revisions"}],"predecessor-version":[{"id":1071,"href":"https:\/\/flamtec.es\/fr\/wp-json\/wp\/v2\/pages\/1060\/revisions\/1071"}],"wp:attachment":[{"href":"https:\/\/flamtec.es\/fr\/wp-json\/wp\/v2\/media?parent=1060"}],"curies":[{"name":"wp","href":"https:\/\/api.w.org\/{rel}","templated":true}]}}