{"id":871,"date":"2023-10-23T14:45:28","date_gmt":"2023-10-23T14:45:28","guid":{"rendered":"https:\/\/flamtec.es\/?post_type=product&#038;p=871"},"modified":"2023-10-23T15:09:09","modified_gmt":"2023-10-23T15:09:09","slug":"estacion-de-suministro-de-combustible","status":"publish","type":"product","link":"https:\/\/flamtec.es\/en\/product\/estacion-de-suministro-de-combustible\/","title":{"rendered":"Fuel supply station"},"content":{"rendered":"<p><span class=\"s3\">Details and applications <\/span><\/p>\n<p><strong><span class=\"s3\">Viscosity range: <\/span><\/strong><\/p>\n<p><span class=\"s3\">The motor capacities of the units are designed for: <\/span><\/p>\n<p><span class=\"s3\">- Viscosities up to 80 <\/span><span class=\"s3\">cSt<\/span><span class=\"s3\">.<\/span> <span class=\"s3\">for fuel oil units EL, L <\/span><\/p>\n<p><span class=\"s3\">- Viscosities up to 150 <\/span><span class=\"s3\">cSt<\/span><span class=\"s3\">.<\/span> <span class=\"s3\">for fuel oil units M, S + ES <\/span><\/p>\n<p><span class=\"s3\">Consult for different conditions. max.<\/span> <span class=\"s3\">allowable depression: measured on vacuum gauge <\/span><span class=\"s3\">pos<\/span><span class=\"s3\">. 3 \u2264 -0.6 bar <\/span><\/p>\n<p><strong><span class=\"s3\">max.<\/span> <\/strong><span class=\"s3\"><strong>system pressure:<\/strong> 5 <\/span><\/p>\n<p><span class=\"s3\">Including<\/span><span class=\"s3\"> fuel preheater<\/span><\/p>","protected":false},"excerpt":{"rendered":"<p>Details and applications Viscosity range: The motor capacities of the units are designed for: - Viscosities up to 80 cSt. for units for fuel oil EL, L - Viscosities up to 150 cSt. for units for fuel oil M, S + ES Consult for different conditions. max. permissible vacuum: measured on vacuum gauge pos. 3 \u2264 -0.6 [...]<\/p>","protected":false},"featured_media":872,"comment_status":"open","ping_status":"closed","template":"","meta":{"_acf_changed":false,"site-sidebar-layout":"default","site-content-layout":"default","ast-site-content-layout":"default","site-content-style":"default","site-sidebar-style":"default","ast-global-header-display":"","ast-banner-title-visibility":"","ast-main-header-display":"","ast-hfb-above-header-display":"","ast-hfb-below-header-display":"","ast-hfb-mobile-header-display":"","site-post-title":"","ast-breadcrumbs-content":"","ast-featured-img":"","footer-sml-layout":"","ast-disable-related-posts":"","theme-transparent-header-meta":"default","adv-header-id-meta":"","stick-header-meta":"","header-above-stick-meta":"","header-main-stick-meta":"","header-below-stick-meta":"","astra-migrate-meta-layouts":"default","ast-page-background-enabled":"default","ast-page-background-meta":{"desktop":{"background-color":"var(--ast-global-color-4)","background-image":"","background-repeat":"repeat","background-position":"center center","background-size":"auto","background-attachment":"scroll","background-type":"","background-media":"","overlay-type":"","overlay-color":"","overlay-opacity":"","overlay-gradient":""},"tablet":{"background-color":"","background-image":"","background-repeat":"repeat","background-position":"center center","background-size":"auto","background-attachment":"scroll","background-type":"","background-media":"","overlay-type":"","overlay-color":"","overlay-opacity":"","overlay-gradient":""},"mobile":{"background-color":"","background-image":"","background-repeat":"repeat","background-position":"center center","background-size":"auto","background-attachment":"scroll","background-type":"","background-media":"","overlay-type":"","overlay-color":"","overlay-opacity":"","overlay-gradient":""}},"ast-content-background-meta":{"desktop":{"background-color":"var(--ast-global-color-5)","background-image":"","background-repeat":"repeat","background-position":"center center","background-size":"auto","background-attachment":"scroll","background-type":"","background-media":"","overlay-type":"","overlay-color":"","overlay-opacity":"","overlay-gradient":""},"tablet":{"background-color":"var(--ast-global-color-5)","background-image":"","background-repeat":"repeat","background-position":"center center","background-size":"auto","background-attachment":"scroll","background-type":"","background-media":"","overlay-type":"","overlay-color":"","overlay-opacity":"","overlay-gradient":""},"mobile":{"background-color":"var(--ast-global-color-5)","background-image":"","background-repeat":"repeat","background-position":"center center","background-size":"auto","background-attachment":"scroll","background-type":"","background-media":"","overlay-type":"","overlay-color":"","overlay-opacity":"","overlay-gradient":""}}},"product_brand":[],"product_cat":[59],"product_tag":[],"class_list":{"0":"post-871","1":"product","2":"type-product","3":"status-publish","4":"has-post-thumbnail","6":"product_cat-complementos","7":"desktop-align-left","8":"tablet-align-left","9":"mobile-align-left","11":"first","12":"instock","13":"taxable","14":"shipping-taxable","15":"product-type-simple"},"acf":[],"yoast_head":"<!-- This site is optimized with the Yoast SEO Premium plugin v27.2 (Yoast SEO v27.2) - https:\/\/yoast.com\/product\/yoast-seo-premium-wordpress\/ -->\n<title>Estaci\u00f3n de suministro de combustible - Flamtec<\/title>\n<meta name=\"robots\" content=\"index, follow, max-snippet:-1, max-image-preview:large, max-video-preview:-1\" \/>\n<link rel=\"canonical\" href=\"https:\/\/flamtec.es\/en\/product\/estacion-de-suministro-de-combustible\/\" \/>\n<meta property=\"og:locale\" content=\"en_US\" \/>\n<meta property=\"og:type\" content=\"article\" \/>\n<meta property=\"og:title\" content=\"Estaci\u00f3n de suministro de combustible\" \/>\n<meta property=\"og:description\" content=\"Detalles y aplicaciones Rango de viscosidad: Las capacidades del motor de las unidades est\u00e1n dise\u00f1adas para: \u2022 Viscosidades hasta 80 cSt. para unidades de fueloil EL, L \u2022 Viscosidades hasta 150 cSt. para unidades para fueloil M, S + ES Consulte por condiciones diferentes. m\u00e1x. depresi\u00f3n permitida: medida en el vacu\u00f3metro pos. 3 \u2264 -0,6 [&hellip;]\" \/>\n<meta property=\"og:url\" content=\"https:\/\/flamtec.es\/en\/product\/estacion-de-suministro-de-combustible\/\" \/>\n<meta property=\"og:site_name\" content=\"Flamtec\" \/>\n<meta property=\"article:modified_time\" content=\"2023-10-23T15:09:09+00:00\" \/>\n<meta property=\"og:image\" content=\"https:\/\/flamtec.es\/wp-content\/uploads\/2023\/10\/5-ft.jpg\" \/>\n\t<meta property=\"og:image:width\" content=\"1000\" \/>\n\t<meta property=\"og:image:height\" content=\"1000\" \/>\n\t<meta property=\"og:image:type\" content=\"image\/jpeg\" \/>\n<meta name=\"twitter:card\" content=\"summary_large_image\" \/>\n<meta name=\"twitter:label1\" content=\"Price\" \/>\n\t<meta name=\"twitter:data1\" content=\"\" \/>\n\t<meta name=\"twitter:label2\" content=\"Availability\" \/>\n\t<meta name=\"twitter:data2\" content=\"In stock\" \/>\n<script type=\"application\/ld+json\" class=\"yoast-schema-graph\">{\"@context\":\"https:\/\/schema.org\",\"@graph\":[{\"@type\":\"WebPage\",\"@id\":\"https:\/\/flamtec.es\/en\/product\/estacion-de-suministro-de-combustible\/\",\"url\":\"https:\/\/flamtec.es\/en\/product\/estacion-de-suministro-de-combustible\/\",\"name\":\"Estaci\u00f3n de suministro de combustible - Flamtec\",\"isPartOf\":{\"@id\":\"https:\/\/flamtec.es\/en\/#website\"},\"primaryImageOfPage\":{\"@id\":\"https:\/\/flamtec.es\/en\/product\/estacion-de-suministro-de-combustible\/#primaryimage\"},\"image\":{\"@id\":\"https:\/\/flamtec.es\/en\/product\/estacion-de-suministro-de-combustible\/#primaryimage\"},\"thumbnailUrl\":\"https:\/\/flamtec.es\/wp-content\/uploads\/2023\/10\/5-ft.jpg\",\"datePublished\":\"2023-10-23T14:45:28+00:00\",\"dateModified\":\"2023-10-23T15:09:09+00:00\",\"breadcrumb\":{\"@id\":\"https:\/\/flamtec.es\/en\/product\/estacion-de-suministro-de-combustible\/#breadcrumb\"},\"inLanguage\":\"en-US\",\"potentialAction\":[{\"@type\":\"ReadAction\",\"target\":[\"https:\/\/flamtec.es\/en\/product\/estacion-de-suministro-de-combustible\/\"]}]},{\"@type\":\"ImageObject\",\"inLanguage\":\"en-US\",\"@id\":\"https:\/\/flamtec.es\/en\/product\/estacion-de-suministro-de-combustible\/#primaryimage\",\"url\":\"https:\/\/flamtec.es\/wp-content\/uploads\/2023\/10\/5-ft.jpg\",\"contentUrl\":\"https:\/\/flamtec.es\/wp-content\/uploads\/2023\/10\/5-ft.jpg\",\"width\":1000,\"height\":1000},{\"@type\":\"BreadcrumbList\",\"@id\":\"https:\/\/flamtec.es\/en\/product\/estacion-de-suministro-de-combustible\/#breadcrumb\",\"itemListElement\":[{\"@type\":\"ListItem\",\"position\":1,\"name\":\"Portada\",\"item\":\"https:\/\/flamtec.es\/\"},{\"@type\":\"ListItem\",\"position\":2,\"name\":\"Productos\",\"item\":\"https:\/\/flamtec.es\/en\/productos\/\"},{\"@type\":\"ListItem\",\"position\":3,\"name\":\"Estaci\u00f3n de suministro de combustible\"}]},{\"@type\":\"WebSite\",\"@id\":\"https:\/\/flamtec.es\/en\/#website\",\"url\":\"https:\/\/flamtec.es\/en\/\",\"name\":\"Flamtec Combusti\u00f3n Ib\u00e9rica\",\"description\":\"Tecnolog\u00eda de la Combusti\u00f3n\",\"publisher\":{\"@id\":\"https:\/\/flamtec.es\/en\/#organization\"},\"alternateName\":\"Flamtec\",\"potentialAction\":[{\"@type\":\"SearchAction\",\"target\":{\"@type\":\"EntryPoint\",\"urlTemplate\":\"https:\/\/flamtec.es\/en\/?s={search_term_string}\"},\"query-input\":{\"@type\":\"PropertyValueSpecification\",\"valueRequired\":true,\"valueName\":\"search_term_string\"}}],\"inLanguage\":\"en-US\"},{\"@type\":\"Organization\",\"@id\":\"https:\/\/flamtec.es\/en\/#organization\",\"name\":\"Flamtec Combusti\u00f3n Ib\u00e9rica\",\"alternateName\":\"Flamtec\",\"url\":\"https:\/\/flamtec.es\/en\/\",\"logo\":{\"@type\":\"ImageObject\",\"inLanguage\":\"en-US\",\"@id\":\"https:\/\/flamtec.es\/en\/#\/schema\/logo\/image\/\",\"url\":\"https:\/\/flamtec.es\/wp-content\/uploads\/2022\/12\/Logo-rgb.svg\",\"contentUrl\":\"https:\/\/flamtec.es\/wp-content\/uploads\/2022\/12\/Logo-rgb.svg\",\"width\":288,\"height\":202,\"caption\":\"Flamtec Combusti\u00f3n Ib\u00e9rica\"},\"image\":{\"@id\":\"https:\/\/flamtec.es\/en\/#\/schema\/logo\/image\/\"}}]}<\/script>\n<meta property=\"product:price:currency\" content=\"EUR\" \/>\n<meta property=\"og:availability\" content=\"instock\" \/>\n<meta property=\"product:availability\" content=\"instock\" \/>\n<meta property=\"product:condition\" content=\"new\" \/>\n<!-- \/ Yoast SEO Premium plugin. -->","yoast_head_json":{"title":"Estaci\u00f3n de suministro de combustible - Flamtec","robots":{"index":"index","follow":"follow","max-snippet":"max-snippet:-1","max-image-preview":"max-image-preview:large","max-video-preview":"max-video-preview:-1"},"canonical":"https:\/\/flamtec.es\/en\/product\/estacion-de-suministro-de-combustible\/","og_locale":"en_US","og_type":"article","og_title":"Estaci\u00f3n de suministro de combustible","og_description":"Detalles y aplicaciones Rango de viscosidad: Las capacidades del motor de las unidades est\u00e1n dise\u00f1adas para: \u2022 Viscosidades hasta 80 cSt. para unidades de fueloil EL, L \u2022 Viscosidades hasta 150 cSt. para unidades para fueloil M, S + ES Consulte por condiciones diferentes. m\u00e1x. depresi\u00f3n permitida: medida en el vacu\u00f3metro pos. 3 \u2264 -0,6 [&hellip;]","og_url":"https:\/\/flamtec.es\/en\/product\/estacion-de-suministro-de-combustible\/","og_site_name":"Flamtec","article_modified_time":"2023-10-23T15:09:09+00:00","og_image":[{"width":1000,"height":1000,"url":"https:\/\/flamtec.es\/wp-content\/uploads\/2023\/10\/5-ft.jpg","type":"image\/jpeg"}],"twitter_card":"summary_large_image","twitter_misc":{"Price":"","Availability":"In stock"},"schema":{"@context":"https:\/\/schema.org","@graph":[{"@type":"WebPage","@id":"https:\/\/flamtec.es\/en\/product\/estacion-de-suministro-de-combustible\/","url":"https:\/\/flamtec.es\/en\/product\/estacion-de-suministro-de-combustible\/","name":"Estaci\u00f3n de suministro de combustible - Flamtec","isPartOf":{"@id":"https:\/\/flamtec.es\/en\/#website"},"primaryImageOfPage":{"@id":"https:\/\/flamtec.es\/en\/product\/estacion-de-suministro-de-combustible\/#primaryimage"},"image":{"@id":"https:\/\/flamtec.es\/en\/product\/estacion-de-suministro-de-combustible\/#primaryimage"},"thumbnailUrl":"https:\/\/flamtec.es\/wp-content\/uploads\/2023\/10\/5-ft.jpg","datePublished":"2023-10-23T14:45:28+00:00","dateModified":"2023-10-23T15:09:09+00:00","breadcrumb":{"@id":"https:\/\/flamtec.es\/en\/product\/estacion-de-suministro-de-combustible\/#breadcrumb"},"inLanguage":"en-US","potentialAction":[{"@type":"ReadAction","target":["https:\/\/flamtec.es\/en\/product\/estacion-de-suministro-de-combustible\/"]}]},{"@type":"ImageObject","inLanguage":"en-US","@id":"https:\/\/flamtec.es\/en\/product\/estacion-de-suministro-de-combustible\/#primaryimage","url":"https:\/\/flamtec.es\/wp-content\/uploads\/2023\/10\/5-ft.jpg","contentUrl":"https:\/\/flamtec.es\/wp-content\/uploads\/2023\/10\/5-ft.jpg","width":1000,"height":1000},{"@type":"BreadcrumbList","@id":"https:\/\/flamtec.es\/en\/product\/estacion-de-suministro-de-combustible\/#breadcrumb","itemListElement":[{"@type":"ListItem","position":1,"name":"Portada","item":"https:\/\/flamtec.es\/"},{"@type":"ListItem","position":2,"name":"Productos","item":"https:\/\/flamtec.es\/en\/productos\/"},{"@type":"ListItem","position":3,"name":"Estaci\u00f3n de suministro de combustible"}]},{"@type":"WebSite","@id":"https:\/\/flamtec.es\/en\/#website","url":"https:\/\/flamtec.es\/en\/","name":"Flamtec Combusti\u00f3n Ib\u00e9rica","description":"Tecnolog\u00eda de la Combusti\u00f3n","publisher":{"@id":"https:\/\/flamtec.es\/en\/#organization"},"alternateName":"Flamtec","potentialAction":[{"@type":"SearchAction","target":{"@type":"EntryPoint","urlTemplate":"https:\/\/flamtec.es\/en\/?s={search_term_string}"},"query-input":{"@type":"PropertyValueSpecification","valueRequired":true,"valueName":"search_term_string"}}],"inLanguage":"en-US"},{"@type":"Organization","@id":"https:\/\/flamtec.es\/en\/#organization","name":"Flamtec Combusti\u00f3n Ib\u00e9rica","alternateName":"Flamtec","url":"https:\/\/flamtec.es\/en\/","logo":{"@type":"ImageObject","inLanguage":"en-US","@id":"https:\/\/flamtec.es\/en\/#\/schema\/logo\/image\/","url":"https:\/\/flamtec.es\/wp-content\/uploads\/2022\/12\/Logo-rgb.svg","contentUrl":"https:\/\/flamtec.es\/wp-content\/uploads\/2022\/12\/Logo-rgb.svg","width":288,"height":202,"caption":"Flamtec Combusti\u00f3n Ib\u00e9rica"},"image":{"@id":"https:\/\/flamtec.es\/en\/#\/schema\/logo\/image\/"}}]},"product_price_currency":"EUR","og_availability":"instock","product_availability":"instock","product_condition":"new"},"_links":{"self":[{"href":"https:\/\/flamtec.es\/en\/wp-json\/wp\/v2\/product\/871","targetHints":{"allow":["GET"]}}],"collection":[{"href":"https:\/\/flamtec.es\/en\/wp-json\/wp\/v2\/product"}],"about":[{"href":"https:\/\/flamtec.es\/en\/wp-json\/wp\/v2\/types\/product"}],"replies":[{"embeddable":true,"href":"https:\/\/flamtec.es\/en\/wp-json\/wp\/v2\/comments?post=871"}],"wp:featuredmedia":[{"embeddable":true,"href":"https:\/\/flamtec.es\/en\/wp-json\/wp\/v2\/media\/872"}],"wp:attachment":[{"href":"https:\/\/flamtec.es\/en\/wp-json\/wp\/v2\/media?parent=871"}],"wp:term":[{"taxonomy":"product_brand","embeddable":true,"href":"https:\/\/flamtec.es\/en\/wp-json\/wp\/v2\/product_brand?post=871"},{"taxonomy":"product_cat","embeddable":true,"href":"https:\/\/flamtec.es\/en\/wp-json\/wp\/v2\/product_cat?post=871"},{"taxonomy":"product_tag","embeddable":true,"href":"https:\/\/flamtec.es\/en\/wp-json\/wp\/v2\/product_tag?post=871"}],"curies":[{"name":"wp","href":"https:\/\/api.w.org\/{rel}","templated":true}]}}