{"id":868,"date":"2023-10-23T14:42:42","date_gmt":"2023-10-23T14:42:42","guid":{"rendered":"https:\/\/flamtec.es\/?post_type=product&#038;p=868"},"modified":"2023-10-31T19:46:43","modified_gmt":"2023-10-31T19:46:43","slug":"sistemas-bms","status":"publish","type":"product","link":"https:\/\/flamtec.es\/en\/product\/sistemas-bms\/","title":{"rendered":"BMS Systems"},"content":{"rendered":"<h4 class=\"s3\"><strong><span class=\"s2\">BMS <\/span><span class=\"s2\">ETC6000 <\/span><\/strong><\/h4>\n<p><span class=\"s4\">S<\/span><span class=\"s4\">ETC6000 burner management system is designed to manage dual fuel (gas and oil) modulating burners as single fuel or mixed fuel profiles.<\/span> <span class=\"s4\">Variable frequency drive (VFD) fan speed control and oxygen adjustment options are available, which further improve burner efficiency. <\/span><\/p>\n<p><span class=\"s4\">Product details Functional integration of burner control, gas leak detection, gas valve testing, flame monitoring, PID modulation and air-fuel ratio control in a single unit simplifies wiring and interconnections and improves reliability. <\/span><\/p>\n<p><span class=\"s4\">The small size of the ETC6000 series allows it to be mounted directly inside the burner housing.<\/span> <span class=\"s4\">The ETC6000 has improved combustion and speed reduction, saving up to 5% in fuel costs and significantly reduces harmful CO2 and other flue gas emissions. <\/span><\/p>\n<p><span class=\"s4\">The ' mode<\/span><span class=\"s4\">Plant<\/span><span class=\"s4\"> Master' uses Ethernet to connect up to 10 ETC6000 series controllers to the user interface, making it easier than ever to drill down and analyze numerous boiler results.<\/span><\/p>\n<h4 class=\"s3\"><strong><span class=\"s2\">BMS<\/span><span class=\"s2\"> LMV<\/span><\/strong><\/h4>\n<p><span class=\"s5\">The LMV burner management system has integrated burner control, electronic control of the air-fuel ratio and gas test valve in its base unit.<\/span><\/p>\n<p><span class=\"s5\">As an option, the system can be equipped with a charge controller, VSD control<\/span><\/p>\n<p><span class=\"s5\">. The LMV burner management system not only simplifies burner design, but also makes the production process, assembly and service more efficient.<\/span> <span class=\"s5\">The complex linkage with the mechanical control of the air-fuel ratio is no longer necessary and the flexibility in terms of assembly is considerably increased. <\/span><\/p>\n<p><strong><span class=\"s6\">Benefits:<\/span><\/strong><\/p>\n<ul>\n<li><span class=\"s5\">Gas valve test<br \/>\n<\/span><\/li>\n<li><span class=\"s5\">Optional charge controller communication <\/span><span class=\"s5\">modbus<br \/>\n<\/span><\/li>\n<li><span class=\"s5\">Application of <\/span><span class=\"s5\">NOx<\/span><span class=\"s5\"> super low <\/span><\/li>\n<li><span class=\"s5\">Excellent price-performance ratio <\/span><\/li>\n<li><span class=\"s5\">Optimization of combustion by O2 adjustment control <\/span><\/li>\n<li><span class=\"s5\">20 languages available <\/span><\/li>\n<li><span class=\"s5\">User-optimized configuration Simple installation and maintenance Adjustable safety times according to EN746 <\/span><\/li>\n<li><span class=\"s5\">Extremely versatile for a wide range of industrial applications. <\/span><\/li>\n<li><span class=\"s5\">LMV5 system suitable up to SIL3<\/span><\/li>\n<\/ul>\n<h4><strong><span class=\"s2\">BM<\/span><span class=\"s2\">S CMS<\/span><\/strong><\/h4>\n<p><span class=\"s7\">Combustion management system: the evolution of combustion management <\/span><\/p>\n<p><span class=\"s4\">Whether it is a standard industrial combustion or a complex process application, the revolutionary CMS burner management system sets new standards in control automation. <\/span><\/p>\n<p><strong><span class=\"s7\">Modular:<\/span><\/strong><span class=\"s4\"> The CMS is simple and easy to configure to meet a wide and varied range of application requirements, from small industrial burners to large complex systems;<\/span> <span class=\"s4\">everything is controllable. <\/span><\/p>\n<p><strong><span class=\"s7\">Safety:<\/span><\/strong><span class=\"s4\"> The modules are connected through a security LSB SYSTEM BUS. Communications: The CMS uses MODBUS TCP as the standard interface.<\/span><span class=\"s4\">Additional fieldbus communications such as PROFINET, PROFIBUS and MODBUS RTU are also supported. <\/span><\/p>\n<p><strong><span class=\"s7\">Simple:<\/span><\/strong><span class=\"s4\"> CMS stands for \"<\/span><span class=\"s4\">Combustion<\/span> <span class=\"s4\">Made<\/span><span class=\"s4\"> Simple;<\/span> <span class=\"s4\">highlighting the intuitive graphical user interface. <\/span><\/p>\n<p><strong><span class=\"s7\">Customizable:<\/span><\/strong><span class=\"s4\"> The standard graphical user interfaces are the simple UI400 and the 7\" GUI607 color touch screen.<\/span> <span class=\"s4\">However, CMS is very flexible with HMIs and are also available to deliver 10\" (GUI610) and 15\" (GUI15) color touch screen panels.<\/span> <span class=\"s4\">In addition, it is possible to connect additional HMIs to enable control at different locations on the site. <\/span><\/p>\n<p><strong><span class=\"s7\">Versatile<\/span><span class=\"s4\">: <\/span><\/strong><span class=\"s4\">Soft<\/span><span class=\"s4\">Integrated PLC (CODESYS) for fail-safe control assignments. <\/span><\/p>\n<p><span class=\"s4\"><strong>Flexibility:<\/strong> Inputs and outputs of the burner system can be freely assigned to CMS modules.<\/span><span class=\"s8\">.<\/span><\/p>\n<p>&nbsp;<\/p>","protected":false},"excerpt":{"rendered":"<p>BMS ETC6000 Sistema de gesti\u00f3n de quemadores ETC6000 est\u00e1 dise\u00f1ado para gestionar quemadores modulantes de combustible dual (gas y petr\u00f3leo) como perfiles de combustible \u00fanico o perfiles mixtos. Hay opciones de control de velocidad del ventilador mediante un variador de frecuencia (VFD) y ajuste de ox\u00edgeno, que mejoran a\u00fan m\u00e1s la eficiencia del quemador. Detalles [&hellip;]<\/p>","protected":false},"featured_media":911,"comment_status":"open","ping_status":"closed","template":"","meta":{"_acf_changed":false,"site-sidebar-layout":"default","site-content-layout":"default","ast-site-content-layout":"default","site-content-style":"default","site-sidebar-style":"default","ast-global-header-display":"","ast-banner-title-visibility":"","ast-main-header-display":"","ast-hfb-above-header-display":"","ast-hfb-below-header-display":"","ast-hfb-mobile-header-display":"","site-post-title":"","ast-breadcrumbs-content":"","ast-featured-img":"","footer-sml-layout":"","ast-disable-related-posts":"","theme-transparent-header-meta":"default","adv-header-id-meta":"","stick-header-meta":"","header-above-stick-meta":"","header-main-stick-meta":"","header-below-stick-meta":"","astra-migrate-meta-layouts":"default","ast-page-background-enabled":"default","ast-page-background-meta":{"desktop":{"background-color":"var(--ast-global-color-4)","background-image":"","background-repeat":"repeat","background-position":"center center","background-size":"auto","background-attachment":"scroll","background-type":"","background-media":"","overlay-type":"","overlay-color":"","overlay-opacity":"","overlay-gradient":""},"tablet":{"background-color":"","background-image":"","background-repeat":"repeat","background-position":"center center","background-size":"auto","background-attachment":"scroll","background-type":"","background-media":"","overlay-type":"","overlay-color":"","overlay-opacity":"","overlay-gradient":""},"mobile":{"background-color":"","background-image":"","background-repeat":"repeat","background-position":"center center","background-size":"auto","background-attachment":"scroll","background-type":"","background-media":"","overlay-type":"","overlay-color":"","overlay-opacity":"","overlay-gradient":""}},"ast-content-background-meta":{"desktop":{"background-color":"var(--ast-global-color-5)","background-image":"","background-repeat":"repeat","background-position":"center center","background-size":"auto","background-attachment":"scroll","background-type":"","background-media":"","overlay-type":"","overlay-color":"","overlay-opacity":"","overlay-gradient":""},"tablet":{"background-color":"var(--ast-global-color-5)","background-image":"","background-repeat":"repeat","background-position":"center center","background-size":"auto","background-attachment":"scroll","background-type":"","background-media":"","overlay-type":"","overlay-color":"","overlay-opacity":"","overlay-gradient":""},"mobile":{"background-color":"var(--ast-global-color-5)","background-image":"","background-repeat":"repeat","background-position":"center center","background-size":"auto","background-attachment":"scroll","background-type":"","background-media":"","overlay-type":"","overlay-color":"","overlay-opacity":"","overlay-gradient":""}}},"product_brand":[],"product_cat":[59],"product_tag":[],"class_list":{"0":"post-868","1":"product","2":"type-product","3":"status-publish","4":"has-post-thumbnail","6":"product_cat-complementos","7":"desktop-align-left","8":"tablet-align-left","9":"mobile-align-left","11":"first","12":"instock","13":"taxable","14":"shipping-taxable","15":"product-type-simple"},"acf":[],"yoast_head":"<!-- This site is optimized with the Yoast SEO Premium plugin v27.2 (Yoast SEO v27.2) - https:\/\/yoast.com\/product\/yoast-seo-premium-wordpress\/ -->\n<title>Sistemas BMS - Flamtec<\/title>\n<meta name=\"robots\" content=\"index, follow, max-snippet:-1, max-image-preview:large, max-video-preview:-1\" \/>\n<link rel=\"canonical\" href=\"https:\/\/flamtec.es\/en\/product\/sistemas-bms\/\" \/>\n<meta property=\"og:locale\" content=\"en_US\" \/>\n<meta property=\"og:type\" content=\"article\" \/>\n<meta property=\"og:title\" content=\"Sistemas BMS\" \/>\n<meta property=\"og:description\" content=\"BMS ETC6000 Sistema de gesti\u00f3n de quemadores ETC6000 est\u00e1 dise\u00f1ado para gestionar quemadores modulantes de combustible dual (gas y petr\u00f3leo) como perfiles de combustible \u00fanico o perfiles mixtos. Hay opciones de control de velocidad del ventilador mediante un variador de frecuencia (VFD) y ajuste de ox\u00edgeno, que mejoran a\u00fan m\u00e1s la eficiencia del quemador. Detalles [&hellip;]\" \/>\n<meta property=\"og:url\" content=\"https:\/\/flamtec.es\/en\/product\/sistemas-bms\/\" \/>\n<meta property=\"og:site_name\" content=\"Flamtec\" \/>\n<meta property=\"article:modified_time\" content=\"2023-10-31T19:46:43+00:00\" \/>\n<meta property=\"og:image\" content=\"https:\/\/flamtec.es\/wp-content\/uploads\/2023\/10\/BMS-1.jpg\" \/>\n\t<meta property=\"og:image:width\" content=\"2555\" \/>\n\t<meta property=\"og:image:height\" content=\"2124\" \/>\n\t<meta property=\"og:image:type\" content=\"image\/jpeg\" \/>\n<meta name=\"twitter:card\" content=\"summary_large_image\" \/>\n<meta name=\"twitter:label1\" content=\"Price\" \/>\n\t<meta name=\"twitter:data1\" content=\"\" \/>\n\t<meta name=\"twitter:label2\" content=\"Availability\" \/>\n\t<meta name=\"twitter:data2\" content=\"In stock\" \/>\n<script type=\"application\/ld+json\" class=\"yoast-schema-graph\">{\"@context\":\"https:\/\/schema.org\",\"@graph\":[{\"@type\":\"WebPage\",\"@id\":\"https:\/\/flamtec.es\/producto\/sistemas-bms\/\",\"url\":\"https:\/\/flamtec.es\/producto\/sistemas-bms\/\",\"name\":\"Sistemas BMS - Flamtec\",\"isPartOf\":{\"@id\":\"https:\/\/flamtec.es\/en\/#website\"},\"primaryImageOfPage\":{\"@id\":\"https:\/\/flamtec.es\/producto\/sistemas-bms\/#primaryimage\"},\"image\":{\"@id\":\"https:\/\/flamtec.es\/producto\/sistemas-bms\/#primaryimage\"},\"thumbnailUrl\":\"https:\/\/flamtec.es\/wp-content\/uploads\/2023\/10\/BMS-1.jpg\",\"datePublished\":\"2023-10-23T14:42:42+00:00\",\"dateModified\":\"2023-10-31T19:46:43+00:00\",\"breadcrumb\":{\"@id\":\"https:\/\/flamtec.es\/producto\/sistemas-bms\/#breadcrumb\"},\"inLanguage\":\"en-US\",\"potentialAction\":[{\"@type\":\"ReadAction\",\"target\":[\"https:\/\/flamtec.es\/producto\/sistemas-bms\/\"]}]},{\"@type\":\"ImageObject\",\"inLanguage\":\"en-US\",\"@id\":\"https:\/\/flamtec.es\/producto\/sistemas-bms\/#primaryimage\",\"url\":\"https:\/\/flamtec.es\/wp-content\/uploads\/2023\/10\/BMS-1.jpg\",\"contentUrl\":\"https:\/\/flamtec.es\/wp-content\/uploads\/2023\/10\/BMS-1.jpg\",\"width\":2555,\"height\":2124},{\"@type\":\"BreadcrumbList\",\"@id\":\"https:\/\/flamtec.es\/producto\/sistemas-bms\/#breadcrumb\",\"itemListElement\":[{\"@type\":\"ListItem\",\"position\":1,\"name\":\"Portada\",\"item\":\"https:\/\/flamtec.es\/\"},{\"@type\":\"ListItem\",\"position\":2,\"name\":\"Productos\",\"item\":\"https:\/\/flamtec.es\/en\/productos\/\"},{\"@type\":\"ListItem\",\"position\":3,\"name\":\"Sistemas BMS\"}]},{\"@type\":\"WebSite\",\"@id\":\"https:\/\/flamtec.es\/en\/#website\",\"url\":\"https:\/\/flamtec.es\/en\/\",\"name\":\"Flamtec Combusti\u00f3n Ib\u00e9rica\",\"description\":\"Tecnolog\u00eda de la Combusti\u00f3n\",\"publisher\":{\"@id\":\"https:\/\/flamtec.es\/en\/#organization\"},\"alternateName\":\"Flamtec\",\"potentialAction\":[{\"@type\":\"SearchAction\",\"target\":{\"@type\":\"EntryPoint\",\"urlTemplate\":\"https:\/\/flamtec.es\/en\/?s={search_term_string}\"},\"query-input\":{\"@type\":\"PropertyValueSpecification\",\"valueRequired\":true,\"valueName\":\"search_term_string\"}}],\"inLanguage\":\"en-US\"},{\"@type\":\"Organization\",\"@id\":\"https:\/\/flamtec.es\/en\/#organization\",\"name\":\"Flamtec Combusti\u00f3n Ib\u00e9rica\",\"alternateName\":\"Flamtec\",\"url\":\"https:\/\/flamtec.es\/en\/\",\"logo\":{\"@type\":\"ImageObject\",\"inLanguage\":\"en-US\",\"@id\":\"https:\/\/flamtec.es\/en\/#\/schema\/logo\/image\/\",\"url\":\"https:\/\/flamtec.es\/wp-content\/uploads\/2022\/12\/Logo-rgb.svg\",\"contentUrl\":\"https:\/\/flamtec.es\/wp-content\/uploads\/2022\/12\/Logo-rgb.svg\",\"width\":288,\"height\":202,\"caption\":\"Flamtec Combusti\u00f3n Ib\u00e9rica\"},\"image\":{\"@id\":\"https:\/\/flamtec.es\/en\/#\/schema\/logo\/image\/\"}}]}<\/script>\n<meta property=\"product:price:currency\" content=\"EUR\" \/>\n<meta property=\"og:availability\" content=\"instock\" \/>\n<meta property=\"product:availability\" content=\"instock\" \/>\n<meta property=\"product:condition\" content=\"new\" \/>\n<!-- \/ Yoast SEO Premium plugin. -->","yoast_head_json":{"title":"Sistemas BMS - Flamtec","robots":{"index":"index","follow":"follow","max-snippet":"max-snippet:-1","max-image-preview":"max-image-preview:large","max-video-preview":"max-video-preview:-1"},"canonical":"https:\/\/flamtec.es\/en\/product\/sistemas-bms\/","og_locale":"en_US","og_type":"article","og_title":"Sistemas BMS","og_description":"BMS ETC6000 Sistema de gesti\u00f3n de quemadores ETC6000 est\u00e1 dise\u00f1ado para gestionar quemadores modulantes de combustible dual (gas y petr\u00f3leo) como perfiles de combustible \u00fanico o perfiles mixtos. Hay opciones de control de velocidad del ventilador mediante un variador de frecuencia (VFD) y ajuste de ox\u00edgeno, que mejoran a\u00fan m\u00e1s la eficiencia del quemador. Detalles [&hellip;]","og_url":"https:\/\/flamtec.es\/en\/product\/sistemas-bms\/","og_site_name":"Flamtec","article_modified_time":"2023-10-31T19:46:43+00:00","og_image":[{"width":2555,"height":2124,"url":"https:\/\/flamtec.es\/wp-content\/uploads\/2023\/10\/BMS-1.jpg","type":"image\/jpeg"}],"twitter_card":"summary_large_image","twitter_misc":{"Price":"","Availability":"In stock"},"schema":{"@context":"https:\/\/schema.org","@graph":[{"@type":"WebPage","@id":"https:\/\/flamtec.es\/producto\/sistemas-bms\/","url":"https:\/\/flamtec.es\/producto\/sistemas-bms\/","name":"Sistemas BMS - Flamtec","isPartOf":{"@id":"https:\/\/flamtec.es\/en\/#website"},"primaryImageOfPage":{"@id":"https:\/\/flamtec.es\/producto\/sistemas-bms\/#primaryimage"},"image":{"@id":"https:\/\/flamtec.es\/producto\/sistemas-bms\/#primaryimage"},"thumbnailUrl":"https:\/\/flamtec.es\/wp-content\/uploads\/2023\/10\/BMS-1.jpg","datePublished":"2023-10-23T14:42:42+00:00","dateModified":"2023-10-31T19:46:43+00:00","breadcrumb":{"@id":"https:\/\/flamtec.es\/producto\/sistemas-bms\/#breadcrumb"},"inLanguage":"en-US","potentialAction":[{"@type":"ReadAction","target":["https:\/\/flamtec.es\/producto\/sistemas-bms\/"]}]},{"@type":"ImageObject","inLanguage":"en-US","@id":"https:\/\/flamtec.es\/producto\/sistemas-bms\/#primaryimage","url":"https:\/\/flamtec.es\/wp-content\/uploads\/2023\/10\/BMS-1.jpg","contentUrl":"https:\/\/flamtec.es\/wp-content\/uploads\/2023\/10\/BMS-1.jpg","width":2555,"height":2124},{"@type":"BreadcrumbList","@id":"https:\/\/flamtec.es\/producto\/sistemas-bms\/#breadcrumb","itemListElement":[{"@type":"ListItem","position":1,"name":"Portada","item":"https:\/\/flamtec.es\/"},{"@type":"ListItem","position":2,"name":"Productos","item":"https:\/\/flamtec.es\/en\/productos\/"},{"@type":"ListItem","position":3,"name":"Sistemas BMS"}]},{"@type":"WebSite","@id":"https:\/\/flamtec.es\/en\/#website","url":"https:\/\/flamtec.es\/en\/","name":"Flamtec Combusti\u00f3n Ib\u00e9rica","description":"Tecnolog\u00eda de la Combusti\u00f3n","publisher":{"@id":"https:\/\/flamtec.es\/en\/#organization"},"alternateName":"Flamtec","potentialAction":[{"@type":"SearchAction","target":{"@type":"EntryPoint","urlTemplate":"https:\/\/flamtec.es\/en\/?s={search_term_string}"},"query-input":{"@type":"PropertyValueSpecification","valueRequired":true,"valueName":"search_term_string"}}],"inLanguage":"en-US"},{"@type":"Organization","@id":"https:\/\/flamtec.es\/en\/#organization","name":"Flamtec Combusti\u00f3n Ib\u00e9rica","alternateName":"Flamtec","url":"https:\/\/flamtec.es\/en\/","logo":{"@type":"ImageObject","inLanguage":"en-US","@id":"https:\/\/flamtec.es\/en\/#\/schema\/logo\/image\/","url":"https:\/\/flamtec.es\/wp-content\/uploads\/2022\/12\/Logo-rgb.svg","contentUrl":"https:\/\/flamtec.es\/wp-content\/uploads\/2022\/12\/Logo-rgb.svg","width":288,"height":202,"caption":"Flamtec Combusti\u00f3n Ib\u00e9rica"},"image":{"@id":"https:\/\/flamtec.es\/en\/#\/schema\/logo\/image\/"}}]},"product_price_currency":"EUR","og_availability":"instock","product_availability":"instock","product_condition":"new"},"_links":{"self":[{"href":"https:\/\/flamtec.es\/en\/wp-json\/wp\/v2\/product\/868","targetHints":{"allow":["GET"]}}],"collection":[{"href":"https:\/\/flamtec.es\/en\/wp-json\/wp\/v2\/product"}],"about":[{"href":"https:\/\/flamtec.es\/en\/wp-json\/wp\/v2\/types\/product"}],"replies":[{"embeddable":true,"href":"https:\/\/flamtec.es\/en\/wp-json\/wp\/v2\/comments?post=868"}],"wp:featuredmedia":[{"embeddable":true,"href":"https:\/\/flamtec.es\/en\/wp-json\/wp\/v2\/media\/911"}],"wp:attachment":[{"href":"https:\/\/flamtec.es\/en\/wp-json\/wp\/v2\/media?parent=868"}],"wp:term":[{"taxonomy":"product_brand","embeddable":true,"href":"https:\/\/flamtec.es\/en\/wp-json\/wp\/v2\/product_brand?post=868"},{"taxonomy":"product_cat","embeddable":true,"href":"https:\/\/flamtec.es\/en\/wp-json\/wp\/v2\/product_cat?post=868"},{"taxonomy":"product_tag","embeddable":true,"href":"https:\/\/flamtec.es\/en\/wp-json\/wp\/v2\/product_tag?post=868"}],"curies":[{"name":"wp","href":"https:\/\/api.w.org\/{rel}","templated":true}]}}