{"id":859,"date":"2023-10-23T14:23:18","date_gmt":"2023-10-23T14:23:18","guid":{"rendered":"https:\/\/flamtec.es\/?post_type=product&#038;p=859"},"modified":"2023-11-06T15:42:46","modified_gmt":"2023-11-06T15:42:46","slug":"bdf320","status":"publish","type":"product","link":"https:\/\/flamtec.es\/en\/product\/bdf320\/","title":{"rendered":"BDF320"},"content":{"rendered":"<h4><strong>Applications<\/strong><\/h4>\n<p class=\"s4\"><strong><span class=\"s5\">Iron and Steel Industry<\/span><\/strong><\/p>\n<ul>\n<li class=\"s4\"><span class=\"s6\">Melting furnaces<\/span><\/li>\n<li class=\"s4\"><span class=\"s6\">Heating furnaces<\/span><\/li>\n<li class=\"s4\"><span class=\"s6\">Heat treatment furnaces<\/span><\/li>\n<\/ul>\n<p class=\"s4\"><strong><span class=\"s5\">Heavy metals<\/span><span class=\"s5\"> nonferrous and light metals<\/span><\/strong><\/p>\n<ul>\n<li class=\"s4\"><span class=\"s6\">Melting furnaces<\/span><\/li>\n<li class=\"s4\"><span class=\"s6\">Heating furnaces<\/span><\/li>\n<li class=\"s4\"><span class=\"s6\">Heat treatment furnaces<\/span><\/li>\n<\/ul>\n<p class=\"s4\"><strong><span class=\"s5\">Factory<\/span><span class=\"s5\"> brick and ceramics industry<\/span><\/strong><\/p>\n<ul>\n<li class=\"s4\"><span class=\"s6\">Ovens<\/span><\/li>\n<li class=\"s4\"><span class=\"s6\">Batch ovens<\/span><\/li>\n<li class=\"s4\"><span class=\"s6\">Tunnel kilns<\/span><\/li>\n<\/ul>\n<p><strong><span class=\"s5\">Other processes and facilities<\/span><\/strong><\/p>\n<ul>\n<li class=\"s4\"><span class=\"s6\">Afterburner installations<\/span><\/li>\n<li class=\"s4\"><span class=\"s6\">Hot air generators<\/span><\/li>\n<li><span class=\"s6\">Drying plants<\/span> <span class=\"s6\">(paper production or food industry)<\/span><\/li>\n<li><span class=\"s7\">Use as ignition burner or glue burner<\/span><\/li>\n<\/ul>","protected":false},"excerpt":{"rendered":"<p>Applications Iron and steel industry Melting furnaces Heating furnaces Heat treatment furnaces Heat treatment furnaces Non-ferrous heavy metals and light metals Melting furnaces Heating furnaces Heat treatment furnaces Brick making and ceramic industry Furnaces Batch furnaces Tunnel kilns Other processes and installations Afterburners Hot air generators [...]<\/p>","protected":false},"featured_media":836,"comment_status":"open","ping_status":"closed","template":"","meta":{"_acf_changed":false,"site-sidebar-layout":"default","site-content-layout":"default","ast-site-content-layout":"default","site-content-style":"default","site-sidebar-style":"default","ast-global-header-display":"","ast-banner-title-visibility":"","ast-main-header-display":"","ast-hfb-above-header-display":"","ast-hfb-below-header-display":"","ast-hfb-mobile-header-display":"","site-post-title":"","ast-breadcrumbs-content":"","ast-featured-img":"","footer-sml-layout":"","ast-disable-related-posts":"","theme-transparent-header-meta":"default","adv-header-id-meta":"","stick-header-meta":"","header-above-stick-meta":"","header-main-stick-meta":"","header-below-stick-meta":"","astra-migrate-meta-layouts":"default","ast-page-background-enabled":"default","ast-page-background-meta":{"desktop":{"background-color":"var(--ast-global-color-4)","background-image":"","background-repeat":"repeat","background-position":"center center","background-size":"auto","background-attachment":"scroll","background-type":"","background-media":"","overlay-type":"","overlay-color":"","overlay-opacity":"","overlay-gradient":""},"tablet":{"background-color":"","background-image":"","background-repeat":"repeat","background-position":"center center","background-size":"auto","background-attachment":"scroll","background-type":"","background-media":"","overlay-type":"","overlay-color":"","overlay-opacity":"","overlay-gradient":""},"mobile":{"background-color":"","background-image":"","background-repeat":"repeat","background-position":"center center","background-size":"auto","background-attachment":"scroll","background-type":"","background-media":"","overlay-type":"","overlay-color":"","overlay-opacity":"","overlay-gradient":""}},"ast-content-background-meta":{"desktop":{"background-color":"var(--ast-global-color-5)","background-image":"","background-repeat":"repeat","background-position":"center center","background-size":"auto","background-attachment":"scroll","background-type":"","background-media":"","overlay-type":"","overlay-color":"","overlay-opacity":"","overlay-gradient":""},"tablet":{"background-color":"var(--ast-global-color-5)","background-image":"","background-repeat":"repeat","background-position":"center center","background-size":"auto","background-attachment":"scroll","background-type":"","background-media":"","overlay-type":"","overlay-color":"","overlay-opacity":"","overlay-gradient":""},"mobile":{"background-color":"var(--ast-global-color-5)","background-image":"","background-repeat":"repeat","background-position":"center center","background-size":"auto","background-attachment":"scroll","background-type":"","background-media":"","overlay-type":"","overlay-color":"","overlay-opacity":"","overlay-gradient":""}}},"product_brand":[],"product_cat":[58],"product_tag":[],"class_list":{"0":"post-859","1":"product","2":"type-product","3":"status-publish","4":"has-post-thumbnail","6":"product_cat-quemadores-de-proceso","7":"desktop-align-left","8":"tablet-align-left","9":"mobile-align-left","11":"first","12":"instock","13":"taxable","14":"shipping-taxable","15":"product-type-simple"},"acf":[],"yoast_head":"<!-- This site is optimized with the Yoast SEO Premium plugin v27.2 (Yoast SEO v27.2) - https:\/\/yoast.com\/product\/yoast-seo-premium-wordpress\/ -->\n<title>BDF320 - Flamtec<\/title>\n<meta name=\"robots\" content=\"index, follow, max-snippet:-1, max-image-preview:large, max-video-preview:-1\" \/>\n<link rel=\"canonical\" href=\"https:\/\/flamtec.es\/en\/product\/bdf320\/\" \/>\n<meta property=\"og:locale\" content=\"en_US\" \/>\n<meta property=\"og:type\" content=\"article\" \/>\n<meta property=\"og:title\" content=\"BDF320\" \/>\n<meta property=\"og:description\" content=\"Aplicaciones Siderurgia Hornos de fusi\u00f3n Hornos de calefacci\u00f3n Hornos de tratamiento t\u00e9rmico Metales \u00a0pesados no ferrosos y metales ligeros Hornos de fusi\u00f3n Hornos de calefacci\u00f3n Hornos de tratamiento t\u00e9rmico Fabrica de ladrillos y la industria cer\u00e1mica Hornos Hornos por lotes Hornos de t\u00fanel Otros procesos e instalaciones Instalaciones de post combusti\u00f3n Generadores de aire caliente [&hellip;]\" \/>\n<meta property=\"og:url\" content=\"https:\/\/flamtec.es\/en\/product\/bdf320\/\" \/>\n<meta property=\"og:site_name\" content=\"Flamtec\" \/>\n<meta property=\"article:modified_time\" content=\"2023-11-06T15:42:46+00:00\" \/>\n<meta property=\"og:image\" content=\"https:\/\/flamtec.es\/wp-content\/uploads\/2023\/10\/3-ft.jpg\" \/>\n\t<meta property=\"og:image:width\" content=\"1000\" \/>\n\t<meta property=\"og:image:height\" content=\"1000\" \/>\n\t<meta property=\"og:image:type\" content=\"image\/jpeg\" \/>\n<meta name=\"twitter:card\" content=\"summary_large_image\" \/>\n<meta name=\"twitter:label1\" content=\"Price\" \/>\n\t<meta name=\"twitter:data1\" content=\"\" \/>\n\t<meta name=\"twitter:label2\" content=\"Availability\" \/>\n\t<meta name=\"twitter:data2\" content=\"In stock\" \/>\n<script type=\"application\/ld+json\" class=\"yoast-schema-graph\">{\"@context\":\"https:\/\/schema.org\",\"@graph\":[{\"@type\":\"WebPage\",\"@id\":\"https:\/\/flamtec.es\/producto\/bdf320\/\",\"url\":\"https:\/\/flamtec.es\/producto\/bdf320\/\",\"name\":\"BDF320 - Flamtec\",\"isPartOf\":{\"@id\":\"https:\/\/flamtec.es\/en\/#website\"},\"primaryImageOfPage\":{\"@id\":\"https:\/\/flamtec.es\/producto\/bdf320\/#primaryimage\"},\"image\":{\"@id\":\"https:\/\/flamtec.es\/producto\/bdf320\/#primaryimage\"},\"thumbnailUrl\":\"https:\/\/flamtec.es\/wp-content\/uploads\/2023\/10\/3-ft.jpg\",\"datePublished\":\"2023-10-23T14:23:18+00:00\",\"dateModified\":\"2023-11-06T15:42:46+00:00\",\"breadcrumb\":{\"@id\":\"https:\/\/flamtec.es\/producto\/bdf320\/#breadcrumb\"},\"inLanguage\":\"en-US\",\"potentialAction\":[{\"@type\":\"ReadAction\",\"target\":[\"https:\/\/flamtec.es\/producto\/bdf320\/\"]}]},{\"@type\":\"ImageObject\",\"inLanguage\":\"en-US\",\"@id\":\"https:\/\/flamtec.es\/producto\/bdf320\/#primaryimage\",\"url\":\"https:\/\/flamtec.es\/wp-content\/uploads\/2023\/10\/3-ft.jpg\",\"contentUrl\":\"https:\/\/flamtec.es\/wp-content\/uploads\/2023\/10\/3-ft.jpg\",\"width\":1000,\"height\":1000},{\"@type\":\"BreadcrumbList\",\"@id\":\"https:\/\/flamtec.es\/producto\/bdf320\/#breadcrumb\",\"itemListElement\":[{\"@type\":\"ListItem\",\"position\":1,\"name\":\"Portada\",\"item\":\"https:\/\/flamtec.es\/\"},{\"@type\":\"ListItem\",\"position\":2,\"name\":\"Productos\",\"item\":\"https:\/\/flamtec.es\/en\/productos\/\"},{\"@type\":\"ListItem\",\"position\":3,\"name\":\"BDF320\"}]},{\"@type\":\"WebSite\",\"@id\":\"https:\/\/flamtec.es\/en\/#website\",\"url\":\"https:\/\/flamtec.es\/en\/\",\"name\":\"Flamtec Combusti\u00f3n Ib\u00e9rica\",\"description\":\"Tecnolog\u00eda de la Combusti\u00f3n\",\"publisher\":{\"@id\":\"https:\/\/flamtec.es\/en\/#organization\"},\"alternateName\":\"Flamtec\",\"potentialAction\":[{\"@type\":\"SearchAction\",\"target\":{\"@type\":\"EntryPoint\",\"urlTemplate\":\"https:\/\/flamtec.es\/en\/?s={search_term_string}\"},\"query-input\":{\"@type\":\"PropertyValueSpecification\",\"valueRequired\":true,\"valueName\":\"search_term_string\"}}],\"inLanguage\":\"en-US\"},{\"@type\":\"Organization\",\"@id\":\"https:\/\/flamtec.es\/en\/#organization\",\"name\":\"Flamtec Combusti\u00f3n Ib\u00e9rica\",\"alternateName\":\"Flamtec\",\"url\":\"https:\/\/flamtec.es\/en\/\",\"logo\":{\"@type\":\"ImageObject\",\"inLanguage\":\"en-US\",\"@id\":\"https:\/\/flamtec.es\/en\/#\/schema\/logo\/image\/\",\"url\":\"https:\/\/flamtec.es\/wp-content\/uploads\/2022\/12\/Logo-rgb.svg\",\"contentUrl\":\"https:\/\/flamtec.es\/wp-content\/uploads\/2022\/12\/Logo-rgb.svg\",\"width\":288,\"height\":202,\"caption\":\"Flamtec Combusti\u00f3n Ib\u00e9rica\"},\"image\":{\"@id\":\"https:\/\/flamtec.es\/en\/#\/schema\/logo\/image\/\"}}]}<\/script>\n<meta property=\"product:price:currency\" content=\"EUR\" \/>\n<meta property=\"og:availability\" content=\"instock\" \/>\n<meta property=\"product:availability\" content=\"instock\" \/>\n<meta property=\"product:condition\" content=\"new\" \/>\n<!-- \/ Yoast SEO Premium plugin. -->","yoast_head_json":{"title":"BDF320 - Flamtec","robots":{"index":"index","follow":"follow","max-snippet":"max-snippet:-1","max-image-preview":"max-image-preview:large","max-video-preview":"max-video-preview:-1"},"canonical":"https:\/\/flamtec.es\/en\/product\/bdf320\/","og_locale":"en_US","og_type":"article","og_title":"BDF320","og_description":"Aplicaciones Siderurgia Hornos de fusi\u00f3n Hornos de calefacci\u00f3n Hornos de tratamiento t\u00e9rmico Metales \u00a0pesados no ferrosos y metales ligeros Hornos de fusi\u00f3n Hornos de calefacci\u00f3n Hornos de tratamiento t\u00e9rmico Fabrica de ladrillos y la industria cer\u00e1mica Hornos Hornos por lotes Hornos de t\u00fanel Otros procesos e instalaciones Instalaciones de post combusti\u00f3n Generadores de aire caliente [&hellip;]","og_url":"https:\/\/flamtec.es\/en\/product\/bdf320\/","og_site_name":"Flamtec","article_modified_time":"2023-11-06T15:42:46+00:00","og_image":[{"width":1000,"height":1000,"url":"https:\/\/flamtec.es\/wp-content\/uploads\/2023\/10\/3-ft.jpg","type":"image\/jpeg"}],"twitter_card":"summary_large_image","twitter_misc":{"Price":"","Availability":"In stock"},"schema":{"@context":"https:\/\/schema.org","@graph":[{"@type":"WebPage","@id":"https:\/\/flamtec.es\/producto\/bdf320\/","url":"https:\/\/flamtec.es\/producto\/bdf320\/","name":"BDF320 - Flamtec","isPartOf":{"@id":"https:\/\/flamtec.es\/en\/#website"},"primaryImageOfPage":{"@id":"https:\/\/flamtec.es\/producto\/bdf320\/#primaryimage"},"image":{"@id":"https:\/\/flamtec.es\/producto\/bdf320\/#primaryimage"},"thumbnailUrl":"https:\/\/flamtec.es\/wp-content\/uploads\/2023\/10\/3-ft.jpg","datePublished":"2023-10-23T14:23:18+00:00","dateModified":"2023-11-06T15:42:46+00:00","breadcrumb":{"@id":"https:\/\/flamtec.es\/producto\/bdf320\/#breadcrumb"},"inLanguage":"en-US","potentialAction":[{"@type":"ReadAction","target":["https:\/\/flamtec.es\/producto\/bdf320\/"]}]},{"@type":"ImageObject","inLanguage":"en-US","@id":"https:\/\/flamtec.es\/producto\/bdf320\/#primaryimage","url":"https:\/\/flamtec.es\/wp-content\/uploads\/2023\/10\/3-ft.jpg","contentUrl":"https:\/\/flamtec.es\/wp-content\/uploads\/2023\/10\/3-ft.jpg","width":1000,"height":1000},{"@type":"BreadcrumbList","@id":"https:\/\/flamtec.es\/producto\/bdf320\/#breadcrumb","itemListElement":[{"@type":"ListItem","position":1,"name":"Portada","item":"https:\/\/flamtec.es\/"},{"@type":"ListItem","position":2,"name":"Productos","item":"https:\/\/flamtec.es\/en\/productos\/"},{"@type":"ListItem","position":3,"name":"BDF320"}]},{"@type":"WebSite","@id":"https:\/\/flamtec.es\/en\/#website","url":"https:\/\/flamtec.es\/en\/","name":"Flamtec Combusti\u00f3n Ib\u00e9rica","description":"Tecnolog\u00eda de la Combusti\u00f3n","publisher":{"@id":"https:\/\/flamtec.es\/en\/#organization"},"alternateName":"Flamtec","potentialAction":[{"@type":"SearchAction","target":{"@type":"EntryPoint","urlTemplate":"https:\/\/flamtec.es\/en\/?s={search_term_string}"},"query-input":{"@type":"PropertyValueSpecification","valueRequired":true,"valueName":"search_term_string"}}],"inLanguage":"en-US"},{"@type":"Organization","@id":"https:\/\/flamtec.es\/en\/#organization","name":"Flamtec Combusti\u00f3n Ib\u00e9rica","alternateName":"Flamtec","url":"https:\/\/flamtec.es\/en\/","logo":{"@type":"ImageObject","inLanguage":"en-US","@id":"https:\/\/flamtec.es\/en\/#\/schema\/logo\/image\/","url":"https:\/\/flamtec.es\/wp-content\/uploads\/2022\/12\/Logo-rgb.svg","contentUrl":"https:\/\/flamtec.es\/wp-content\/uploads\/2022\/12\/Logo-rgb.svg","width":288,"height":202,"caption":"Flamtec Combusti\u00f3n Ib\u00e9rica"},"image":{"@id":"https:\/\/flamtec.es\/en\/#\/schema\/logo\/image\/"}}]},"product_price_currency":"EUR","og_availability":"instock","product_availability":"instock","product_condition":"new"},"_links":{"self":[{"href":"https:\/\/flamtec.es\/en\/wp-json\/wp\/v2\/product\/859","targetHints":{"allow":["GET"]}}],"collection":[{"href":"https:\/\/flamtec.es\/en\/wp-json\/wp\/v2\/product"}],"about":[{"href":"https:\/\/flamtec.es\/en\/wp-json\/wp\/v2\/types\/product"}],"replies":[{"embeddable":true,"href":"https:\/\/flamtec.es\/en\/wp-json\/wp\/v2\/comments?post=859"}],"wp:featuredmedia":[{"embeddable":true,"href":"https:\/\/flamtec.es\/en\/wp-json\/wp\/v2\/media\/836"}],"wp:attachment":[{"href":"https:\/\/flamtec.es\/en\/wp-json\/wp\/v2\/media?parent=859"}],"wp:term":[{"taxonomy":"product_brand","embeddable":true,"href":"https:\/\/flamtec.es\/en\/wp-json\/wp\/v2\/product_brand?post=859"},{"taxonomy":"product_cat","embeddable":true,"href":"https:\/\/flamtec.es\/en\/wp-json\/wp\/v2\/product_cat?post=859"},{"taxonomy":"product_tag","embeddable":true,"href":"https:\/\/flamtec.es\/en\/wp-json\/wp\/v2\/product_tag?post=859"}],"curies":[{"name":"wp","href":"https:\/\/api.w.org\/{rel}","templated":true}]}}