{"id":513,"date":"2022-08-12T13:34:57","date_gmt":"2022-08-12T13:34:57","guid":{"rendered":"https:\/\/flamtec.es\/?post_type=product&#038;p=513"},"modified":"2023-11-09T01:27:04","modified_gmt":"2023-11-09T01:27:04","slug":"sc-8-3-hme-quemador-monobloc-de-fuel-pesado-regulacion-modulante-electronica-serie-beta","status":"publish","type":"product","link":"https:\/\/flamtec.es\/en\/product\/sc-8-3-hme-quemador-monobloc-de-fuel-pesado-regulacion-modulante-electronica-serie-beta\/","title":{"rendered":"SC 8.3 HME MONOBLOC heavy fuel oil burner with electronic modulating control BETA series"},"content":{"rendered":"<p><strong>Monobloc burners with modulating power regulation <\/strong><\/p>\n<ol>\n<li>Duoblock burners with high temperature steel housing and combustion head.<\/li>\n<li>The following fuels may be used: <strong style=\"font-size: 16px;\">heavy oil, viscosity 50\u00b0E at 50\u00b0C, <\/strong><strong style=\"font-size: 16px;\">PCI 10.97 kWh\/kg<\/strong><\/li>\n<li>It is suitable for steam, hot water boiler, furnaces, dryers, thermal oil generators, etc.<\/li>\n<li>Each burner can be customized to the needs of the installation.<\/li>\n<li>Digital programming is done on the screen or using a computer, and following the simple instructions.<\/li>\n<li>The additional advantage offered by the system lies in the precise knowledge of all the commands and all the states of the system as a whole.<\/li>\n<li><strong>In addition, the microprocessor system also performs the following functions:<\/strong><\/li>\n<li>Control and monitoring of the burner start-up and operation phases, with the possibility of configuring the set modes and times;<\/li>\n<li>The ease of design and the use of preheated combustion air while allowing energy savings by increasing the efficiency of the combustion economizer used by the system.<\/li>\n<li>Flame control, with different monitoring devices, for intermittent or continuous operation (more than 24 hours);<\/li>\n<li>Integrated gas valve check system checks for leaks at each burner cycle for added safety<\/li>\n<li>Up to 15 programmable points for each air-fuel ratio curve<\/li>\n<li>Access levels are protected by specific passwords corresponding to the different types of users (viewing by customer, programming by technician, etc.).<\/li>\n<li>The system can be completed by integrating it with an automatic excess air adjustment system by oxygen sensor with action on the position of the air damper.<\/li>\n<li>Finally, the fan speed adjustment system with variable speed drive to ensure maximum energy savings, both fuel and electrical energy.<\/li>\n<li>Standard protection of mechanical parts IP 54.<\/li>\n<li>IP 65 protection on request.<\/li>\n<li>The flame geometry can be adjusted according to the combustion chamber.<\/li>\n<li>The modulation ratio is 1\/4 and is really advantageous according to our competitors.<\/li>\n<li><strong>Compliance with the following directives:<\/strong><\/li>\n<\/ol>\n<ul>\n<li style=\"list-style-type: none;\">\n<ul>\n<li>89\/336 (2004\/108) EEC<\/li>\n<li>73\/23\/EEC<\/li>\n<li>98\/37\/EEC<\/li>\n<li>90\/396\/EEC<\/li>\n<li>EN 676<\/li>\n<\/ul>\n<\/li>\n<\/ul>\n<p><strong>OPTIONS<\/strong><\/p>\n<ul>\n<li>Continuous O2 analyzer to provide extra efficiency.<\/li>\n<li>Continuous CO analyzer for a sensitive control system.<\/li>\n<li>Variable speed drive (inverter) to extend product life.<\/li>\n<li>IP 65 protection on request.<\/li>\n<li>Possibility to select the premixing head for low NOx.<\/li>\n<li>Internal or external recirculation of combustion gases for low emissions.<\/li>\n<li>Simultaneous combustion.<\/li>\n<li>Soundproof fan.<\/li>\n<\/ul>","protected":false},"excerpt":{"rendered":"<p>Monobloc burners with modulating power regulation Monobloc burners with casing and combustion head made of high temperature steel. The following fuels can be used: heavy oil, viscosity 50\u00b0E at 50\u00b0C, PCI 10.97 kWh\/kg Suitable for steam, hot water boiler, furnaces, dryers, thermal oil generators, etc. Integrated electrical panel is [...]<\/p>","protected":false},"featured_media":822,"comment_status":"open","ping_status":"closed","template":"","meta":{"_acf_changed":false,"site-sidebar-layout":"default","site-content-layout":"default","ast-site-content-layout":"default","site-content-style":"default","site-sidebar-style":"default","ast-global-header-display":"","ast-banner-title-visibility":"","ast-main-header-display":"","ast-hfb-above-header-display":"","ast-hfb-below-header-display":"","ast-hfb-mobile-header-display":"","site-post-title":"","ast-breadcrumbs-content":"","ast-featured-img":"","footer-sml-layout":"","ast-disable-related-posts":"","theme-transparent-header-meta":"default","adv-header-id-meta":"","stick-header-meta":"","header-above-stick-meta":"","header-main-stick-meta":"","header-below-stick-meta":"","astra-migrate-meta-layouts":"default","ast-page-background-enabled":"default","ast-page-background-meta":{"desktop":{"background-color":"var(--ast-global-color-4)","background-image":"","background-repeat":"repeat","background-position":"center center","background-size":"auto","background-attachment":"scroll","background-type":"","background-media":"","overlay-type":"","overlay-color":"","overlay-opacity":"","overlay-gradient":""},"tablet":{"background-color":"","background-image":"","background-repeat":"repeat","background-position":"center center","background-size":"auto","background-attachment":"scroll","background-type":"","background-media":"","overlay-type":"","overlay-color":"","overlay-opacity":"","overlay-gradient":""},"mobile":{"background-color":"","background-image":"","background-repeat":"repeat","background-position":"center center","background-size":"auto","background-attachment":"scroll","background-type":"","background-media":"","overlay-type":"","overlay-color":"","overlay-opacity":"","overlay-gradient":""}},"ast-content-background-meta":{"desktop":{"background-color":"var(--ast-global-color-5)","background-image":"","background-repeat":"repeat","background-position":"center center","background-size":"auto","background-attachment":"scroll","background-type":"","background-media":"","overlay-type":"","overlay-color":"","overlay-opacity":"","overlay-gradient":""},"tablet":{"background-color":"var(--ast-global-color-5)","background-image":"","background-repeat":"repeat","background-position":"center center","background-size":"auto","background-attachment":"scroll","background-type":"","background-media":"","overlay-type":"","overlay-color":"","overlay-opacity":"","overlay-gradient":""},"mobile":{"background-color":"var(--ast-global-color-5)","background-image":"","background-repeat":"repeat","background-position":"center center","background-size":"auto","background-attachment":"scroll","background-type":"","background-media":"","overlay-type":"","overlay-color":"","overlay-opacity":"","overlay-gradient":""}}},"product_brand":[],"product_cat":[24],"product_tag":[],"class_list":{"0":"post-513","1":"product","2":"type-product","3":"status-publish","4":"has-post-thumbnail","6":"product_cat-quemadores-de-fuel-pesado","7":"desktop-align-left","8":"tablet-align-left","9":"mobile-align-left","11":"first","12":"instock","13":"taxable","14":"shipping-taxable","15":"product-type-simple"},"acf":[],"yoast_head":"<!-- This site is optimized with the Yoast SEO Premium plugin v27.2 (Yoast SEO v27.2) - https:\/\/yoast.com\/product\/yoast-seo-premium-wordpress\/ -->\n<title>SC 8.3 HME Quemador MONOBLOC de fuel pesado regulaci\u00f3n modulante electr\u00f3nica serie BETA - Flamtec<\/title>\n<meta name=\"robots\" content=\"index, follow, max-snippet:-1, max-image-preview:large, max-video-preview:-1\" \/>\n<link rel=\"canonical\" href=\"https:\/\/flamtec.es\/en\/produit\/sc-8-3-hme-quemador-monobloc-de-fuel-pesado-regulacion-modulante-electronica-serie-beta\/\" \/>\n<meta property=\"og:locale\" content=\"en_US\" \/>\n<meta property=\"og:type\" content=\"article\" \/>\n<meta property=\"og:title\" content=\"SC 8.3 HME Quemador MONOBLOC de fuel pesado regulaci\u00f3n modulante electr\u00f3nica serie BETA\" \/>\n<meta property=\"og:description\" content=\"Quemadores monobloc con regulaci\u00f3n de la potencia modulante Quemadores monobloc con envolvente y cabezal de combusti\u00f3n de acero de alta temperatura. Se pueden utilizar los siguientes combustibles: aceite pesado, viscosidad 50\u00b0E a 50\u00b0C, PCI 10,97 kWh\/kg Es adecuado para vapor, caldera de agua caliente, hornos, secadores, generadores de aceite t\u00e9rmico, etc. Cuadro el\u00e9ctrico integrado se [&hellip;]\" \/>\n<meta property=\"og:url\" content=\"https:\/\/flamtec.es\/en\/produit\/sc-8-3-hme-quemador-monobloc-de-fuel-pesado-regulacion-modulante-electronica-serie-beta\/\" \/>\n<meta property=\"og:site_name\" content=\"Flamtec\" \/>\n<meta property=\"article:modified_time\" content=\"2023-11-09T01:27:04+00:00\" \/>\n<meta property=\"og:image\" content=\"https:\/\/flamtec.es\/wp-content\/uploads\/2022\/08\/66-g.jpg\" \/>\n\t<meta property=\"og:image:width\" content=\"1000\" \/>\n\t<meta property=\"og:image:height\" content=\"1000\" \/>\n\t<meta property=\"og:image:type\" content=\"image\/jpeg\" \/>\n<meta name=\"twitter:card\" content=\"summary_large_image\" \/>\n<meta name=\"twitter:label1\" content=\"Price\" \/>\n\t<meta name=\"twitter:data1\" content=\"\" \/>\n\t<meta name=\"twitter:label2\" content=\"Availability\" \/>\n\t<meta name=\"twitter:data2\" content=\"In stock\" \/>\n<script type=\"application\/ld+json\" class=\"yoast-schema-graph\">{\"@context\":\"https:\/\/schema.org\",\"@graph\":[{\"@type\":\"WebPage\",\"@id\":\"https:\/\/flamtec.es\/fr\/produit\/sc-8-3-hme-quemador-monobloc-de-fuel-pesado-regulacion-modulante-electronica-serie-beta\/\",\"url\":\"https:\/\/flamtec.es\/fr\/produit\/sc-8-3-hme-quemador-monobloc-de-fuel-pesado-regulacion-modulante-electronica-serie-beta\/\",\"name\":\"SC 8.3 HME Quemador MONOBLOC de fuel pesado regulaci\u00f3n modulante electr\u00f3nica serie BETA - Flamtec\",\"isPartOf\":{\"@id\":\"https:\/\/flamtec.es\/en\/#website\"},\"primaryImageOfPage\":{\"@id\":\"https:\/\/flamtec.es\/fr\/produit\/sc-8-3-hme-quemador-monobloc-de-fuel-pesado-regulacion-modulante-electronica-serie-beta\/#primaryimage\"},\"image\":{\"@id\":\"https:\/\/flamtec.es\/fr\/produit\/sc-8-3-hme-quemador-monobloc-de-fuel-pesado-regulacion-modulante-electronica-serie-beta\/#primaryimage\"},\"thumbnailUrl\":\"https:\/\/flamtec.es\/wp-content\/uploads\/2022\/08\/66-g.jpg\",\"datePublished\":\"2022-08-12T13:34:57+00:00\",\"dateModified\":\"2023-11-09T01:27:04+00:00\",\"breadcrumb\":{\"@id\":\"https:\/\/flamtec.es\/fr\/produit\/sc-8-3-hme-quemador-monobloc-de-fuel-pesado-regulacion-modulante-electronica-serie-beta\/#breadcrumb\"},\"inLanguage\":\"en-US\",\"potentialAction\":[{\"@type\":\"ReadAction\",\"target\":[\"https:\/\/flamtec.es\/fr\/produit\/sc-8-3-hme-quemador-monobloc-de-fuel-pesado-regulacion-modulante-electronica-serie-beta\/\"]}]},{\"@type\":\"ImageObject\",\"inLanguage\":\"en-US\",\"@id\":\"https:\/\/flamtec.es\/fr\/produit\/sc-8-3-hme-quemador-monobloc-de-fuel-pesado-regulacion-modulante-electronica-serie-beta\/#primaryimage\",\"url\":\"https:\/\/flamtec.es\/wp-content\/uploads\/2022\/08\/66-g.jpg\",\"contentUrl\":\"https:\/\/flamtec.es\/wp-content\/uploads\/2022\/08\/66-g.jpg\",\"width\":1000,\"height\":1000},{\"@type\":\"BreadcrumbList\",\"@id\":\"https:\/\/flamtec.es\/fr\/produit\/sc-8-3-hme-quemador-monobloc-de-fuel-pesado-regulacion-modulante-electronica-serie-beta\/#breadcrumb\",\"itemListElement\":[{\"@type\":\"ListItem\",\"position\":1,\"name\":\"Portada\",\"item\":\"https:\/\/flamtec.es\/\"},{\"@type\":\"ListItem\",\"position\":2,\"name\":\"Productos\",\"item\":\"https:\/\/flamtec.es\/en\/productos\/\"},{\"@type\":\"ListItem\",\"position\":3,\"name\":\"SC 8.3 HME Quemador MONOBLOC de fuel pesado regulaci\u00f3n modulante electr\u00f3nica serie BETA\"}]},{\"@type\":\"WebSite\",\"@id\":\"https:\/\/flamtec.es\/en\/#website\",\"url\":\"https:\/\/flamtec.es\/en\/\",\"name\":\"Flamtec Combusti\u00f3n Ib\u00e9rica\",\"description\":\"Tecnolog\u00eda de la Combusti\u00f3n\",\"publisher\":{\"@id\":\"https:\/\/flamtec.es\/en\/#organization\"},\"alternateName\":\"Flamtec\",\"potentialAction\":[{\"@type\":\"SearchAction\",\"target\":{\"@type\":\"EntryPoint\",\"urlTemplate\":\"https:\/\/flamtec.es\/en\/?s={search_term_string}\"},\"query-input\":{\"@type\":\"PropertyValueSpecification\",\"valueRequired\":true,\"valueName\":\"search_term_string\"}}],\"inLanguage\":\"en-US\"},{\"@type\":\"Organization\",\"@id\":\"https:\/\/flamtec.es\/en\/#organization\",\"name\":\"Flamtec Combusti\u00f3n Ib\u00e9rica\",\"alternateName\":\"Flamtec\",\"url\":\"https:\/\/flamtec.es\/en\/\",\"logo\":{\"@type\":\"ImageObject\",\"inLanguage\":\"en-US\",\"@id\":\"https:\/\/flamtec.es\/en\/#\/schema\/logo\/image\/\",\"url\":\"https:\/\/flamtec.es\/wp-content\/uploads\/2022\/12\/Logo-rgb.svg\",\"contentUrl\":\"https:\/\/flamtec.es\/wp-content\/uploads\/2022\/12\/Logo-rgb.svg\",\"width\":288,\"height\":202,\"caption\":\"Flamtec Combusti\u00f3n Ib\u00e9rica\"},\"image\":{\"@id\":\"https:\/\/flamtec.es\/en\/#\/schema\/logo\/image\/\"}}]}<\/script>\n<meta property=\"product:price:currency\" content=\"EUR\" \/>\n<meta property=\"og:availability\" content=\"instock\" \/>\n<meta property=\"product:availability\" content=\"instock\" \/>\n<meta property=\"product:condition\" content=\"new\" \/>\n<!-- \/ Yoast SEO Premium plugin. -->","yoast_head_json":{"title":"SC 8.3 HME Quemador MONOBLOC de fuel pesado regulaci\u00f3n modulante electr\u00f3nica serie BETA - Flamtec","robots":{"index":"index","follow":"follow","max-snippet":"max-snippet:-1","max-image-preview":"max-image-preview:large","max-video-preview":"max-video-preview:-1"},"canonical":"https:\/\/flamtec.es\/en\/produit\/sc-8-3-hme-quemador-monobloc-de-fuel-pesado-regulacion-modulante-electronica-serie-beta\/","og_locale":"en_US","og_type":"article","og_title":"SC 8.3 HME Quemador MONOBLOC de fuel pesado regulaci\u00f3n modulante electr\u00f3nica serie BETA","og_description":"Quemadores monobloc con regulaci\u00f3n de la potencia modulante Quemadores monobloc con envolvente y cabezal de combusti\u00f3n de acero de alta temperatura. Se pueden utilizar los siguientes combustibles: aceite pesado, viscosidad 50\u00b0E a 50\u00b0C, PCI 10,97 kWh\/kg Es adecuado para vapor, caldera de agua caliente, hornos, secadores, generadores de aceite t\u00e9rmico, etc. Cuadro el\u00e9ctrico integrado se [&hellip;]","og_url":"https:\/\/flamtec.es\/en\/produit\/sc-8-3-hme-quemador-monobloc-de-fuel-pesado-regulacion-modulante-electronica-serie-beta\/","og_site_name":"Flamtec","article_modified_time":"2023-11-09T01:27:04+00:00","og_image":[{"width":1000,"height":1000,"url":"https:\/\/flamtec.es\/wp-content\/uploads\/2022\/08\/66-g.jpg","type":"image\/jpeg"}],"twitter_card":"summary_large_image","twitter_misc":{"Price":"","Availability":"In stock"},"schema":{"@context":"https:\/\/schema.org","@graph":[{"@type":"WebPage","@id":"https:\/\/flamtec.es\/fr\/produit\/sc-8-3-hme-quemador-monobloc-de-fuel-pesado-regulacion-modulante-electronica-serie-beta\/","url":"https:\/\/flamtec.es\/fr\/produit\/sc-8-3-hme-quemador-monobloc-de-fuel-pesado-regulacion-modulante-electronica-serie-beta\/","name":"SC 8.3 HME Quemador MONOBLOC de fuel pesado regulaci\u00f3n modulante electr\u00f3nica serie BETA - Flamtec","isPartOf":{"@id":"https:\/\/flamtec.es\/en\/#website"},"primaryImageOfPage":{"@id":"https:\/\/flamtec.es\/fr\/produit\/sc-8-3-hme-quemador-monobloc-de-fuel-pesado-regulacion-modulante-electronica-serie-beta\/#primaryimage"},"image":{"@id":"https:\/\/flamtec.es\/fr\/produit\/sc-8-3-hme-quemador-monobloc-de-fuel-pesado-regulacion-modulante-electronica-serie-beta\/#primaryimage"},"thumbnailUrl":"https:\/\/flamtec.es\/wp-content\/uploads\/2022\/08\/66-g.jpg","datePublished":"2022-08-12T13:34:57+00:00","dateModified":"2023-11-09T01:27:04+00:00","breadcrumb":{"@id":"https:\/\/flamtec.es\/fr\/produit\/sc-8-3-hme-quemador-monobloc-de-fuel-pesado-regulacion-modulante-electronica-serie-beta\/#breadcrumb"},"inLanguage":"en-US","potentialAction":[{"@type":"ReadAction","target":["https:\/\/flamtec.es\/fr\/produit\/sc-8-3-hme-quemador-monobloc-de-fuel-pesado-regulacion-modulante-electronica-serie-beta\/"]}]},{"@type":"ImageObject","inLanguage":"en-US","@id":"https:\/\/flamtec.es\/fr\/produit\/sc-8-3-hme-quemador-monobloc-de-fuel-pesado-regulacion-modulante-electronica-serie-beta\/#primaryimage","url":"https:\/\/flamtec.es\/wp-content\/uploads\/2022\/08\/66-g.jpg","contentUrl":"https:\/\/flamtec.es\/wp-content\/uploads\/2022\/08\/66-g.jpg","width":1000,"height":1000},{"@type":"BreadcrumbList","@id":"https:\/\/flamtec.es\/fr\/produit\/sc-8-3-hme-quemador-monobloc-de-fuel-pesado-regulacion-modulante-electronica-serie-beta\/#breadcrumb","itemListElement":[{"@type":"ListItem","position":1,"name":"Portada","item":"https:\/\/flamtec.es\/"},{"@type":"ListItem","position":2,"name":"Productos","item":"https:\/\/flamtec.es\/en\/productos\/"},{"@type":"ListItem","position":3,"name":"SC 8.3 HME Quemador MONOBLOC de fuel pesado regulaci\u00f3n modulante electr\u00f3nica serie BETA"}]},{"@type":"WebSite","@id":"https:\/\/flamtec.es\/en\/#website","url":"https:\/\/flamtec.es\/en\/","name":"Flamtec Combusti\u00f3n Ib\u00e9rica","description":"Tecnolog\u00eda de la Combusti\u00f3n","publisher":{"@id":"https:\/\/flamtec.es\/en\/#organization"},"alternateName":"Flamtec","potentialAction":[{"@type":"SearchAction","target":{"@type":"EntryPoint","urlTemplate":"https:\/\/flamtec.es\/en\/?s={search_term_string}"},"query-input":{"@type":"PropertyValueSpecification","valueRequired":true,"valueName":"search_term_string"}}],"inLanguage":"en-US"},{"@type":"Organization","@id":"https:\/\/flamtec.es\/en\/#organization","name":"Flamtec Combusti\u00f3n Ib\u00e9rica","alternateName":"Flamtec","url":"https:\/\/flamtec.es\/en\/","logo":{"@type":"ImageObject","inLanguage":"en-US","@id":"https:\/\/flamtec.es\/en\/#\/schema\/logo\/image\/","url":"https:\/\/flamtec.es\/wp-content\/uploads\/2022\/12\/Logo-rgb.svg","contentUrl":"https:\/\/flamtec.es\/wp-content\/uploads\/2022\/12\/Logo-rgb.svg","width":288,"height":202,"caption":"Flamtec Combusti\u00f3n Ib\u00e9rica"},"image":{"@id":"https:\/\/flamtec.es\/en\/#\/schema\/logo\/image\/"}}]},"product_price_currency":"EUR","og_availability":"instock","product_availability":"instock","product_condition":"new"},"_links":{"self":[{"href":"https:\/\/flamtec.es\/en\/wp-json\/wp\/v2\/product\/513","targetHints":{"allow":["GET"]}}],"collection":[{"href":"https:\/\/flamtec.es\/en\/wp-json\/wp\/v2\/product"}],"about":[{"href":"https:\/\/flamtec.es\/en\/wp-json\/wp\/v2\/types\/product"}],"replies":[{"embeddable":true,"href":"https:\/\/flamtec.es\/en\/wp-json\/wp\/v2\/comments?post=513"}],"wp:featuredmedia":[{"embeddable":true,"href":"https:\/\/flamtec.es\/en\/wp-json\/wp\/v2\/media\/822"}],"wp:attachment":[{"href":"https:\/\/flamtec.es\/en\/wp-json\/wp\/v2\/media?parent=513"}],"wp:term":[{"taxonomy":"product_brand","embeddable":true,"href":"https:\/\/flamtec.es\/en\/wp-json\/wp\/v2\/product_brand?post=513"},{"taxonomy":"product_cat","embeddable":true,"href":"https:\/\/flamtec.es\/en\/wp-json\/wp\/v2\/product_cat?post=513"},{"taxonomy":"product_tag","embeddable":true,"href":"https:\/\/flamtec.es\/en\/wp-json\/wp\/v2\/product_tag?post=513"}],"curies":[{"name":"wp","href":"https:\/\/api.w.org\/{rel}","templated":true}]}}