{"id":453,"date":"2022-08-12T00:16:10","date_gmt":"2022-08-12T00:16:10","guid":{"rendered":"https:\/\/flamtec.es\/?post_type=product&#038;p=453"},"modified":"2023-10-28T16:40:00","modified_gmt":"2023-10-28T16:40:00","slug":"sc-10-3-lm-quemador-monobloc-modulante-de-gasoleo-gama","status":"publish","type":"product","link":"https:\/\/flamtec.es\/en\/product\/sc-10-3-lm-quemador-monobloc-modulante-de-gasoleo-gama\/","title":{"rendered":"SC 10.3 LM MONOBLOC modulating oil burner RANGE"},"content":{"rendered":"<ol>\n<li>Duoblock burners with high temperature steel housing and combustion head.<\/li>\n<li>The following fuels can be used: Light oil, viscosity 6 mm2\/s at 20\u00b0C, PCI11.86 kWh\/kg<\/li>\n<li>It is suitable for steam, hot water boiler, furnaces, dryers, thermal oil generators, etc.<\/li>\n<li>Each burner can be customized to the needs of the installation.<\/li>\n<li><strong>Reduction of intervention time during maintenance operations:<br \/>\n<\/strong>Electrical components with plug-in connectors<br \/>\nFull accessibility to the aeraulic circuit and combustion head<strong><br \/>\n<\/strong><\/li>\n<li>Flame control is simple and reliable thanks to the photocell.<\/li>\n<li>A customized type of sensor is used for sequential installation of multiple generators.<\/li>\n<li>The ease of design and the use of preheated combustion air while allowing energy savings by increasing the efficiency of the combustion economizer used by the system.<\/li>\n<li>It has the characteristics of good performance in different combustion chambers.<\/li>\n<li>It minimizes the specific amount of nitric oxide (NOx) gas emission by obtaining an optimal fuel air mixture thanks to the customized design of its combustion head.<\/li>\n<li>It provides easy installation and operating conditions in confined spaces thanks to its compact dimensions.<\/li>\n<li>Allows operation in high back pressure combustion chambers by placing a high pressure venting system.<\/li>\n<li>Standard protection of mechanical parts IP 54.<\/li>\n<li>IP 65 protection on request.<\/li>\n<li>Optional internal or external flue gas circulation to reduce NOx emissions.<\/li>\n<li>Includes all cables and power supply for the burner management system.<\/li>\n<li>The flame can be adjusted according to the combustion chamber.<\/li>\n<li>The incorporation of a high pressure fan allows working in combustion chambers with high back pressures.<\/li>\n<\/ol>\n<p class=\"p1\"><span class=\"s1\"><strong>Compliance with the following directives:<\/strong><\/span><\/p>\n<p><span class=\"s1\"><strong><span style=\"color: #f18519;\">-<\/span><\/strong> 73\/23\/EEC<\/span><span class=\"s1\"><br \/>\n<\/span><span class=\"s1\"><strong><span style=\"color: #f18519;\">- <\/span><\/strong>98\/37\/EEC<br \/>\n<\/span><span class=\"s1\"><strong><span style=\"color: #f18519;\">- <\/span><\/strong>90\/396\/EEC<br \/>\n<\/span><span class=\"s1\"><strong><span style=\"color: #f18519;\">- <\/span><\/strong>EN 676<\/span><span class=\"s1\">\u00a0<\/span><\/p>\n<p class=\"p1\"><strong><span class=\"s1\">OPTIONS<\/span><\/strong><\/p>\n<ul>\n<li class=\"p1\">Continuous O2 analyzer to provide extra efficiency.<\/li>\n<li class=\"p1\">Continuous CO analyzer for a sensitive control system.<\/li>\n<li class=\"p1\">Variable speed drive<\/li>\n<li class=\"p1\">IP 65 protection on request.<\/li>\n<li class=\"p1\">Possibility to select the premixing head for low NOx.<\/li>\n<li class=\"p1\">Internal or external recirculation of combustion gases for low emissions.<\/li>\n<li class=\"p1\">Simultaneous combustion.<\/li>\n<li class=\"p1\">Soundproof fan.<\/li>\n<\/ul>","protected":false},"excerpt":{"rendered":"<p>Monobloc burners with casing and combustion head made of high temperature steel. The following fuels can be used: Light oil, viscosity 6 mm2\/s at 20\u00b0C, PCI11.86 kWh\/kg Suitable for steam, hot water boilers, furnaces, dryers, thermal oil generators, etc. Integrated electrical panel allows to customize each burner to the needs of [...]<\/p>","protected":false},"featured_media":813,"comment_status":"open","ping_status":"closed","template":"","meta":{"_acf_changed":false,"site-sidebar-layout":"default","site-content-layout":"default","ast-site-content-layout":"default","site-content-style":"default","site-sidebar-style":"default","ast-global-header-display":"","ast-banner-title-visibility":"","ast-main-header-display":"","ast-hfb-above-header-display":"","ast-hfb-below-header-display":"","ast-hfb-mobile-header-display":"","site-post-title":"","ast-breadcrumbs-content":"","ast-featured-img":"","footer-sml-layout":"","ast-disable-related-posts":"","theme-transparent-header-meta":"default","adv-header-id-meta":"","stick-header-meta":"","header-above-stick-meta":"","header-main-stick-meta":"","header-below-stick-meta":"","astra-migrate-meta-layouts":"default","ast-page-background-enabled":"default","ast-page-background-meta":{"desktop":{"background-color":"var(--ast-global-color-4)","background-image":"","background-repeat":"repeat","background-position":"center center","background-size":"auto","background-attachment":"scroll","background-type":"","background-media":"","overlay-type":"","overlay-color":"","overlay-opacity":"","overlay-gradient":""},"tablet":{"background-color":"","background-image":"","background-repeat":"repeat","background-position":"center center","background-size":"auto","background-attachment":"scroll","background-type":"","background-media":"","overlay-type":"","overlay-color":"","overlay-opacity":"","overlay-gradient":""},"mobile":{"background-color":"","background-image":"","background-repeat":"repeat","background-position":"center center","background-size":"auto","background-attachment":"scroll","background-type":"","background-media":"","overlay-type":"","overlay-color":"","overlay-opacity":"","overlay-gradient":""}},"ast-content-background-meta":{"desktop":{"background-color":"var(--ast-global-color-5)","background-image":"","background-repeat":"repeat","background-position":"center center","background-size":"auto","background-attachment":"scroll","background-type":"","background-media":"","overlay-type":"","overlay-color":"","overlay-opacity":"","overlay-gradient":""},"tablet":{"background-color":"var(--ast-global-color-5)","background-image":"","background-repeat":"repeat","background-position":"center center","background-size":"auto","background-attachment":"scroll","background-type":"","background-media":"","overlay-type":"","overlay-color":"","overlay-opacity":"","overlay-gradient":""},"mobile":{"background-color":"var(--ast-global-color-5)","background-image":"","background-repeat":"repeat","background-position":"center center","background-size":"auto","background-attachment":"scroll","background-type":"","background-media":"","overlay-type":"","overlay-color":"","overlay-opacity":"","overlay-gradient":""}}},"product_brand":[],"product_cat":[23],"product_tag":[],"class_list":{"0":"post-453","1":"product","2":"type-product","3":"status-publish","4":"has-post-thumbnail","6":"product_cat-quemadores-de-gasoleo","7":"desktop-align-left","8":"tablet-align-left","9":"mobile-align-left","11":"first","12":"instock","13":"taxable","14":"shipping-taxable","15":"product-type-simple"},"acf":[],"yoast_head":"<!-- This site is optimized with the Yoast SEO Premium plugin v27.2 (Yoast SEO v27.2) - https:\/\/yoast.com\/product\/yoast-seo-premium-wordpress\/ -->\n<title>SC 10.3 LM Quemador MONOBLOC modulante de gas\u00f3leo GAMA - Flamtec<\/title>\n<meta name=\"robots\" content=\"index, follow, max-snippet:-1, max-image-preview:large, max-video-preview:-1\" \/>\n<link rel=\"canonical\" href=\"https:\/\/flamtec.es\/en\/produit\/sc-10-3-lm-quemador-monobloc-modulante-de-gasoleo-gama\/\" \/>\n<meta property=\"og:locale\" content=\"en_US\" \/>\n<meta property=\"og:type\" content=\"article\" \/>\n<meta property=\"og:title\" content=\"SC 10.3 LM Quemador MONOBLOC modulante de gas\u00f3leo GAMA\" \/>\n<meta property=\"og:description\" content=\"Quemadores monobloc con envolvente y cabezal de combusti\u00f3n de acero de alta temperatura. Se pueden utilizar los siguientes combustibles: Aceite ligero, viscosidad 6 mm2\/s a 20\u00b0C, PCI11,86 kWh\/kg Es adecuado para vapor, caldera de agua caliente, hornos, secadores, generadores de aceite t\u00e9rmico, etc. Cuadro el\u00e9ctrico integrado se puede personalizar cada quemador a las necesidades de [&hellip;]\" \/>\n<meta property=\"og:url\" content=\"https:\/\/flamtec.es\/en\/produit\/sc-10-3-lm-quemador-monobloc-modulante-de-gasoleo-gama\/\" \/>\n<meta property=\"og:site_name\" content=\"Flamtec\" \/>\n<meta property=\"article:modified_time\" content=\"2023-10-28T16:40:00+00:00\" \/>\n<meta property=\"og:image\" content=\"https:\/\/flamtec.es\/wp-content\/uploads\/2022\/08\/quemadores-SC.-8.-LM-sc16-LM.jpg\" \/>\n\t<meta property=\"og:image:width\" content=\"1000\" \/>\n\t<meta property=\"og:image:height\" content=\"1000\" \/>\n\t<meta property=\"og:image:type\" content=\"image\/jpeg\" \/>\n<meta name=\"twitter:card\" content=\"summary_large_image\" \/>\n<meta name=\"twitter:label1\" content=\"Price\" \/>\n\t<meta name=\"twitter:data1\" content=\"\" \/>\n\t<meta name=\"twitter:label2\" content=\"Availability\" \/>\n\t<meta name=\"twitter:data2\" content=\"In stock\" \/>\n<script type=\"application\/ld+json\" class=\"yoast-schema-graph\">{\"@context\":\"https:\/\/schema.org\",\"@graph\":[{\"@type\":\"WebPage\",\"@id\":\"https:\/\/flamtec.es\/fr\/produit\/sc-10-3-lm-quemador-monobloc-modulante-de-gasoleo-gama\/\",\"url\":\"https:\/\/flamtec.es\/fr\/produit\/sc-10-3-lm-quemador-monobloc-modulante-de-gasoleo-gama\/\",\"name\":\"SC 10.3 LM Quemador MONOBLOC modulante de gas\u00f3leo GAMA - Flamtec\",\"isPartOf\":{\"@id\":\"https:\/\/flamtec.es\/en\/#website\"},\"primaryImageOfPage\":{\"@id\":\"https:\/\/flamtec.es\/fr\/produit\/sc-10-3-lm-quemador-monobloc-modulante-de-gasoleo-gama\/#primaryimage\"},\"image\":{\"@id\":\"https:\/\/flamtec.es\/fr\/produit\/sc-10-3-lm-quemador-monobloc-modulante-de-gasoleo-gama\/#primaryimage\"},\"thumbnailUrl\":\"https:\/\/flamtec.es\/wp-content\/uploads\/2022\/08\/quemadores-SC.-8.-LM-sc16-LM.jpg\",\"datePublished\":\"2022-08-12T00:16:10+00:00\",\"dateModified\":\"2023-10-28T16:40:00+00:00\",\"breadcrumb\":{\"@id\":\"https:\/\/flamtec.es\/fr\/produit\/sc-10-3-lm-quemador-monobloc-modulante-de-gasoleo-gama\/#breadcrumb\"},\"inLanguage\":\"en-US\",\"potentialAction\":[{\"@type\":\"ReadAction\",\"target\":[\"https:\/\/flamtec.es\/fr\/produit\/sc-10-3-lm-quemador-monobloc-modulante-de-gasoleo-gama\/\"]}]},{\"@type\":\"ImageObject\",\"inLanguage\":\"en-US\",\"@id\":\"https:\/\/flamtec.es\/fr\/produit\/sc-10-3-lm-quemador-monobloc-modulante-de-gasoleo-gama\/#primaryimage\",\"url\":\"https:\/\/flamtec.es\/wp-content\/uploads\/2022\/08\/quemadores-SC.-8.-LM-sc16-LM.jpg\",\"contentUrl\":\"https:\/\/flamtec.es\/wp-content\/uploads\/2022\/08\/quemadores-SC.-8.-LM-sc16-LM.jpg\",\"width\":1000,\"height\":1000},{\"@type\":\"BreadcrumbList\",\"@id\":\"https:\/\/flamtec.es\/fr\/produit\/sc-10-3-lm-quemador-monobloc-modulante-de-gasoleo-gama\/#breadcrumb\",\"itemListElement\":[{\"@type\":\"ListItem\",\"position\":1,\"name\":\"Portada\",\"item\":\"https:\/\/flamtec.es\/\"},{\"@type\":\"ListItem\",\"position\":2,\"name\":\"Productos\",\"item\":\"https:\/\/flamtec.es\/en\/productos\/\"},{\"@type\":\"ListItem\",\"position\":3,\"name\":\"SC 10.3 LM Quemador MONOBLOC modulante de gas\u00f3leo GAMA\"}]},{\"@type\":\"WebSite\",\"@id\":\"https:\/\/flamtec.es\/en\/#website\",\"url\":\"https:\/\/flamtec.es\/en\/\",\"name\":\"Flamtec Combusti\u00f3n Ib\u00e9rica\",\"description\":\"Tecnolog\u00eda de la Combusti\u00f3n\",\"publisher\":{\"@id\":\"https:\/\/flamtec.es\/en\/#organization\"},\"alternateName\":\"Flamtec\",\"potentialAction\":[{\"@type\":\"SearchAction\",\"target\":{\"@type\":\"EntryPoint\",\"urlTemplate\":\"https:\/\/flamtec.es\/en\/?s={search_term_string}\"},\"query-input\":{\"@type\":\"PropertyValueSpecification\",\"valueRequired\":true,\"valueName\":\"search_term_string\"}}],\"inLanguage\":\"en-US\"},{\"@type\":\"Organization\",\"@id\":\"https:\/\/flamtec.es\/en\/#organization\",\"name\":\"Flamtec Combusti\u00f3n Ib\u00e9rica\",\"alternateName\":\"Flamtec\",\"url\":\"https:\/\/flamtec.es\/en\/\",\"logo\":{\"@type\":\"ImageObject\",\"inLanguage\":\"en-US\",\"@id\":\"https:\/\/flamtec.es\/en\/#\/schema\/logo\/image\/\",\"url\":\"https:\/\/flamtec.es\/wp-content\/uploads\/2022\/12\/Logo-rgb.svg\",\"contentUrl\":\"https:\/\/flamtec.es\/wp-content\/uploads\/2022\/12\/Logo-rgb.svg\",\"width\":288,\"height\":202,\"caption\":\"Flamtec Combusti\u00f3n Ib\u00e9rica\"},\"image\":{\"@id\":\"https:\/\/flamtec.es\/en\/#\/schema\/logo\/image\/\"}}]}<\/script>\n<meta property=\"product:price:currency\" content=\"EUR\" \/>\n<meta property=\"og:availability\" content=\"instock\" \/>\n<meta property=\"product:availability\" content=\"instock\" \/>\n<meta property=\"product:condition\" content=\"new\" \/>\n<!-- \/ Yoast SEO Premium plugin. -->","yoast_head_json":{"title":"SC 10.3 LM Quemador MONOBLOC modulante de gas\u00f3leo GAMA - Flamtec","robots":{"index":"index","follow":"follow","max-snippet":"max-snippet:-1","max-image-preview":"max-image-preview:large","max-video-preview":"max-video-preview:-1"},"canonical":"https:\/\/flamtec.es\/en\/produit\/sc-10-3-lm-quemador-monobloc-modulante-de-gasoleo-gama\/","og_locale":"en_US","og_type":"article","og_title":"SC 10.3 LM Quemador MONOBLOC modulante de gas\u00f3leo GAMA","og_description":"Quemadores monobloc con envolvente y cabezal de combusti\u00f3n de acero de alta temperatura. Se pueden utilizar los siguientes combustibles: Aceite ligero, viscosidad 6 mm2\/s a 20\u00b0C, PCI11,86 kWh\/kg Es adecuado para vapor, caldera de agua caliente, hornos, secadores, generadores de aceite t\u00e9rmico, etc. Cuadro el\u00e9ctrico integrado se puede personalizar cada quemador a las necesidades de [&hellip;]","og_url":"https:\/\/flamtec.es\/en\/produit\/sc-10-3-lm-quemador-monobloc-modulante-de-gasoleo-gama\/","og_site_name":"Flamtec","article_modified_time":"2023-10-28T16:40:00+00:00","og_image":[{"width":1000,"height":1000,"url":"https:\/\/flamtec.es\/wp-content\/uploads\/2022\/08\/quemadores-SC.-8.-LM-sc16-LM.jpg","type":"image\/jpeg"}],"twitter_card":"summary_large_image","twitter_misc":{"Price":"","Availability":"In stock"},"schema":{"@context":"https:\/\/schema.org","@graph":[{"@type":"WebPage","@id":"https:\/\/flamtec.es\/fr\/produit\/sc-10-3-lm-quemador-monobloc-modulante-de-gasoleo-gama\/","url":"https:\/\/flamtec.es\/fr\/produit\/sc-10-3-lm-quemador-monobloc-modulante-de-gasoleo-gama\/","name":"SC 10.3 LM Quemador MONOBLOC modulante de gas\u00f3leo GAMA - Flamtec","isPartOf":{"@id":"https:\/\/flamtec.es\/en\/#website"},"primaryImageOfPage":{"@id":"https:\/\/flamtec.es\/fr\/produit\/sc-10-3-lm-quemador-monobloc-modulante-de-gasoleo-gama\/#primaryimage"},"image":{"@id":"https:\/\/flamtec.es\/fr\/produit\/sc-10-3-lm-quemador-monobloc-modulante-de-gasoleo-gama\/#primaryimage"},"thumbnailUrl":"https:\/\/flamtec.es\/wp-content\/uploads\/2022\/08\/quemadores-SC.-8.-LM-sc16-LM.jpg","datePublished":"2022-08-12T00:16:10+00:00","dateModified":"2023-10-28T16:40:00+00:00","breadcrumb":{"@id":"https:\/\/flamtec.es\/fr\/produit\/sc-10-3-lm-quemador-monobloc-modulante-de-gasoleo-gama\/#breadcrumb"},"inLanguage":"en-US","potentialAction":[{"@type":"ReadAction","target":["https:\/\/flamtec.es\/fr\/produit\/sc-10-3-lm-quemador-monobloc-modulante-de-gasoleo-gama\/"]}]},{"@type":"ImageObject","inLanguage":"en-US","@id":"https:\/\/flamtec.es\/fr\/produit\/sc-10-3-lm-quemador-monobloc-modulante-de-gasoleo-gama\/#primaryimage","url":"https:\/\/flamtec.es\/wp-content\/uploads\/2022\/08\/quemadores-SC.-8.-LM-sc16-LM.jpg","contentUrl":"https:\/\/flamtec.es\/wp-content\/uploads\/2022\/08\/quemadores-SC.-8.-LM-sc16-LM.jpg","width":1000,"height":1000},{"@type":"BreadcrumbList","@id":"https:\/\/flamtec.es\/fr\/produit\/sc-10-3-lm-quemador-monobloc-modulante-de-gasoleo-gama\/#breadcrumb","itemListElement":[{"@type":"ListItem","position":1,"name":"Portada","item":"https:\/\/flamtec.es\/"},{"@type":"ListItem","position":2,"name":"Productos","item":"https:\/\/flamtec.es\/en\/productos\/"},{"@type":"ListItem","position":3,"name":"SC 10.3 LM Quemador MONOBLOC modulante de gas\u00f3leo GAMA"}]},{"@type":"WebSite","@id":"https:\/\/flamtec.es\/en\/#website","url":"https:\/\/flamtec.es\/en\/","name":"Flamtec Combusti\u00f3n Ib\u00e9rica","description":"Tecnolog\u00eda de la Combusti\u00f3n","publisher":{"@id":"https:\/\/flamtec.es\/en\/#organization"},"alternateName":"Flamtec","potentialAction":[{"@type":"SearchAction","target":{"@type":"EntryPoint","urlTemplate":"https:\/\/flamtec.es\/en\/?s={search_term_string}"},"query-input":{"@type":"PropertyValueSpecification","valueRequired":true,"valueName":"search_term_string"}}],"inLanguage":"en-US"},{"@type":"Organization","@id":"https:\/\/flamtec.es\/en\/#organization","name":"Flamtec Combusti\u00f3n Ib\u00e9rica","alternateName":"Flamtec","url":"https:\/\/flamtec.es\/en\/","logo":{"@type":"ImageObject","inLanguage":"en-US","@id":"https:\/\/flamtec.es\/en\/#\/schema\/logo\/image\/","url":"https:\/\/flamtec.es\/wp-content\/uploads\/2022\/12\/Logo-rgb.svg","contentUrl":"https:\/\/flamtec.es\/wp-content\/uploads\/2022\/12\/Logo-rgb.svg","width":288,"height":202,"caption":"Flamtec Combusti\u00f3n Ib\u00e9rica"},"image":{"@id":"https:\/\/flamtec.es\/en\/#\/schema\/logo\/image\/"}}]},"product_price_currency":"EUR","og_availability":"instock","product_availability":"instock","product_condition":"new"},"_links":{"self":[{"href":"https:\/\/flamtec.es\/en\/wp-json\/wp\/v2\/product\/453","targetHints":{"allow":["GET"]}}],"collection":[{"href":"https:\/\/flamtec.es\/en\/wp-json\/wp\/v2\/product"}],"about":[{"href":"https:\/\/flamtec.es\/en\/wp-json\/wp\/v2\/types\/product"}],"replies":[{"embeddable":true,"href":"https:\/\/flamtec.es\/en\/wp-json\/wp\/v2\/comments?post=453"}],"wp:featuredmedia":[{"embeddable":true,"href":"https:\/\/flamtec.es\/en\/wp-json\/wp\/v2\/media\/813"}],"wp:attachment":[{"href":"https:\/\/flamtec.es\/en\/wp-json\/wp\/v2\/media?parent=453"}],"wp:term":[{"taxonomy":"product_brand","embeddable":true,"href":"https:\/\/flamtec.es\/en\/wp-json\/wp\/v2\/product_brand?post=453"},{"taxonomy":"product_cat","embeddable":true,"href":"https:\/\/flamtec.es\/en\/wp-json\/wp\/v2\/product_cat?post=453"},{"taxonomy":"product_tag","embeddable":true,"href":"https:\/\/flamtec.es\/en\/wp-json\/wp\/v2\/product_tag?post=453"}],"curies":[{"name":"wp","href":"https:\/\/api.w.org\/{rel}","templated":true}]}}