{"id":215,"date":"2022-07-01T20:04:23","date_gmt":"2022-07-01T20:04:23","guid":{"rendered":"https:\/\/flamtec.es\/?post_type=product&#038;p=215"},"modified":"2025-03-25T08:43:42","modified_gmt":"2025-03-25T08:43:42","slug":"dsc-16-1-gme-quemador-duobloc-modulante-electronico-de-gas-epsylon","status":"publish","type":"product","link":"https:\/\/flamtec.es\/en\/product\/dsc-16-1-gme-quemador-duobloc-modulante-electronico-de-gas-epsylon\/","title":{"rendered":"DSC 16.1 GM Epsylon duobloc electronic modulating gas burner"},"content":{"rendered":"<p class=\"p1\"><strong><span class=\"s1\">It can use natural gas, propane, biogas, hydrogen, etc.<\/span><\/strong><\/p>\n<ul>\n<li><span class=\"s1\">Suitable for steam boilers, hot water boilers, furnaces, dryers, thermal oil generators, etc.<\/span><\/li>\n<li><span class=\"s1\">The flame can be adjusted to the combustion chamber.<\/span><\/li>\n<li><span class=\"s1\">The combustion head, blower, control panel, gas train can be selected according to the <\/span><span class=\"s1\">specific circumstances of each installation.<\/span><\/li>\n<li><span class=\"s1\">The modulation ratio is 1\/7 and is really advantageous according to our competitors.<\/span><\/li>\n<li><span class=\"s1\">With UV sensor, flame monitoring is easy and reliable.<\/span><\/li>\n<li><span class=\"s1\">For the installation of several cascaded generators, a special type of sensor is used.<\/span><\/li>\n<li><span class=\"s1\">Possibility to heat and use the preheated combustion air, thus obtaining energy savings by <\/span><span class=\"s1\">increase combustion efficiency through the economizer used in the system.<\/span><\/li>\n<li><span class=\"s1\">Provides flame control at each point between minimum and maximum power.<\/span><\/li>\n<li><span class=\"s1\">It has the feature of compatible operation in different combustion chambers.<\/span><\/li>\n<li><span class=\"s1\">Minimizes the amount of emissions, especially of nitrous oxide gas (NOx), obtaining an optimal <\/span><span class=\"s1\">fuel-air mixture thanks to the special design of the combustion head.<\/span><\/li>\n<li><span class=\"s1\">Thanks to its compact dimensions, it provides easy installation and operating conditions in the most demanding environments. <\/span><span class=\"s1\">narrow areas.<\/span><\/li>\n<li><span class=\"s1\">The incorporation of a high-pressure fan allows working in combustion chambers with high <\/span><span class=\"s1\">consideration.<\/span><\/li>\n<li><span class=\"s1\">Easy to mount the gas train to the burner.<\/span><\/li>\n<li><span class=\"s1\">Possibility to select the premixing head as Low NOx burner.<\/span><\/li>\n<li><span class=\"s1\">Standard protection IP 54 mechanical parts.<\/span><\/li>\n<li><span class=\"s1\">On request, possibility of IP 65 protection.<\/span><\/li>\n<li><span class=\"s1\">Optional internal or external flue gas recirculation to reduce NOx emissions.<\/span><\/li>\n<li><span class=\"s1\">Includes all wiring, burner management system and power supply.<\/span><\/li>\n<li><span class=\"s1\">It includes the leak tightness control.<br \/>\n<\/span><\/li>\n<\/ul>\n<p class=\"p1\"><span class=\"s1\"><strong>Conformity with the following directives:<\/strong><\/span><\/p>\n<p><span class=\"s1\"><strong><span style=\"color: #f18519;\">-<\/span><\/strong> 89\/336 (2004\/108) EEC<br \/>\n<\/span><span class=\"s1\"><strong><span style=\"color: #f18519;\">-<\/span><\/strong> 73\/23\/EEC<br \/>\n<\/span><span class=\"s1\"><strong><span style=\"color: #f18519;\">- <\/span><\/strong>98\/37\/EEC<br \/>\n<\/span><span class=\"s1\"><strong><span style=\"color: #f18519;\">- <\/span><\/strong>90\/396\/EEC<br \/>\n<\/span><span class=\"s1\"><strong><span style=\"color: #f18519;\">- <\/span><\/strong>EN 676<\/span><span class=\"s1\">\u00a0<\/span><\/p>\n<p class=\"p1\"><strong><span class=\"s1\">OPTIONS<\/span><\/strong><\/p>\n<ul>\n<li class=\"p1\">Continuous O2 analyzer to provide extra efficiency.<\/li>\n<li class=\"p1\">Continuous CO analyzer for a sensitive control system.<\/li>\n<li class=\"p1\">Variable speed drive (inverter) to extend product life.<\/li>\n<li class=\"p1\">IP 65 protection on request.<\/li>\n<li class=\"p1\">Possibility to select the premixing head for low NOx.<\/li>\n<li class=\"p1\">Internal or external recirculation of combustion gases for low emissions.<\/li>\n<li class=\"p1\">Simultaneous combustion.<\/li>\n<li class=\"p1\">Soundproof fan.<\/li>\n<\/ul>","protected":false},"excerpt":{"rendered":"<p>Can use natural gas, propane, biogas, hydrogen, etc. Suitable for steam boiler, hot water, furnaces, ovens, dryers, thermal oil generators etc. The flame can be adjusted to the combustion chamber. The combustion head, fan, control panel, gas train can be selected according to the specific circumstances of each installation. The ratio [...]<\/p>","protected":false},"featured_media":832,"comment_status":"open","ping_status":"closed","template":"","meta":{"_acf_changed":false,"site-sidebar-layout":"default","site-content-layout":"default","ast-site-content-layout":"default","site-content-style":"default","site-sidebar-style":"default","ast-global-header-display":"","ast-banner-title-visibility":"","ast-main-header-display":"","ast-hfb-above-header-display":"","ast-hfb-below-header-display":"","ast-hfb-mobile-header-display":"","site-post-title":"","ast-breadcrumbs-content":"","ast-featured-img":"","footer-sml-layout":"","ast-disable-related-posts":"","theme-transparent-header-meta":"default","adv-header-id-meta":"","stick-header-meta":"","header-above-stick-meta":"","header-main-stick-meta":"","header-below-stick-meta":"","astra-migrate-meta-layouts":"set","ast-page-background-enabled":"default","ast-page-background-meta":{"desktop":{"background-color":"var(--ast-global-color-4)","background-image":"","background-repeat":"repeat","background-position":"center center","background-size":"auto","background-attachment":"scroll","background-type":"","background-media":"","overlay-type":"","overlay-color":"","overlay-opacity":"","overlay-gradient":""},"tablet":{"background-color":"","background-image":"","background-repeat":"repeat","background-position":"center center","background-size":"auto","background-attachment":"scroll","background-type":"","background-media":"","overlay-type":"","overlay-color":"","overlay-opacity":"","overlay-gradient":""},"mobile":{"background-color":"","background-image":"","background-repeat":"repeat","background-position":"center center","background-size":"auto","background-attachment":"scroll","background-type":"","background-media":"","overlay-type":"","overlay-color":"","overlay-opacity":"","overlay-gradient":""}},"ast-content-background-meta":{"desktop":{"background-color":"var(--ast-global-color-5)","background-image":"","background-repeat":"repeat","background-position":"center center","background-size":"auto","background-attachment":"scroll","background-type":"","background-media":"","overlay-type":"","overlay-color":"","overlay-opacity":"","overlay-gradient":""},"tablet":{"background-color":"var(--ast-global-color-5)","background-image":"","background-repeat":"repeat","background-position":"center center","background-size":"auto","background-attachment":"scroll","background-type":"","background-media":"","overlay-type":"","overlay-color":"","overlay-opacity":"","overlay-gradient":""},"mobile":{"background-color":"var(--ast-global-color-5)","background-image":"","background-repeat":"repeat","background-position":"center center","background-size":"auto","background-attachment":"scroll","background-type":"","background-media":"","overlay-type":"","overlay-color":"","overlay-opacity":"","overlay-gradient":""}}},"product_brand":[],"product_cat":[22],"product_tag":[],"class_list":{"0":"post-215","1":"product","2":"type-product","3":"status-publish","4":"has-post-thumbnail","6":"product_cat-quemadores-de-gas","7":"desktop-align-left","8":"tablet-align-left","9":"mobile-align-left","11":"first","12":"instock","13":"taxable","14":"shipping-taxable","15":"product-type-simple"},"acf":[],"yoast_head":"<!-- This site is optimized with the Yoast SEO Premium plugin v27.2 (Yoast SEO v27.2) - https:\/\/yoast.com\/product\/yoast-seo-premium-wordpress\/ -->\n<title>DSC 16.1 GM Quemador duobloc modulante electr\u00f3nico de gas Epsylon - Flamtec<\/title>\n<meta name=\"robots\" content=\"index, follow, max-snippet:-1, max-image-preview:large, max-video-preview:-1\" \/>\n<link rel=\"canonical\" href=\"https:\/\/flamtec.es\/en\/produit\/dsc-16-1-gme-quemador-duobloc-modulante-electronico-de-gas-epsylon\/\" \/>\n<meta property=\"og:locale\" content=\"en_US\" \/>\n<meta property=\"og:type\" content=\"article\" \/>\n<meta property=\"og:title\" content=\"DSC 16.1 GM Quemador duobloc modulante electr\u00f3nico de gas Epsylon\" \/>\n<meta property=\"og:description\" content=\"Puede utilizar gas natural, propano, biog\u00e1s, hidr\u00f3geno, etc. Adecuado para caldera de vapor, agua caliente, hornos, secadores, generadores de aceite t\u00e9rmico etc. La llama puede ajustarse a la c\u00e1mara de combusti\u00f3n. Puede seleccionarse el cabezal de combusti\u00f3n, ventilador, panel de control, tren de gas de acuerdo a las circunstancias espec\u00edficas de cada instalaci\u00f3n. La relaci\u00f3n [&hellip;]\" \/>\n<meta property=\"og:url\" content=\"https:\/\/flamtec.es\/en\/produit\/dsc-16-1-gme-quemador-duobloc-modulante-electronico-de-gas-epsylon\/\" \/>\n<meta property=\"og:site_name\" content=\"Flamtec\" \/>\n<meta property=\"article:modified_time\" content=\"2025-03-25T08:43:42+00:00\" \/>\n<meta property=\"og:image\" content=\"https:\/\/flamtec.es\/wp-content\/uploads\/2022\/07\/2-ft.jpg\" \/>\n\t<meta property=\"og:image:width\" content=\"1000\" \/>\n\t<meta property=\"og:image:height\" content=\"1000\" \/>\n\t<meta property=\"og:image:type\" content=\"image\/jpeg\" \/>\n<meta name=\"twitter:card\" content=\"summary_large_image\" \/>\n<meta name=\"twitter:label1\" content=\"Price\" \/>\n\t<meta name=\"twitter:data1\" content=\"\" \/>\n\t<meta name=\"twitter:label2\" content=\"Availability\" \/>\n\t<meta name=\"twitter:data2\" content=\"In stock\" \/>\n<script type=\"application\/ld+json\" class=\"yoast-schema-graph\">{\"@context\":\"https:\/\/schema.org\",\"@graph\":[{\"@type\":\"WebPage\",\"@id\":\"https:\/\/flamtec.es\/fr\/produit\/dsc-16-1-gme-quemador-duobloc-modulante-electronico-de-gas-epsylon\/\",\"url\":\"https:\/\/flamtec.es\/fr\/produit\/dsc-16-1-gme-quemador-duobloc-modulante-electronico-de-gas-epsylon\/\",\"name\":\"DSC 16.1 GM Quemador duobloc modulante electr\u00f3nico de gas Epsylon - Flamtec\",\"isPartOf\":{\"@id\":\"https:\/\/flamtec.es\/en\/#website\"},\"primaryImageOfPage\":{\"@id\":\"https:\/\/flamtec.es\/fr\/produit\/dsc-16-1-gme-quemador-duobloc-modulante-electronico-de-gas-epsylon\/#primaryimage\"},\"image\":{\"@id\":\"https:\/\/flamtec.es\/fr\/produit\/dsc-16-1-gme-quemador-duobloc-modulante-electronico-de-gas-epsylon\/#primaryimage\"},\"thumbnailUrl\":\"https:\/\/flamtec.es\/wp-content\/uploads\/2022\/07\/2-ft.jpg\",\"datePublished\":\"2022-07-01T20:04:23+00:00\",\"dateModified\":\"2025-03-25T08:43:42+00:00\",\"breadcrumb\":{\"@id\":\"https:\/\/flamtec.es\/fr\/produit\/dsc-16-1-gme-quemador-duobloc-modulante-electronico-de-gas-epsylon\/#breadcrumb\"},\"inLanguage\":\"en-US\",\"potentialAction\":[{\"@type\":\"ReadAction\",\"target\":[\"https:\/\/flamtec.es\/fr\/produit\/dsc-16-1-gme-quemador-duobloc-modulante-electronico-de-gas-epsylon\/\"]}]},{\"@type\":\"ImageObject\",\"inLanguage\":\"en-US\",\"@id\":\"https:\/\/flamtec.es\/fr\/produit\/dsc-16-1-gme-quemador-duobloc-modulante-electronico-de-gas-epsylon\/#primaryimage\",\"url\":\"https:\/\/flamtec.es\/wp-content\/uploads\/2022\/07\/2-ft.jpg\",\"contentUrl\":\"https:\/\/flamtec.es\/wp-content\/uploads\/2022\/07\/2-ft.jpg\",\"width\":1000,\"height\":1000},{\"@type\":\"BreadcrumbList\",\"@id\":\"https:\/\/flamtec.es\/fr\/produit\/dsc-16-1-gme-quemador-duobloc-modulante-electronico-de-gas-epsylon\/#breadcrumb\",\"itemListElement\":[{\"@type\":\"ListItem\",\"position\":1,\"name\":\"Portada\",\"item\":\"https:\/\/flamtec.es\/\"},{\"@type\":\"ListItem\",\"position\":2,\"name\":\"Productos\",\"item\":\"https:\/\/flamtec.es\/en\/productos\/\"},{\"@type\":\"ListItem\",\"position\":3,\"name\":\"DSC 16.1 GM Quemador duobloc modulante electr\u00f3nico de gas Epsylon\"}]},{\"@type\":\"WebSite\",\"@id\":\"https:\/\/flamtec.es\/en\/#website\",\"url\":\"https:\/\/flamtec.es\/en\/\",\"name\":\"Flamtec Combusti\u00f3n Ib\u00e9rica\",\"description\":\"Tecnolog\u00eda de la Combusti\u00f3n\",\"publisher\":{\"@id\":\"https:\/\/flamtec.es\/en\/#organization\"},\"alternateName\":\"Flamtec\",\"potentialAction\":[{\"@type\":\"SearchAction\",\"target\":{\"@type\":\"EntryPoint\",\"urlTemplate\":\"https:\/\/flamtec.es\/en\/?s={search_term_string}\"},\"query-input\":{\"@type\":\"PropertyValueSpecification\",\"valueRequired\":true,\"valueName\":\"search_term_string\"}}],\"inLanguage\":\"en-US\"},{\"@type\":\"Organization\",\"@id\":\"https:\/\/flamtec.es\/en\/#organization\",\"name\":\"Flamtec Combusti\u00f3n Ib\u00e9rica\",\"alternateName\":\"Flamtec\",\"url\":\"https:\/\/flamtec.es\/en\/\",\"logo\":{\"@type\":\"ImageObject\",\"inLanguage\":\"en-US\",\"@id\":\"https:\/\/flamtec.es\/en\/#\/schema\/logo\/image\/\",\"url\":\"https:\/\/flamtec.es\/wp-content\/uploads\/2022\/12\/Logo-rgb.svg\",\"contentUrl\":\"https:\/\/flamtec.es\/wp-content\/uploads\/2022\/12\/Logo-rgb.svg\",\"width\":288,\"height\":202,\"caption\":\"Flamtec Combusti\u00f3n Ib\u00e9rica\"},\"image\":{\"@id\":\"https:\/\/flamtec.es\/en\/#\/schema\/logo\/image\/\"}}]}<\/script>\n<meta property=\"product:price:currency\" content=\"EUR\" \/>\n<meta property=\"og:availability\" content=\"instock\" \/>\n<meta property=\"product:availability\" content=\"instock\" \/>\n<meta property=\"product:condition\" content=\"new\" \/>\n<!-- \/ Yoast SEO Premium plugin. -->","yoast_head_json":{"title":"DSC 16.1 GM Quemador duobloc modulante electr\u00f3nico de gas Epsylon - Flamtec","robots":{"index":"index","follow":"follow","max-snippet":"max-snippet:-1","max-image-preview":"max-image-preview:large","max-video-preview":"max-video-preview:-1"},"canonical":"https:\/\/flamtec.es\/en\/produit\/dsc-16-1-gme-quemador-duobloc-modulante-electronico-de-gas-epsylon\/","og_locale":"en_US","og_type":"article","og_title":"DSC 16.1 GM Quemador duobloc modulante electr\u00f3nico de gas Epsylon","og_description":"Puede utilizar gas natural, propano, biog\u00e1s, hidr\u00f3geno, etc. Adecuado para caldera de vapor, agua caliente, hornos, secadores, generadores de aceite t\u00e9rmico etc. La llama puede ajustarse a la c\u00e1mara de combusti\u00f3n. Puede seleccionarse el cabezal de combusti\u00f3n, ventilador, panel de control, tren de gas de acuerdo a las circunstancias espec\u00edficas de cada instalaci\u00f3n. La relaci\u00f3n [&hellip;]","og_url":"https:\/\/flamtec.es\/en\/produit\/dsc-16-1-gme-quemador-duobloc-modulante-electronico-de-gas-epsylon\/","og_site_name":"Flamtec","article_modified_time":"2025-03-25T08:43:42+00:00","og_image":[{"width":1000,"height":1000,"url":"https:\/\/flamtec.es\/wp-content\/uploads\/2022\/07\/2-ft.jpg","type":"image\/jpeg"}],"twitter_card":"summary_large_image","twitter_misc":{"Price":"","Availability":"In stock"},"schema":{"@context":"https:\/\/schema.org","@graph":[{"@type":"WebPage","@id":"https:\/\/flamtec.es\/fr\/produit\/dsc-16-1-gme-quemador-duobloc-modulante-electronico-de-gas-epsylon\/","url":"https:\/\/flamtec.es\/fr\/produit\/dsc-16-1-gme-quemador-duobloc-modulante-electronico-de-gas-epsylon\/","name":"DSC 16.1 GM Quemador duobloc modulante electr\u00f3nico de gas Epsylon - Flamtec","isPartOf":{"@id":"https:\/\/flamtec.es\/en\/#website"},"primaryImageOfPage":{"@id":"https:\/\/flamtec.es\/fr\/produit\/dsc-16-1-gme-quemador-duobloc-modulante-electronico-de-gas-epsylon\/#primaryimage"},"image":{"@id":"https:\/\/flamtec.es\/fr\/produit\/dsc-16-1-gme-quemador-duobloc-modulante-electronico-de-gas-epsylon\/#primaryimage"},"thumbnailUrl":"https:\/\/flamtec.es\/wp-content\/uploads\/2022\/07\/2-ft.jpg","datePublished":"2022-07-01T20:04:23+00:00","dateModified":"2025-03-25T08:43:42+00:00","breadcrumb":{"@id":"https:\/\/flamtec.es\/fr\/produit\/dsc-16-1-gme-quemador-duobloc-modulante-electronico-de-gas-epsylon\/#breadcrumb"},"inLanguage":"en-US","potentialAction":[{"@type":"ReadAction","target":["https:\/\/flamtec.es\/fr\/produit\/dsc-16-1-gme-quemador-duobloc-modulante-electronico-de-gas-epsylon\/"]}]},{"@type":"ImageObject","inLanguage":"en-US","@id":"https:\/\/flamtec.es\/fr\/produit\/dsc-16-1-gme-quemador-duobloc-modulante-electronico-de-gas-epsylon\/#primaryimage","url":"https:\/\/flamtec.es\/wp-content\/uploads\/2022\/07\/2-ft.jpg","contentUrl":"https:\/\/flamtec.es\/wp-content\/uploads\/2022\/07\/2-ft.jpg","width":1000,"height":1000},{"@type":"BreadcrumbList","@id":"https:\/\/flamtec.es\/fr\/produit\/dsc-16-1-gme-quemador-duobloc-modulante-electronico-de-gas-epsylon\/#breadcrumb","itemListElement":[{"@type":"ListItem","position":1,"name":"Portada","item":"https:\/\/flamtec.es\/"},{"@type":"ListItem","position":2,"name":"Productos","item":"https:\/\/flamtec.es\/en\/productos\/"},{"@type":"ListItem","position":3,"name":"DSC 16.1 GM Quemador duobloc modulante electr\u00f3nico de gas Epsylon"}]},{"@type":"WebSite","@id":"https:\/\/flamtec.es\/en\/#website","url":"https:\/\/flamtec.es\/en\/","name":"Flamtec Combusti\u00f3n Ib\u00e9rica","description":"Tecnolog\u00eda de la Combusti\u00f3n","publisher":{"@id":"https:\/\/flamtec.es\/en\/#organization"},"alternateName":"Flamtec","potentialAction":[{"@type":"SearchAction","target":{"@type":"EntryPoint","urlTemplate":"https:\/\/flamtec.es\/en\/?s={search_term_string}"},"query-input":{"@type":"PropertyValueSpecification","valueRequired":true,"valueName":"search_term_string"}}],"inLanguage":"en-US"},{"@type":"Organization","@id":"https:\/\/flamtec.es\/en\/#organization","name":"Flamtec Combusti\u00f3n Ib\u00e9rica","alternateName":"Flamtec","url":"https:\/\/flamtec.es\/en\/","logo":{"@type":"ImageObject","inLanguage":"en-US","@id":"https:\/\/flamtec.es\/en\/#\/schema\/logo\/image\/","url":"https:\/\/flamtec.es\/wp-content\/uploads\/2022\/12\/Logo-rgb.svg","contentUrl":"https:\/\/flamtec.es\/wp-content\/uploads\/2022\/12\/Logo-rgb.svg","width":288,"height":202,"caption":"Flamtec Combusti\u00f3n Ib\u00e9rica"},"image":{"@id":"https:\/\/flamtec.es\/en\/#\/schema\/logo\/image\/"}}]},"product_price_currency":"EUR","og_availability":"instock","product_availability":"instock","product_condition":"new"},"_links":{"self":[{"href":"https:\/\/flamtec.es\/en\/wp-json\/wp\/v2\/product\/215","targetHints":{"allow":["GET"]}}],"collection":[{"href":"https:\/\/flamtec.es\/en\/wp-json\/wp\/v2\/product"}],"about":[{"href":"https:\/\/flamtec.es\/en\/wp-json\/wp\/v2\/types\/product"}],"replies":[{"embeddable":true,"href":"https:\/\/flamtec.es\/en\/wp-json\/wp\/v2\/comments?post=215"}],"wp:featuredmedia":[{"embeddable":true,"href":"https:\/\/flamtec.es\/en\/wp-json\/wp\/v2\/media\/832"}],"wp:attachment":[{"href":"https:\/\/flamtec.es\/en\/wp-json\/wp\/v2\/media?parent=215"}],"wp:term":[{"taxonomy":"product_brand","embeddable":true,"href":"https:\/\/flamtec.es\/en\/wp-json\/wp\/v2\/product_brand?post=215"},{"taxonomy":"product_cat","embeddable":true,"href":"https:\/\/flamtec.es\/en\/wp-json\/wp\/v2\/product_cat?post=215"},{"taxonomy":"product_tag","embeddable":true,"href":"https:\/\/flamtec.es\/en\/wp-json\/wp\/v2\/product_tag?post=215"}],"curies":[{"name":"wp","href":"https:\/\/api.w.org\/{rel}","templated":true}]}}